{"id":686995,"date":"2025-12-18T18:25:22","date_gmt":"2025-12-18T15:25:22","guid":{"rendered":"https:\/\/nbg.eu\/product\/camera-thermique-nocpix-bolt-l35r\/"},"modified":"2026-02-27T15:50:53","modified_gmt":"2026-02-27T12:50:53","slug":"camera-thermique-nocpix-bolt-l35r","status":"publish","type":"product","link":"https:\/\/nbg.eu\/fr\/produit\/camera-thermique-nocpix-bolt-l35r\/","title":{"rendered":"Cam\u00e9ra thermique Nocpix Bolt L35R"},"content":{"rendered":"<h2>Le d\u00e9part parfait pour votre chasse nocturne : Cam\u00e9ra thermique Nocpix Bolt L35R<\/h2>\n<p>Con\u00e7u pour les d\u00e9butants qui veulent la clart\u00e9, la commodit\u00e9 tout-en-un et la confiance d\u00e8s le premier jour, le BOLT Nocpix combine une imagerie thermique pr\u00e9cise, un t\u00e9l\u00e9m\u00e8tre int\u00e9gr\u00e9 et des outils balistiques intelligents dans un design compact et facile \u00e0 utiliser &#8211; donnant aux nouveaux chasseurs exactement ce dont ils ont besoin pour chasser intelligemment et tirer avec confiance.<\/p>\n<h2>Voir clairement, identifier avec pr\u00e9cision<\/h2>\n<p>Les images floues et les cibles difficiles \u00e0 voir sont un probl\u00e8me courant pour les nouveaux utilisateurs de jumelles \u00e0 imagerie thermique, surtout dans l&rsquo;obscurit\u00e9. C&rsquo;est pourquoi le BOLT est \u00e9quip\u00e9 d&rsquo;un capteur thermique auto-d\u00e9velopp\u00e9 avec un NETD \u226420mK et un taux de cadrage \u00e9lev\u00e9 de 50Hz, vous offrant des images fluides et haute r\u00e9solution m\u00eame dans des conditions difficiles. Aliment\u00e9 par notre algorithme d&rsquo;imagerie Reality+, le BOLT perce la brume, les buissons et l&rsquo;obscurit\u00e9 pour vous offrir des images nettes et une identification fiable des cibles.<\/p>\n<h2>Restez l\u00e9ger, restez concentr\u00e9<\/h2>\n<p>En tant que nouveau chasseur, surtout quand vous vous habituez encore \u00e0 vous d\u00e9placer silencieusement et \u00e0 rester concentr\u00e9. C&rsquo;est pourquoi le Nocpix BOLT garde les choses simples. Ne pesant que 880 grammes et avec un design compact et profil\u00e9, il est facile \u00e0 transporter, \u00e0 monter et \u00e0 utiliser, m\u00eame lors de longues chasses.<\/p>\n<h2>Conna\u00eetre la distance, chasser avec confiance<\/h2>\n<p>Pour les nouveaux chasseurs, juger la distance peut \u00eatre difficile, et les tirs manqu\u00e9s peuvent \u00e9branler leur confiance. Le BOLT supprime le stress du tir avec un t\u00e9l\u00e9m\u00e8tre laser int\u00e9gr\u00e9 de 1 200 m\u00e8tres et un calculateur balistique intelligent. Vous obtenez des lectures de distance pr\u00e9cises et un soutien de pointage instantan\u00e9 qui vous aide \u00e0 toucher chaque cible \u00e0 l&rsquo;endroit qu&rsquo;il faut. D\u00e8s votre premi\u00e8re chasse, le BOLT donne aux d\u00e9butants l&rsquo;avantage dont ils ont besoin pour tirer plus intelligemment et plus r\u00e9guli\u00e8rement.<\/p>\n<h2>Chasser toute la journ\u00e9e sans vous soucier de l&rsquo;autonomie<\/h2>\n<p>Tomber en panne de batterie pendant la chasse est un cauchemar pour tout nouveau chasseur. C&rsquo;est pourquoi le BOLT est con\u00e7u avec un syst\u00e8me de double batterie &#8211; une batterie int\u00e9gr\u00e9e longue dur\u00e9e de 5000 mAh plus une batterie de secours amovible de 18650. Avec une capacit\u00e9 totale de 9000 mAh, vous disposez jusqu&rsquo;\u00e0 12 heures d&rsquo;utilisation continue. Pas de stress, pas d&rsquo;interruption &#8211; juste une autonomie qui vous accompagne, du lever au coucher du soleil.<\/p>\n<h2>\u00c9quipement intelligent, chasse engag\u00e9e<\/h2>\n<p>Pour les d\u00e9butants, s&rsquo;habituer \u00e0 un nouvel \u00e9quipement peut \u00eatre difficile. Le BOLT facilite le processus avec des r\u00e9ticules personnalisables, des param\u00e8tres de tir r\u00e9glables et sept palettes de couleurs pour s&rsquo;adapter \u00e0 diff\u00e9rents environnements. De plus, la connectivit\u00e9 transparente avec l&rsquo;application vous permet de personnaliser votre configuration et de partager vos aventures, rendant chaque chasse non seulement plus intelligente, mais aussi plus amusante et gratifiante.<\/p>\n<h2>Conception robuste, performance fiable<\/h2>\n<p>Quand on commence, la derni\u00e8re chose \u00e0 laquelle on veut penser, c&rsquo;est que son \u00e9quipement se casse sur le terrain. Le BOLT est construit solidement avec un corps en aluminium monobloc et une r\u00e9sistance \u00e0 la poussi\u00e8re et \u00e0 l&rsquo;eau IP67. Il est test\u00e9 pour r\u00e9sister aux chutes et aux reculs \u00e9lev\u00e9s, afin de rester fiable et pr\u00e9cis, quelles que soient les conditions.<\/p>\n","protected":false},"excerpt":{"rendered":"<p>La cam\u00e9ra thermique Nocpix Bolt L35R offre une imagerie thermique nette, un t\u00e9l\u00e9m\u00e8tre int\u00e9gr\u00e9 et des outils balistiques intelligents dans un design compact et facile \u00e0 utiliser pour les nouveaux chasseurs de nuit.<\/p>\n<p>Si l&rsquo;article n&rsquo;est pas disponible, veuillez nous contacter: shop@nbg.eu ou +359896147790<\/p>\n","protected":false},"featured_media":687372,"template":"","meta":{"_acf_changed":false},"product_brand":[14455],"product_cat":[2876],"product_tag":[],"class_list":{"0":"post-686995","1":"product","2":"type-product","3":"status-publish","4":"has-post-thumbnail","6":"product_brand-nocpix","7":"product_cat-rahohvatki","9":"first","10":"instock","11":"taxable","12":"shipping-taxable","13":"purchasable","14":"product-type-simple"},"acf":[],"_links":{"self":[{"href":"https:\/\/nbg.eu\/fr\/wp-json\/wp\/v2\/product\/686995","targetHints":{"allow":["GET"]}}],"collection":[{"href":"https:\/\/nbg.eu\/fr\/wp-json\/wp\/v2\/product"}],"about":[{"href":"https:\/\/nbg.eu\/fr\/wp-json\/wp\/v2\/types\/product"}],"wp:featuredmedia":[{"embeddable":true,"href":"https:\/\/nbg.eu\/fr\/wp-json\/wp\/v2\/media\/687372"}],"wp:attachment":[{"href":"https:\/\/nbg.eu\/fr\/wp-json\/wp\/v2\/media?parent=686995"}],"wp:term":[{"taxonomy":"product_brand","embeddable":true,"href":"https:\/\/nbg.eu\/fr\/wp-json\/wp\/v2\/product_brand?post=686995"},{"taxonomy":"product_cat","embeddable":true,"href":"https:\/\/nbg.eu\/fr\/wp-json\/wp\/v2\/product_cat?post=686995"},{"taxonomy":"product_tag","embeddable":true,"href":"https:\/\/nbg.eu\/fr\/wp-json\/wp\/v2\/product_tag?post=686995"}],"curies":[{"name":"wp","href":"https:\/\/api.w.org\/{rel}","templated":true}]}}