{"id":687697,"date":"2026-01-08T18:14:10","date_gmt":"2026-01-08T15:14:10","guid":{"rendered":"https:\/\/nbg.eu\/product\/monoculaire-thermique-lumi-h35\/"},"modified":"2026-04-14T15:55:32","modified_gmt":"2026-04-14T12:55:32","slug":"monoculaire-thermique-lumi-h35","status":"publish","type":"product","link":"https:\/\/nbg.eu\/fr\/produit\/monoculaire-thermique-lumi-h35\/","title":{"rendered":"Nocpix Monoculaire Thermique LUMI H35"},"content":{"rendered":"<h2>Nocpix LUMI H35 : Votre compagnon indispensable pour toutes les applications<\/h2>\n<p>La s\u00e9rie de monoculaires thermiques LUMI est con\u00e7ue pour une utilisation de jour comme de nuit et vous offre une qualit\u00e9 d&rsquo;image exceptionnelle, m\u00eame dans des conditions m\u00e9t\u00e9orologiques difficiles comme le brouillard, le smog ou la pluie. M\u00eame si des obstacles tels que des branches, de l&rsquo;herbe haute ou un feuillage dense rendent la vision difficile, cette technologie vous permet de toujours voir clairement ce qui se trouve devant vous. Ils sont \u00e9galement si compacts et l\u00e9gers que vous pouvez facilement les transporter partout.<\/p>\n<p>Les cam\u00e9ras thermiques LUMI sont parfaites pour une vari\u00e9t\u00e9 d&rsquo;applications telles que la chasse, la surveillance, la s\u00e9curit\u00e9, l&rsquo;orientation du terrain ou les op\u00e9rations de recherche et de sauvetage.<\/p>\n<h2>Des performances d&rsquo;imagerie imbattables pour des images d&rsquo;une nettet\u00e9 extr\u00eame<\/h2>\n<p>La s\u00e9rie LUMI \u00e9tablit de nouvelles normes en mati\u00e8re de qualit\u00e9 d&rsquo;image. \u00c9quip\u00e9e des algorithmes d&rsquo;imagerie les plus avanc\u00e9s et d&rsquo;un puissant capteur thermique avec NETD &lt; 18 mK, la cam\u00e9ra d\u00e9livre des images d&#039;une nettet\u00e9 et d&#039;un r\u00e9alisme exceptionnels. L&#039;\u00e9cran AMOLED avec une r\u00e9solution de 1024 x 768 pixels assure une pr\u00e9sentation d&#039;image exceptionnelle, tandis que le mode Ultra Clear optimise davantage la clart\u00e9 de l&#039;image, notamment dans des conditions m\u00e9t\u00e9orologiques difficiles.<\/p>\n<h2>Exp\u00e9rience de visualisation personnalis\u00e9e &#8211; personnalisez votre appareil \u00e0 la perfection<\/h2>\n<p>Gr\u00e2ce au grand capteur de 640 x 512 px et \u00e0 une vari\u00e9t\u00e9 d&rsquo;options de r\u00e9glage, vous pouvez ajuster l&rsquo;appareil exactement \u00e0 vos besoins. Choisissez parmi 5 modes de couleur et optimisez votre vision avec 10 niveaux de luminosit\u00e9, de nettet\u00e9 et de contraste &#8211; afin qu&rsquo;aucun d\u00e9tail ne vous \u00e9chappe.<\/p>\n<h2>Partager les exp\u00e9riences est facile avec LUMI<\/h2>\n<p>Pour le chasseur moderne, capturer des moments sp\u00e9ciaux est important. Avec le Nocpix LUMI H35, vous pouvez non seulement partager vos enregistrements de mani\u00e8re pratique via l&rsquo;application, mais \u00e9galement les lire directement sur l&rsquo;appareil &#8211; parfait pour partager instantan\u00e9ment vos exp\u00e9riences avec les autres.<\/p>\n<h2>Utilisation flexible gr\u00e2ce au syst\u00e8me de batterie rempla\u00e7able<\/h2>\n<p>La s\u00e9rie LUMI est \u00e9quip\u00e9e de batteries 18650 standard, vous offrant une flexibilit\u00e9 maximale. Peu importe o\u00f9 vous vous trouvez, avec le chargeur de batterie inclus, vous serez pr\u00eat \u00e0 l&rsquo;action en un rien de temps &#8211; et vous pourrez poursuivre votre mission.<\/p>\n","protected":false},"excerpt":{"rendered":"<p>Nocpix LUMI H35 : votre compagnon indispensable pour toutes les applications. Capteur 640 avec 18 mK, \u00e9cran AMOLED avec 1024 \u00d7 768 pixels, batterie 18650 amovible, port\u00e9e de d\u00e9tection d&rsquo;environ 1800 m\u00e8tres, design compact.<\/p>\n<p>Si l&rsquo;article n&rsquo;est pas disponible, veuillez nous contacter : shop@nbg.eu ou +359896147790<\/p>\n","protected":false},"featured_media":687746,"template":"","meta":{"_acf_changed":false},"product_brand":[14455],"product_cat":[16073,12164],"product_tag":[],"class_list":{"0":"post-687697","1":"product","2":"type-product","3":"status-publish","4":"has-post-thumbnail","6":"product_brand-nocpix","7":"product_cat-monoculars-fr","8":"product_cat-thermique","10":"first","11":"instock","12":"taxable","13":"shipping-taxable","14":"purchasable","15":"product-type-simple"},"acf":[],"_links":{"self":[{"href":"https:\/\/nbg.eu\/fr\/wp-json\/wp\/v2\/product\/687697","targetHints":{"allow":["GET"]}}],"collection":[{"href":"https:\/\/nbg.eu\/fr\/wp-json\/wp\/v2\/product"}],"about":[{"href":"https:\/\/nbg.eu\/fr\/wp-json\/wp\/v2\/types\/product"}],"wp:featuredmedia":[{"embeddable":true,"href":"https:\/\/nbg.eu\/fr\/wp-json\/wp\/v2\/media\/687746"}],"wp:attachment":[{"href":"https:\/\/nbg.eu\/fr\/wp-json\/wp\/v2\/media?parent=687697"}],"wp:term":[{"taxonomy":"product_brand","embeddable":true,"href":"https:\/\/nbg.eu\/fr\/wp-json\/wp\/v2\/product_brand?post=687697"},{"taxonomy":"product_cat","embeddable":true,"href":"https:\/\/nbg.eu\/fr\/wp-json\/wp\/v2\/product_cat?post=687697"},{"taxonomy":"product_tag","embeddable":true,"href":"https:\/\/nbg.eu\/fr\/wp-json\/wp\/v2\/product_tag?post=687697"}],"curies":[{"name":"wp","href":"https:\/\/api.w.org\/{rel}","templated":true}]}}