{"id":687825,"date":"2026-01-08T18:13:58","date_gmt":"2026-01-08T15:13:58","guid":{"rendered":"https:\/\/nbg.eu\/product\/camera-thermique-ace-s60r\/"},"modified":"2026-04-14T15:55:39","modified_gmt":"2026-04-14T12:55:39","slug":"camera-thermique-ace-s60r","status":"publish","type":"product","link":"https:\/\/nbg.eu\/fr\/produit\/camera-thermique-ace-s60r\/","title":{"rendered":"Nocpix Cam\u00e9ra Thermique ACE S60R"},"content":{"rendered":"<h2>Description du produit<\/h2>\n<p>Le Nocpix ACE S60R est un viseur thermique de pointe con\u00e7u pour les chasseurs d&rsquo;\u00e9lite qui exigent des performances optimales dans les environnements les plus difficiles. Gr\u00e2ce \u00e0 sa technologie de pointe et sa construction robuste, ce viseur thermique de premier plan est con\u00e7u pour vous aider \u00e0 r\u00e9gner sur la nuit et \u00e0 ma\u00eetriser la faune. Que vous scanniez des proies \u00e0 longue distance ou que vous suiviez des cibles rapides, l&rsquo;ACE S60R offre une clart\u00e9, une pr\u00e9cision et une fiabilit\u00e9 in\u00e9gal\u00e9es.<\/p>\n<p>Au c\u0153ur de ce viseur extraordinaire se trouve un capteur thermique HD de 2e g\u00e9n\u00e9ration avec une r\u00e9solution impressionnante de 1280&#215;1024 et une sensibilit\u00e9 thermique (NETD) ultra-faible de \u226415mK. Ce capteur de nouvelle g\u00e9n\u00e9ration permet \u00e0 l&rsquo;ACE S60R de d\u00e9tecter les moindres variations de temp\u00e9rature, fournissant des images thermiques claires et d\u00e9taill\u00e9es en temps r\u00e9el. Avec un taux de rafra\u00eechissement de 50 Hz, le viseur offre des visuels fluides qui suivent la vitesse de votre cible, vous permettant de la verrouiller avec une pr\u00e9cision in\u00e9gal\u00e9e.<\/p>\n<p>Le Nocpix ACE S60R dispose \u00e9galement d&rsquo;un objectif de 60 mm\/F1.0 qui collecte 20% de lumi\u00e8re en plus que les viseurs standard, vous offrant des images plus lumineuses et plus claires, m\u00eame dans les conditions les plus sombres. Sa d\u00e9tection longue port\u00e9e sup\u00e9rieure jusqu&rsquo;\u00e0 3100 m\u00e8tres vous permet d&rsquo;identifier et de suivre facilement les cibles \u00e9loign\u00e9es, vous donnant un avantage crucial pour la chasse et le tir longue distance. Combin\u00e9 \u00e0 l&rsquo;algorithme de traitement d&rsquo;image propri\u00e9taire Reality+ de Nocpix, l&rsquo;ACE S60R r\u00e9duit consid\u00e9rablement le bruit ambiant, vous offrant des images nettes et \u00e0 fort contraste \u00e0 chaque fois.<\/p>\n<p>Pour ceux qui recherchent encore plus de clart\u00e9 visuelle, l&rsquo;ACE S60R est \u00e9quip\u00e9 du syst\u00e8me innovant Vision+. L&rsquo;\u00e9cran AMOLED rond de 1,03 pouces avec une r\u00e9solution de 2560&#215;2560, combin\u00e9 \u00e0 un grossissement oculaire de premier plan, offre un grossissement optique sans pr\u00e9c\u00e9dent sans flou ni distorsion typique du zoom \u00e9lectronique. Cette technologie r\u00e9volutionnaire vous garantit une vue cristalline et un champ de vision large, que vous vous rapprochiez de votre cible ou que vous inspectiez votre environnement.<\/p>\n<p>La pr\u00e9cision est essentielle pour la chasse, et l&rsquo;ACE S60R ne d\u00e9\u00e7oit pas. Son t\u00e9l\u00e9m\u00e8tre laser int\u00e9gr\u00e9 (LRF) offre des mesures pr\u00e9cises jusqu&rsquo;\u00e0 1200 m\u00e8tres. Le LRF est parfaitement int\u00e9gr\u00e9 dans le design \u00e9pur\u00e9, conservant un alignement optique parfait tout en vous permettant de calculer des distances pr\u00e9cises sans perturber la mise au point. Et avec ses fonctionnalit\u00e9s de calcul balistique int\u00e9gr\u00e9es, l&rsquo;ACE S60R garantit la pr\u00e9cision de vos tirs, en tenant compte de tous les facteurs pour une exactitude parfaite.<\/p>\n<p>Con\u00e7u pour les chasseurs, le Nocpix ACE S60R dispose \u00e9galement d&rsquo;un syst\u00e8me de double batterie avec une batterie int\u00e9gr\u00e9e de 4000 mAh et une batterie amovible de 18650 pour une utilisation prolong\u00e9e sur le terrain. Plus besoin de vous inqui\u00e9ter de manquer de puissance au milieu de votre chasse &#8211; ce syst\u00e8me est con\u00e7u pour durer aussi longtemps que votre aventure. De plus, des fonctionnalit\u00e9s comme l&rsquo;extinction automatique de l&rsquo;\u00e9cran, l&rsquo;enregistrement vid\u00e9o activ\u00e9 par les chocs et un design sans couvercle font de ce viseur thermique un v\u00e9ritable jeu-changer sur le terrain.<\/p>\n<p>Con\u00e7u pour r\u00e9sister aux conditions ext\u00e9rieures les plus rudes, l&rsquo;ACE S60R est fabriqu\u00e9 en alliage d&rsquo;aluminium haute r\u00e9sistance, rigoureusement test\u00e9 pour supporter les chocs extr\u00eames et l&rsquo;utilisation intensive. Class\u00e9 IP67 pour la r\u00e9sistance \u00e0 l&rsquo;eau, il fonctionne parfaitement sous la pluie, la poussi\u00e8re et dans les environnements difficiles, garantissant que votre viseur soit aussi durable que vos instincts de chasseur.<\/p>\n<p>Le Nocpix ACE S60R est plus qu&rsquo;un simple viseur thermique &#8211; c&rsquo;est le compagnon de chasse ultime. Avec une technologie de pointe, une durabilit\u00e9 exceptionnelle et une foule de fonctionnalit\u00e9s avanc\u00e9es con\u00e7ues pour am\u00e9liorer votre exp\u00e9rience de chasse, ce viseur red\u00e9finira ce que vous attendez de votre \u00e9quipement. Pr\u00e9parez-vous \u00e0 r\u00e9gner sur la nuit.<\/p>\n","protected":false},"excerpt":{"rendered":"<p>La lunette thermique Nocpix ACE S60R est un outil de pointe pour les chasseurs d&rsquo;\u00e9lite, offrant une clart\u00e9, une pr\u00e9cision et une fiabilit\u00e9 in\u00e9gal\u00e9es dans les environnements les plus difficiles. Son capteur thermique HD de 2e g\u00e9n\u00e9ration, son objectif de 60 mm\/F1.0 et son syst\u00e8me Vision+ avanc\u00e9 d\u00e9livrent une qualit\u00e9 d&rsquo;image exceptionnelle, tandis que le t\u00e9l\u00e9m\u00e8tre laser int\u00e9gr\u00e9, le calcul balistique et le syst\u00e8me \u00e0 double batterie assurent la pr\u00e9cision et une utilisation prolong\u00e9e. Fabriqu\u00e9 en alliage d&rsquo;aluminium robuste et class\u00e9 IP67, l&rsquo;ACE S60R est con\u00e7u pour r\u00e9sister aux conditions les plus extr\u00eames.<\/p>\n","protected":false},"featured_media":687963,"template":"","meta":{"_acf_changed":false},"product_brand":[14455],"product_cat":[16074],"product_tag":[],"class_list":{"0":"post-687825","1":"product","2":"type-product","3":"status-publish","4":"has-post-thumbnail","6":"product_brand-nocpix","7":"product_cat-thermal-cameras-fr","9":"first","10":"instock","11":"taxable","12":"shipping-taxable","13":"purchasable","14":"product-type-simple"},"acf":[],"_links":{"self":[{"href":"https:\/\/nbg.eu\/fr\/wp-json\/wp\/v2\/product\/687825","targetHints":{"allow":["GET"]}}],"collection":[{"href":"https:\/\/nbg.eu\/fr\/wp-json\/wp\/v2\/product"}],"about":[{"href":"https:\/\/nbg.eu\/fr\/wp-json\/wp\/v2\/types\/product"}],"wp:featuredmedia":[{"embeddable":true,"href":"https:\/\/nbg.eu\/fr\/wp-json\/wp\/v2\/media\/687963"}],"wp:attachment":[{"href":"https:\/\/nbg.eu\/fr\/wp-json\/wp\/v2\/media?parent=687825"}],"wp:term":[{"taxonomy":"product_brand","embeddable":true,"href":"https:\/\/nbg.eu\/fr\/wp-json\/wp\/v2\/product_brand?post=687825"},{"taxonomy":"product_cat","embeddable":true,"href":"https:\/\/nbg.eu\/fr\/wp-json\/wp\/v2\/product_cat?post=687825"},{"taxonomy":"product_tag","embeddable":true,"href":"https:\/\/nbg.eu\/fr\/wp-json\/wp\/v2\/product_tag?post=687825"}],"curies":[{"name":"wp","href":"https:\/\/api.w.org\/{rel}","templated":true}]}}