{"id":688024,"date":"2025-10-17T23:10:38","date_gmt":"2025-10-17T20:10:38","guid":{"rendered":"https:\/\/nbg.eu\/product\/pistolet-semi-automatique-kmr-w-02-spectra-s-cal-9x19\/"},"modified":"2026-04-16T16:58:20","modified_gmt":"2026-04-16T13:58:20","slug":"pistolet-semi-automatique-kmr-w-02-spectra-s-cal-9x19","status":"publish","type":"product","link":"https:\/\/nbg.eu\/fr\/produit\/pistolet-semi-automatique-kmr-w-02-spectra-s-cal-9x19\/","title":{"rendered":"KMR Pistolet Semi-Automatique W-02 SPECTRA S"},"content":{"rendered":"<h2>Pistolet semi-automatique KMR W-02 SPECTRA S OR &#8211; Calibre 9&#215;19<\/h2>\n<p>La vitesse associ\u00e9e \u00e0 la compacit\u00e9. Le KMR W-02 SPECTRA S OR est un pistolet au design plus compact avec une poign\u00e9e r\u00e9duite. Comme pour nos autres mod\u00e8les, vous pouvez vous attendre \u00e0 une grande pr\u00e9cision et un fonctionnement fluide et en douceur avec ce pistolet. Le pistolet est \u00e9quip\u00e9 du syst\u00e8me de stabilisation du canon BRS, des accessoires KMR, d&rsquo;une hausse arri\u00e8re enti\u00e8rement r\u00e9glable, d&rsquo;un marteau de comp\u00e9tition et d&rsquo;une interface pr\u00eate pour les optiques.<\/p>\n<p>Caract\u00e9ristiques :<\/p>\n<ul>\n<li>Canon lourd de 5 pouces, \u00e0 cannelures, nitrur\u00e9<\/li>\n<li>Syst\u00e8me de stabilisation du canon BRS dans la glissi\u00e8re<\/li>\n<li>Ch\u00e2ssis et glissi\u00e8re en acier, usin\u00e9s CNC \u00e0 partir d&rsquo;un bloc plein<\/li>\n<li>Ch\u00e2ssis et glissi\u00e8re nitrur\u00e9s &#8211; noir<\/li>\n<li>Ch\u00e2ssis r\u00e9duit dans la zone de la poign\u00e9e<\/li>\n<li>Interface pr\u00eate pour les optiques (OR)<\/li>\n<li>Guidon avant en fibre optique (1 mm)<\/li>\n<li>Hausse arri\u00e8re OR enti\u00e8rement r\u00e9glable<\/li>\n<li>M\u00e9canisme de d\u00e9tente SA\/DA<\/li>\n<li>D\u00e9tente en acier stri\u00e9 SA\/DA avec sur-course r\u00e9glable &#8211; noir<\/li>\n<li>R\u00e9initialisation rapide<\/li>\n<li>Marteau de comp\u00e9tition SA\/DA<\/li>\n<li>S\u00fbret\u00e9 manuelle \u00e9tendue \u00e0 gauche<\/li>\n<li>S\u00fbret\u00e9 manuelle plate \u00e0 droite<\/li>\n<li>Poign\u00e9es en duralumin WAVES &#8211; rouge fonc\u00e9<\/li>\n<li>Bouton de d\u00e9tente du chargeur r\u00e9glable en duralumin &#8211; noir<\/li>\n<li>Chargeur 9&#215;19, 9&#215;21 d&rsquo;une capacit\u00e9 de 17 cartouches<\/li>\n<li>Chargeur &#8211; 3x<\/li>\n<li>Mallette de pistolet KMR, kit de nettoyage, huile KMR, outil de montage du canon, ressort principal 14 lbs, ressorts de rappel 11 lbs, 13 lbs, jeu de tampons, cl\u00e9s hexagonales, frein-filet, carte de garantie, manuel d&rsquo;utilisation<\/li>\n<\/ul>\n<p>Caract\u00e9ristiques techniques :<\/p>\n<ul>\n<li>Calibre : 9&#215;19, 9&#215;21<\/li>\n<li>Longueur totale : 220 mm \/ 8,7 pouces<\/li>\n<li>Longueur de la glissi\u00e8re : 194 mm \/ 7,6 pouces<\/li>\n<li>Largeur totale : 39 mm \/ 1,5 pouce<\/li>\n<li>Largeur de la glissi\u00e8re : 26 mm \/ 1 pouce<\/li>\n<li>Hauteur totale : 146 mm \/ 5,7 pouces<\/li>\n<li>Ligne de mire : 177 mm \/ 7 pouces<\/li>\n<li>Longueur du canon : 127 mm \/ 5 pouces<\/li>\n<li>Capacit\u00e9 du chargeur : 17<\/li>\n<li>M\u00e9canisme de d\u00e9tente : SA \/ DA<\/li>\n<li>Force de d\u00e9tente : 17,5 N \/ 45 N<\/li>\n<li>Ressort de rappel : 12 lbs<\/li>\n<li>Ressort principal : 17 lbs<\/li>\n<li>Poids (sans chargeur) : 1230 g \/ 43,4 oz<\/li>\n<li>Poids (avec chargeur vide) : 1320 g \/ 46,6 oz<\/li>\n<\/ul>\n","protected":false},"excerpt":{"rendered":"<p>Vitesse combin\u00e9e \u00e0 la compacit\u00e9. Le KMR W-02 SPECTRA S OR est un pistolet au design plus compact avec une poign\u00e9e r\u00e9duite. Comme avec nos autres mod\u00e8les, vous pouvez attendre une grande pr\u00e9cision et un fonctionnement fluide et harmonieux avec ce pistolet. Le pistolet est \u00e9quip\u00e9 du syst\u00e8me de stabilisation du canon BRS, des accessoires KMR, d&rsquo;une hausse arri\u00e8re enti\u00e8rement r\u00e9glable, d&rsquo;un marteau de comp\u00e9tition et d&rsquo;une interface pr\u00eate pour l&rsquo;optique.<\/p>\n","protected":false},"featured_media":688044,"template":"","meta":{"_acf_changed":false},"product_brand":[11499],"product_cat":[12192],"product_tag":[],"class_list":{"0":"post-688024","1":"product","2":"type-product","3":"status-publish","4":"has-post-thumbnail","6":"product_brand-kmr-precision","7":"product_cat-pistolets","9":"first","10":"instock","11":"taxable","12":"shipping-taxable","13":"purchasable","14":"product-type-simple"},"acf":[],"_links":{"self":[{"href":"https:\/\/nbg.eu\/fr\/wp-json\/wp\/v2\/product\/688024","targetHints":{"allow":["GET"]}}],"collection":[{"href":"https:\/\/nbg.eu\/fr\/wp-json\/wp\/v2\/product"}],"about":[{"href":"https:\/\/nbg.eu\/fr\/wp-json\/wp\/v2\/types\/product"}],"wp:featuredmedia":[{"embeddable":true,"href":"https:\/\/nbg.eu\/fr\/wp-json\/wp\/v2\/media\/688044"}],"wp:attachment":[{"href":"https:\/\/nbg.eu\/fr\/wp-json\/wp\/v2\/media?parent=688024"}],"wp:term":[{"taxonomy":"product_brand","embeddable":true,"href":"https:\/\/nbg.eu\/fr\/wp-json\/wp\/v2\/product_brand?post=688024"},{"taxonomy":"product_cat","embeddable":true,"href":"https:\/\/nbg.eu\/fr\/wp-json\/wp\/v2\/product_cat?post=688024"},{"taxonomy":"product_tag","embeddable":true,"href":"https:\/\/nbg.eu\/fr\/wp-json\/wp\/v2\/product_tag?post=688024"}],"curies":[{"name":"wp","href":"https:\/\/api.w.org\/{rel}","templated":true}]}}