{"id":688143,"date":"2025-10-17T23:30:59","date_gmt":"2025-10-17T20:30:59","guid":{"rendered":"https:\/\/nbg.eu\/product\/pistolet-semi-automatique-kmr-umbra-w-02-cal-9x19-filetage-du-canon\/"},"modified":"2026-04-16T16:58:16","modified_gmt":"2026-04-16T13:58:16","slug":"pistolet-semi-automatique-kmr-umbra-w-02-cal-9x19-filetage-du-canon","status":"publish","type":"product","link":"https:\/\/nbg.eu\/fr\/produit\/pistolet-semi-automatique-kmr-umbra-w-02-cal-9x19-filetage-du-canon\/","title":{"rendered":"KMR Pistolet Semi-Automatique W-02 UMBRA Canon Filet\u00e9"},"content":{"rendered":"<h2>KMR W-02 UMBRA OR &#8211; Pistolet Puissant et Compact pour le Tir Sportif<\/h2>\n<p>Avec ce pistolet compact, vous ne passerez pas inaper\u00e7u dans la comp\u00e9tition, au contraire, vous pourrez surprendre.<\/p>\n<p>Le pistolet est \u00e9quip\u00e9 d&rsquo;accessoires KMR et du syst\u00e8me de stabilisation du canon BRS, ce qui signifie un coup dans le mille.<\/p>\n<p>Ce mod\u00e8le n&rsquo;est pas seulement pour le tir sportif, mais pour tout tireur passionn\u00e9.<\/p>\n<h2>Caract\u00e9ristiques Cl\u00e9s<\/h2>\n<ul>\n<li>Canon de 4,5 pouces, lourd, rainur\u00e9, nitrit\u00e9<\/li>\n<li>Syst\u00e8me de stabilisation du canon BRS dans la glissi\u00e8re<\/li>\n<li>Cadre et glissi\u00e8re en acier, usin\u00e9s \u00e0 partir d&rsquo;un bloc plein<\/li>\n<li>Cadre et glissi\u00e8re nitrit\u00e9s &#8211; noirs<\/li>\n<li>Interface pour viseur optique (OR)<\/li>\n<li>Guidon \u00e0 fibre optique (1 mm)<\/li>\n<li>Hausse arri\u00e8re enti\u00e8rement r\u00e9glable OR<\/li>\n<li>M\u00e9canisme de d\u00e9tente SA\/DA<\/li>\n<li>D\u00e9tente SA\/DA en acier stri\u00e9 avec r\u00e9glage du rappel &#8211; noire<\/li>\n<li>Reset court<\/li>\n<li>Chien de comp\u00e9tition SA\/DA<\/li>\n<li>S\u00fbret\u00e9 manuelle \u00e9tendue \u00e0 gauche<\/li>\n<li>S\u00fbret\u00e9 manuelle plate \u00e0 droite<\/li>\n<li>Poign\u00e9es en duralumin WAVES &#8211; noires<\/li>\n<li>Bouton de d\u00e9tente de chargeur en duralumin r\u00e9glable &#8211; noir<\/li>\n<li>Chargeur 9&#215;19, 9&#215;21 d&rsquo;une capacit\u00e9 de 17 cartouches<\/li>\n<\/ul>\n<h2>Ce qui est Inclus<\/h2>\n<ul>\n<li>Pistolet KMR W-02 UMBRA OR<\/li>\n<li>3 chargeurs<\/li>\n<li>Kit de nettoyage<\/li>\n<li>Huile KMR<\/li>\n<li>Outil de montage du canon<\/li>\n<li>Ressort principal 14 lbs<\/li>\n<li>Ressort de recul 11 lbs, 13 lbs<\/li>\n<li>Ensemble d&rsquo;amortisseurs<\/li>\n<li>Cl\u00e9s hexagonales<\/li>\n<li>Frein-filet<\/li>\n<li>Carte de garantie<\/li>\n<li>Manuel d&rsquo;utilisation<\/li>\n<li>Autocollants publicitaires KMR Precision Arms<\/li>\n<\/ul>\n<h2>Sp\u00e9cifications<\/h2>\n<ul>\n<li>Calibre : 9&#215;19, 9&#215;21<\/li>\n<li>Longueur totale : 208 mm \/ 8,2 pouces<\/li>\n<li>Longueur de la glissi\u00e8re : 181 mm \/ 7 pouces<\/li>\n<li>Largeur totale : 39 mm \/ 1,5 pouce<\/li>\n<li>Largeur de la glissi\u00e8re : 26 mm \/ 1 pouce<\/li>\n<li>Hauteur totale : 143 mm \/ 5,6 pouces<\/li>\n<li>Ligne de mire : 164 mm \/ 6,5 pouces<\/li>\n<li>Longueur du canon : 114 mm \/ 4,5 pouces<\/li>\n<li>Capacit\u00e9 du chargeur : 17<\/li>\n<li>M\u00e9canisme de d\u00e9tente : SA \/ DA<\/li>\n<li>Poids de la d\u00e9tente : 17,5 N \/ 45 N<\/li>\n<li>Ressort de recul : 12 lbs<\/li>\n<li>Ressort principal : 17 lbs<\/li>\n<li>Poids (sans chargeur) : 1180 g \/ 41,6 oz<\/li>\n<li>Poids (avec chargeur vide) : 1270 g \/ 44,8 oz<\/li>\n<\/ul>\n","protected":false},"excerpt":{"rendered":"<p>Petit et compact, mais puissant pistolet KMR W-02 UMBRA OR 9&#215;19 avec canon filet\u00e9 et stabilisation du canon BRS.<\/p>\n","protected":false},"featured_media":0,"template":"","meta":{"_acf_changed":false},"product_brand":[],"product_cat":[12209],"product_tag":[],"class_list":{"0":"post-688143","1":"product","2":"type-product","3":"status-publish","5":"product_cat-non-categorise","7":"first","8":"instock","9":"taxable","10":"shipping-taxable","11":"purchasable","12":"product-type-simple"},"acf":[],"_links":{"self":[{"href":"https:\/\/nbg.eu\/fr\/wp-json\/wp\/v2\/product\/688143","targetHints":{"allow":["GET"]}}],"collection":[{"href":"https:\/\/nbg.eu\/fr\/wp-json\/wp\/v2\/product"}],"about":[{"href":"https:\/\/nbg.eu\/fr\/wp-json\/wp\/v2\/types\/product"}],"wp:attachment":[{"href":"https:\/\/nbg.eu\/fr\/wp-json\/wp\/v2\/media?parent=688143"}],"wp:term":[{"taxonomy":"product_brand","embeddable":true,"href":"https:\/\/nbg.eu\/fr\/wp-json\/wp\/v2\/product_brand?post=688143"},{"taxonomy":"product_cat","embeddable":true,"href":"https:\/\/nbg.eu\/fr\/wp-json\/wp\/v2\/product_cat?post=688143"},{"taxonomy":"product_tag","embeddable":true,"href":"https:\/\/nbg.eu\/fr\/wp-json\/wp\/v2\/product_tag?post=688143"}],"curies":[{"name":"wp","href":"https:\/\/api.w.org\/{rel}","templated":true}]}}