{"id":688806,"date":"2025-12-22T15:23:07","date_gmt":"2025-12-22T12:23:07","guid":{"rendered":"https:\/\/nbg.eu\/product\/hyllus-sac-de-sport-vert-militaire-65-litres\/"},"modified":"2026-04-15T14:20:36","modified_gmt":"2026-04-15T11:20:36","slug":"hyllus-sac-de-sport-vert-militaire-65-litres","status":"publish","type":"product","link":"https:\/\/nbg.eu\/fr\/produit\/hyllus-sac-de-sport-vert-militaire-65-litres\/","title":{"rendered":"Eberlestock Sac de Voyage Hyllus &#8211; 65 Litres"},"content":{"rendered":"<h2>Hyllus Duffel- 65 Litres<\/h2>\n<p>Le sac Hyllus Duffel est un sac de voyage r\u00e9sistant \u00e0 l&rsquo;eau et ultra-r\u00e9sistant, parfait pour ranger l&rsquo;\u00e9quipement dans le pick-up ou le compartiment \u00e0 bagages. Le fond et les parois lat\u00e9rales sont en nylon enduit de TPU 1000D et le dessus est en nylon ripstop enduit de TPU 500D.<\/p>\n<p>Les poches zipp\u00e9es int\u00e9rieures et ext\u00e9rieures permettent d&rsquo;organiser facilement et de mani\u00e8re s\u00e9curis\u00e9e les petits articles, tandis qu&rsquo;une grande ouverture sur le compartiment principal permet de ranger rapidement les v\u00eatements et les gros articles. L&rsquo;Hyllus est \u00e9quip\u00e9 d&rsquo;une sangle en sangle pour le fixer facilement \u00e0 une poign\u00e9e t\u00e9lescopique pour bagage.<\/p>\n<h2>Dimensions<\/h2>\n<p>Volume de 65 L : 3966 ci<br \/>\nPoids de 65 L : 2,5 lb<br \/>\nDimensions de 65 L : 11 H x 27 L x 13 l<\/p>\n<h2>Caract\u00e9ristiques<\/h2>\n<p>Construction r\u00e9sistante \u00e0 l&rsquo;eau<br \/>\nGrand compartiment principal avec poches de rangement int\u00e9rieures zipp\u00e9es<br \/>\nPoches ext\u00e9rieures zipp\u00e9es sur les deux c\u00f4t\u00e9s et l&rsquo;avant<br \/>\nSangles de transport pour sac de voyage<\/p>\n","protected":false},"excerpt":{"rendered":"<p>Le sac polochon Hyllus &#8211; 65 litres est un sac polochon imperm\u00e9able et ultra-r\u00e9sistant d&rsquo;un volume de 3966 pouces cubes, pesant 2,5 livres.<\/p>\n","protected":false},"featured_media":688896,"template":"","meta":{"_acf_changed":false},"product_brand":[15151],"product_cat":[12133],"product_tag":[],"class_list":{"0":"post-688806","1":"product","2":"type-product","3":"status-publish","4":"has-post-thumbnail","6":"product_brand-eberlestock","7":"product_cat-sacs-de-tir","9":"first","10":"instock","11":"taxable","12":"shipping-taxable","13":"purchasable","14":"product-type-variable","15":"wvs-archive-product-wrapper"},"acf":[],"_links":{"self":[{"href":"https:\/\/nbg.eu\/fr\/wp-json\/wp\/v2\/product\/688806","targetHints":{"allow":["GET"]}}],"collection":[{"href":"https:\/\/nbg.eu\/fr\/wp-json\/wp\/v2\/product"}],"about":[{"href":"https:\/\/nbg.eu\/fr\/wp-json\/wp\/v2\/types\/product"}],"wp:featuredmedia":[{"embeddable":true,"href":"https:\/\/nbg.eu\/fr\/wp-json\/wp\/v2\/media\/688896"}],"wp:attachment":[{"href":"https:\/\/nbg.eu\/fr\/wp-json\/wp\/v2\/media?parent=688806"}],"wp:term":[{"taxonomy":"product_brand","embeddable":true,"href":"https:\/\/nbg.eu\/fr\/wp-json\/wp\/v2\/product_brand?post=688806"},{"taxonomy":"product_cat","embeddable":true,"href":"https:\/\/nbg.eu\/fr\/wp-json\/wp\/v2\/product_cat?post=688806"},{"taxonomy":"product_tag","embeddable":true,"href":"https:\/\/nbg.eu\/fr\/wp-json\/wp\/v2\/product_tag?post=688806"}],"curies":[{"name":"wp","href":"https:\/\/api.w.org\/{rel}","templated":true}]}}