{"id":688917,"date":"2025-12-22T15:33:09","date_gmt":"2025-12-22T12:33:09","guid":{"rendered":"https:\/\/nbg.eu\/product\/hyllus-sac-militaire-vert-45-litres\/"},"modified":"2026-04-15T14:20:32","modified_gmt":"2026-04-15T11:20:32","slug":"hyllus-sac-militaire-vert-45-litres","status":"publish","type":"product","link":"https:\/\/nbg.eu\/fr\/produit\/hyllus-sac-militaire-vert-45-litres\/","title":{"rendered":"Eberlestock Sac de Voyage Hyllus &#8211; 45 Litres"},"content":{"rendered":"<h2>Hyllus Duffel- 45 Litres<\/h2>\n<p>Le Hyllus Duffel est un sac de voyage r\u00e9sistant \u00e0 l&rsquo;eau et ultra-durable, parfait pour regrouper l&rsquo;\u00e9quipement dans le v\u00e9hicule ou dans les compartiments de vol. Le fond et les parois lat\u00e9rales sont en nylon 1000D enduit de TPU, et le dessus est en nylon ripstop 500D enduit de TPU.<\/p>\n<p>Les poches int\u00e9rieures et ext\u00e9rieures \u00e0 fermeture \u00e9clair facilitent l&rsquo;organisation et la s\u00e9curit\u00e9 des petits articles, tandis qu&rsquo;une grande ouverture sur le compartiment principal permet un rangement rapide des v\u00eatements et des gros articles. Le Hyllus est \u00e9quip\u00e9 d&rsquo;une sangle en sangle pour une fixation pratique sur un manche t\u00e9lescopique pour bagage.<\/p>\n<h2>Dimensions<\/h2>\n<p>Volume de 45 L : 2746 ci<br \/>\nPoids de 45 L : 2 lb<br \/>\nDimensions de 45 L : 10H x 22L x 12L<\/p>\n<h2>Caract\u00e9ristiques<\/h2>\n<ul>\n<li>Construction r\u00e9sistante \u00e0 l&rsquo;eau<\/li>\n<li>Grand compartiment principal avec poches de rangement int\u00e9rieures \u00e0 fermeture \u00e9clair<\/li>\n<li>Poches ext\u00e9rieures \u00e0 fermeture \u00e9clair sur les deux c\u00f4t\u00e9s et \u00e0 l&rsquo;avant<\/li>\n<li>Sangles de transport en sangle<\/li>\n<\/ul>\n","protected":false},"excerpt":{"rendered":"<p>Le sac polochon Hyllus est un sac de 45 litres, r\u00e9sistant \u00e0 l&rsquo;eau et ultra-r\u00e9sistant, parfait pour transporter vos affaires dans le v\u00e9hicule ou dans le compartiment \u00e0 bagages.<\/p>\n","protected":false},"featured_media":705364,"template":"","meta":{"_acf_changed":false},"product_brand":[15151],"product_cat":[12133],"product_tag":[],"class_list":{"0":"post-688917","1":"product","2":"type-product","3":"status-publish","4":"has-post-thumbnail","6":"product_brand-eberlestock","7":"product_cat-sacs-de-tir","9":"first","10":"instock","11":"taxable","12":"shipping-taxable","13":"purchasable","14":"product-type-variable","15":"wvs-archive-product-wrapper"},"acf":[],"_links":{"self":[{"href":"https:\/\/nbg.eu\/fr\/wp-json\/wp\/v2\/product\/688917","targetHints":{"allow":["GET"]}}],"collection":[{"href":"https:\/\/nbg.eu\/fr\/wp-json\/wp\/v2\/product"}],"about":[{"href":"https:\/\/nbg.eu\/fr\/wp-json\/wp\/v2\/types\/product"}],"wp:featuredmedia":[{"embeddable":true,"href":"https:\/\/nbg.eu\/fr\/wp-json\/wp\/v2\/media\/705364"}],"wp:attachment":[{"href":"https:\/\/nbg.eu\/fr\/wp-json\/wp\/v2\/media?parent=688917"}],"wp:term":[{"taxonomy":"product_brand","embeddable":true,"href":"https:\/\/nbg.eu\/fr\/wp-json\/wp\/v2\/product_brand?post=688917"},{"taxonomy":"product_cat","embeddable":true,"href":"https:\/\/nbg.eu\/fr\/wp-json\/wp\/v2\/product_cat?post=688917"},{"taxonomy":"product_tag","embeddable":true,"href":"https:\/\/nbg.eu\/fr\/wp-json\/wp\/v2\/product_tag?post=688917"}],"curies":[{"name":"wp","href":"https:\/\/api.w.org\/{rel}","templated":true}]}}