{"id":689020,"date":"2024-08-16T23:15:24","date_gmt":"2024-08-16T20:15:24","guid":{"rendered":"https:\/\/nbg.eu\/product\/buffer-wide-set-kmr\/"},"modified":"2026-05-13T15:10:41","modified_gmt":"2026-05-13T12:10:41","slug":"buffer-wide-set-kmr","status":"publish","type":"product","link":"https:\/\/nbg.eu\/fr\/produit\/buffer-wide-set-kmr\/","title":{"rendered":"KMR Kit de Tampons Larges"},"content":{"rendered":"<h2>BUFFER WIDE &#8211; KMR SET<\/h2>\n<p>Am\u00e9liorez les performances de votre pistolet KMR avec le BUFFER WIDE &#8211; KMR SET, un syst\u00e8me de tampon de recul haut de gamme con\u00e7u pour am\u00e9liorer le contr\u00f4le et la pr\u00e9cision. Fabriqu\u00e9s \u00e0 partir de mat\u00e9riaux de haute qualit\u00e9, ces tampons travaillent en tandem pour r\u00e9duire le recul ressenti, prot\u00e9ger le cadre de l&rsquo;impact de la glissi\u00e8re tout en permettant d&rsquo;ajuster finement la vitesse de cyclage de votre arme \u00e0 feu.<\/p>\n<p>Gr\u00e2ce \u00e0 sa conception unique et large, le BUFFER WIDE &#8211; KMR SET offre une absorption d&rsquo;\u00e9nergie sup\u00e9rieure, amortissant efficacement la force de recul de chaque coup. Cela se traduit par une r\u00e9acquisition plus rapide de la cible, un meilleur placement des tirs de suite et une usure r\u00e9duite des composants essentiels.<\/p>\n<p>Personnalisez les performances de votre KMR avec la s\u00e9lection de poids de tampon incluse, vous permettant d&rsquo;ajuster finement la vitesse de cyclage pour qu&rsquo;elle corresponde \u00e0 votre munition et \u00e0 votre style de tir. Que vous soyez un tireur d&rsquo;action \u00e0 la recherche d&rsquo;un avantage comp\u00e9titif ou un amateur \u00e0 la recherche de maximiser le potentiel de votre KMR, le BUFFER WIDE &#8211; KMR SET est la mise \u00e0 niveau id\u00e9ale pour \u00e9lever votre exp\u00e9rience.<\/p>\n<p>Am\u00e9liorez les performances de votre pistolet KMR avec le BUFFER WIDE &#8211; KMR SET, la solution de gestion du recul ultime pour les tireurs comp\u00e9titifs et les propri\u00e9taires avertis.<\/p>\n","protected":false},"excerpt":{"rendered":"<p>Tampons de machine de pr\u00e9cision pour les pistolets KMR, r\u00e9duisant le recul ressenti et ajustant finement la vitesse de cycle.<\/p>\n","protected":false},"featured_media":23638,"template":"","meta":{"_acf_changed":false},"product_brand":[11499],"product_cat":[12143],"product_tag":[],"class_list":{"0":"post-689020","1":"product","2":"type-product","3":"status-publish","4":"has-post-thumbnail","6":"product_brand-kmr-precision","7":"product_cat-pieces-kmr","9":"first","10":"instock","11":"taxable","12":"shipping-taxable","13":"product-type-simple"},"acf":[],"_links":{"self":[{"href":"https:\/\/nbg.eu\/fr\/wp-json\/wp\/v2\/product\/689020","targetHints":{"allow":["GET"]}}],"collection":[{"href":"https:\/\/nbg.eu\/fr\/wp-json\/wp\/v2\/product"}],"about":[{"href":"https:\/\/nbg.eu\/fr\/wp-json\/wp\/v2\/types\/product"}],"wp:featuredmedia":[{"embeddable":true,"href":"https:\/\/nbg.eu\/fr\/wp-json\/wp\/v2\/media\/23638"}],"wp:attachment":[{"href":"https:\/\/nbg.eu\/fr\/wp-json\/wp\/v2\/media?parent=689020"}],"wp:term":[{"taxonomy":"product_brand","embeddable":true,"href":"https:\/\/nbg.eu\/fr\/wp-json\/wp\/v2\/product_brand?post=689020"},{"taxonomy":"product_cat","embeddable":true,"href":"https:\/\/nbg.eu\/fr\/wp-json\/wp\/v2\/product_cat?post=689020"},{"taxonomy":"product_tag","embeddable":true,"href":"https:\/\/nbg.eu\/fr\/wp-json\/wp\/v2\/product_tag?post=689020"}],"curies":[{"name":"wp","href":"https:\/\/api.w.org\/{rel}","templated":true}]}}