{"id":689062,"date":"2025-03-06T13:06:02","date_gmt":"2025-03-06T10:06:02","guid":{"rendered":"https:\/\/nbg.eu\/product\/clawgear-m-lok-qd-mount\/"},"modified":"2026-05-13T15:10:01","modified_gmt":"2026-05-13T12:10:01","slug":"clawgear-m-lok-qd-mount","status":"publish","type":"product","link":"https:\/\/nbg.eu\/fr\/produit\/clawgear-m-lok-qd-mount\/","title":{"rendered":"Clawgear M-LOK QD Mount"},"content":{"rendered":"<h2>Monture Clawgear M-LOK QD : Fixation de sangle s\u00e9curis\u00e9e et sans accroche<\/h2>\n<p>Am\u00e9liorez la configuration de votre arme \u00e0 feu avec la monture Clawgear M-LOK QD, con\u00e7ue pour des performances sans compromis et une int\u00e9gration de sangle transparente. Fabriqu\u00e9e en aluminium haute r\u00e9sistance et dot\u00e9e d&rsquo;un rev\u00eatement anodis\u00e9 de sp\u00e9cifications militaires, cette monture de profil bas offre une durabilit\u00e9 et une r\u00e9sistance \u00e0 la corrosion exceptionnelles, garantissant une fiabilit\u00e9 durable sur le terrain.<\/p>\n<p>La fixation directe M-LOK fournit une interface s\u00e9curis\u00e9e et sans accroche, tandis que la fonction anti-rotation assure que votre pivot de sangle reste fermement en place, \u00e9vitant tout mouvement ou d\u00e9placement ind\u00e9sirable. Compatible avec tous les pivots QD standard, la monture Clawgear M-LOK QD permet une fixation et un d\u00e9tachement rapides et faciles de la sangle, simplifiant vos transitions et am\u00e9liorant votre exp\u00e9rience de tir dans son ensemble.<\/p>\n<p>Que vous vous attaquiez \u00e0 des sc\u00e9narios tactiques exigeants ou que vous partiez \u00e0 l&rsquo;aventure en plein air, la monture Clawgear M-LOK QD est la solution fiable et polyvalente pour vos besoins de fixation de sangle. Am\u00e9liorez les performances de votre arme \u00e0 feu avec cet accessoire robuste et convivial.<\/p>\n","protected":false},"excerpt":{"rendered":"<p>Montage QD en aluminium haute r\u00e9sistance M-LOK avec un design discret anti-rotation pour une fixation de sangle robuste sans accroche.<\/p>\n","protected":false},"featured_media":240595,"template":"","meta":{"_acf_changed":false},"product_brand":[11224],"product_cat":[12129,12193,12154],"product_tag":[],"class_list":{"0":"post-689062","1":"product","2":"type-product","3":"status-publish","4":"has-post-thumbnail","6":"product_brand-clawgear","7":"product_cat-bretelles","8":"product_cat-fusil","9":"product_cat-tuning-fusil","11":"first","12":"outofstock","13":"taxable","14":"shipping-taxable","15":"purchasable","16":"product-type-simple"},"acf":[],"_links":{"self":[{"href":"https:\/\/nbg.eu\/fr\/wp-json\/wp\/v2\/product\/689062","targetHints":{"allow":["GET"]}}],"collection":[{"href":"https:\/\/nbg.eu\/fr\/wp-json\/wp\/v2\/product"}],"about":[{"href":"https:\/\/nbg.eu\/fr\/wp-json\/wp\/v2\/types\/product"}],"wp:featuredmedia":[{"embeddable":true,"href":"https:\/\/nbg.eu\/fr\/wp-json\/wp\/v2\/media\/240595"}],"wp:attachment":[{"href":"https:\/\/nbg.eu\/fr\/wp-json\/wp\/v2\/media?parent=689062"}],"wp:term":[{"taxonomy":"product_brand","embeddable":true,"href":"https:\/\/nbg.eu\/fr\/wp-json\/wp\/v2\/product_brand?post=689062"},{"taxonomy":"product_cat","embeddable":true,"href":"https:\/\/nbg.eu\/fr\/wp-json\/wp\/v2\/product_cat?post=689062"},{"taxonomy":"product_tag","embeddable":true,"href":"https:\/\/nbg.eu\/fr\/wp-json\/wp\/v2\/product_tag?post=689062"}],"curies":[{"name":"wp","href":"https:\/\/api.w.org\/{rel}","templated":true}]}}