{"id":689236,"date":"2024-08-18T11:35:41","date_gmt":"2024-08-18T08:35:41","guid":{"rendered":"https:\/\/nbg.eu\/product\/ejector-sa-da-kmr\/"},"modified":"2026-05-13T15:09:48","modified_gmt":"2026-05-13T12:09:48","slug":"ejector-sa-da-kmr","status":"publish","type":"product","link":"https:\/\/nbg.eu\/fr\/produit\/ejector-sa-da-kmr\/","title":{"rendered":"KMR \u00c9jecteur SA\/DA"},"content":{"rendered":"<h2>\u00c9jecteur SA\/DA KMR pour armes KMR<\/h2>\n<p>L&rsquo;\u00e9jecteur SA\/DA KMR est un accessoire polyvalent et fiable con\u00e7u pour \u00eatre utilis\u00e9 avec diff\u00e9rents mod\u00e8les d&rsquo;armes KMR. Il dispose d&rsquo;un m\u00e9canisme \u00e0 action simple (SA) et \u00e0 double action (DA), offrant aux utilisateurs une flexibilit\u00e9 et un contr\u00f4le accrus pendant l&rsquo;utilisation. Compatible avec les mod\u00e8les suivants :<\/p>\n<ul>\n<li>KMR L-02 EMIQ<\/li>\n<li>KMR L-02 EMIQ (OR)<\/li>\n<li>KMR L-02 ORCA \u00c0 PARTIR DE 2024<\/li>\n<li>KMR L-02 ORCA JUSQU&rsquo;EN 2023<\/li>\n<li>KMR L-02 SPECTRA \u00c0 PARTIR DE 2024<\/li>\n<li>KMR L-02 SPECTRA JUSQU&rsquo;EN 2023<\/li>\n<li>KMR L-02 UMBRA (OR) SR<\/li>\n<li>KMR W-02 CUDA (OR)<\/li>\n<li>KMR W-02 UMBRA<\/li>\n<li>KMR W-02 UMBRA (OR)<\/li>\n<\/ul>\n<p>Num\u00e9ro de r\u00e9f\u00e9rence 1060-00701-0401<\/p>\n","protected":false},"excerpt":{"rendered":"<p>L&rsquo;accessoire d&rsquo;arme fiable et polyvalent KMR SA\/DA Ejector.<\/p>\n","protected":false},"featured_media":25682,"template":"","meta":{"_acf_changed":false},"product_brand":[11499],"product_cat":[12143],"product_tag":[],"class_list":{"0":"post-689236","1":"product","2":"type-product","3":"status-publish","4":"has-post-thumbnail","6":"product_brand-kmr-precision","7":"product_cat-pieces-kmr","9":"first","10":"instock","11":"taxable","12":"shipping-taxable","13":"product-type-simple"},"acf":[],"_links":{"self":[{"href":"https:\/\/nbg.eu\/fr\/wp-json\/wp\/v2\/product\/689236","targetHints":{"allow":["GET"]}}],"collection":[{"href":"https:\/\/nbg.eu\/fr\/wp-json\/wp\/v2\/product"}],"about":[{"href":"https:\/\/nbg.eu\/fr\/wp-json\/wp\/v2\/types\/product"}],"wp:featuredmedia":[{"embeddable":true,"href":"https:\/\/nbg.eu\/fr\/wp-json\/wp\/v2\/media\/25682"}],"wp:attachment":[{"href":"https:\/\/nbg.eu\/fr\/wp-json\/wp\/v2\/media?parent=689236"}],"wp:term":[{"taxonomy":"product_brand","embeddable":true,"href":"https:\/\/nbg.eu\/fr\/wp-json\/wp\/v2\/product_brand?post=689236"},{"taxonomy":"product_cat","embeddable":true,"href":"https:\/\/nbg.eu\/fr\/wp-json\/wp\/v2\/product_cat?post=689236"},{"taxonomy":"product_tag","embeddable":true,"href":"https:\/\/nbg.eu\/fr\/wp-json\/wp\/v2\/product_tag?post=689236"}],"curies":[{"name":"wp","href":"https:\/\/api.w.org\/{rel}","templated":true}]}}