{"id":689269,"date":"2024-09-17T07:54:09","date_gmt":"2024-09-17T04:54:09","guid":{"rendered":"https:\/\/nbg.eu\/product\/extractor-40-sw-kmr\/"},"modified":"2026-04-16T17:01:10","modified_gmt":"2026-04-16T14:01:10","slug":"extractor-40-sw-kmr","status":"publish","type":"product","link":"https:\/\/nbg.eu\/fr\/produit\/extractor-40-sw-kmr\/","title":{"rendered":"KMR Extracteur .40 S&amp;W"},"content":{"rendered":"<h2>KMR Extractor de Pr\u00e9cision &#8211; .40 S&amp;W<\/h2>\n<p>Assurez le cycle de votre pistolet KMR avec une autorit\u00e9 absolue avec cet extracteur d\u00e9di\u00e9 au .40 S&amp;W. Con\u00e7u pour les pressions plus \u00e9lev\u00e9es et la g\u00e9om\u00e9trie de la douille sp\u00e9cifique au calibre .40, ce composant est la cl\u00e9 pour maintenir une arme \u00e0 feu fiable.<\/p>\n<h3>Excellence Technique :<\/h3>\n<ul>\n<li><strong>Conception Sp\u00e9cifique au Calibre :<\/strong> Contrairement aux pi\u00e8ces universelles, cet extracteur est usin\u00e9 avec pr\u00e9cision pour correspondre au rebord de la douille .40 S&amp;W pour des tol\u00e9rances plus serr\u00e9es et une extraction plus positive.<\/li>\n<li><strong>Durabilit\u00e9 Am\u00e9lior\u00e9e :<\/strong> Fabriqu\u00e9 \u00e0 partir d&rsquo;un alliage d&rsquo;acier tremp\u00e9 pour r\u00e9sister aux vitesses de culasse et aux forces de recul accrues associ\u00e9es au calibre .40 S&amp;W.<\/li>\n<li><strong>Fonctionnement sans Accroc :<\/strong> Pr\u00e9sente une finition r\u00e9sistante \u00e0 la corrosion qui r\u00e9duit le frottement et emp\u00eache l&rsquo;accumulation de carbone d&rsquo;interf\u00e9rer avec le crochet d&rsquo;extraction.<\/li>\n<li><strong>Ajustement Parfait :<\/strong> Con\u00e7u pour une int\u00e9gration sans faille avec les ensembles de culasse KMR, maintenant la tension pr\u00e9cise requise pour un usage professionnel.<\/li>\n<\/ul>\n<p>L&rsquo;extracteur est un \u00e9l\u00e9ment d&rsquo;usure critique. En mettant \u00e0 niveau vers cette pi\u00e8ce d&rsquo;origine KMR, vous \u00e9liminez les probl\u00e8mes de cycle potentiels et assurez que votre pistolet est pr\u00eat pour les exigences de la comp\u00e9tition IPSC\/USPSA ou du port en service.<\/p>\n","protected":false},"excerpt":{"rendered":"<p>1080-00302-0400<\/p>\n","protected":false},"featured_media":25705,"template":"","meta":{"_acf_changed":false},"product_brand":[11499],"product_cat":[12143],"product_tag":[],"class_list":{"0":"post-689269","1":"product","2":"type-product","3":"status-publish","4":"has-post-thumbnail","6":"product_brand-kmr-precision","7":"product_cat-pieces-kmr","9":"first","10":"instock","11":"taxable","12":"shipping-taxable","13":"product-type-simple"},"acf":[],"_links":{"self":[{"href":"https:\/\/nbg.eu\/fr\/wp-json\/wp\/v2\/product\/689269","targetHints":{"allow":["GET"]}}],"collection":[{"href":"https:\/\/nbg.eu\/fr\/wp-json\/wp\/v2\/product"}],"about":[{"href":"https:\/\/nbg.eu\/fr\/wp-json\/wp\/v2\/types\/product"}],"wp:featuredmedia":[{"embeddable":true,"href":"https:\/\/nbg.eu\/fr\/wp-json\/wp\/v2\/media\/25705"}],"wp:attachment":[{"href":"https:\/\/nbg.eu\/fr\/wp-json\/wp\/v2\/media?parent=689269"}],"wp:term":[{"taxonomy":"product_brand","embeddable":true,"href":"https:\/\/nbg.eu\/fr\/wp-json\/wp\/v2\/product_brand?post=689269"},{"taxonomy":"product_cat","embeddable":true,"href":"https:\/\/nbg.eu\/fr\/wp-json\/wp\/v2\/product_cat?post=689269"},{"taxonomy":"product_tag","embeddable":true,"href":"https:\/\/nbg.eu\/fr\/wp-json\/wp\/v2\/product_tag?post=689269"}],"curies":[{"name":"wp","href":"https:\/\/api.w.org\/{rel}","templated":true}]}}