{"id":689313,"date":"2024-08-18T11:36:41","date_gmt":"2024-08-18T08:36:41","guid":{"rendered":"https:\/\/nbg.eu\/product\/extractor-9x19-kmr\/"},"modified":"2026-05-13T16:01:57","modified_gmt":"2026-05-13T13:01:57","slug":"extractor-9x19-kmr","status":"publish","type":"product","link":"https:\/\/nbg.eu\/fr\/produit\/extractor-9x19-kmr\/","title":{"rendered":"KMR Extracteur 9&#215;19"},"content":{"rendered":"<h2>Extracteur de pr\u00e9cision KMR &#8211; 9x19mm<\/h2>\n<p>Cet extracteur de pr\u00e9cision est une pi\u00e8ce de rechange essentielle sp\u00e9cialement con\u00e7ue pour les pistolets KMR de 9x19mm. Construit pour r\u00e9sister aux contraintes des tirs de comp\u00e9tition \u00e0 fort volume, il assure l&rsquo;extraction sans faille des douilles 9mm usag\u00e9es de la chambre \u00e0 chaque tir.<\/p>\n<h3>Excellence technique :<\/h3>\n<ul>\n<li><strong>Optimis\u00e9 pour le 9x19mm :<\/strong> Sp\u00e9cialement con\u00e7u pour les dimensions de la jupe des munitions 9mm Luger pour garantir un engagement maximum et une fiabilit\u00e9 optimale.<\/li>\n<li><strong>Acier de haute qualit\u00e9 :<\/strong> Usin\u00e9 dans de l&rsquo;acier premium, trait\u00e9 thermiquement pour pr\u00e9venir l&rsquo;usure du crochet et r\u00e9sister aux forces d&rsquo;impact \u00e9lev\u00e9es du cycle de la glissi\u00e8re.<\/li>\n<li><strong>Compatibilit\u00e9 OEM :<\/strong> Un remplacement direct pour les mod\u00e8les KMR comme le L-02 et le W-02, garantissant un ajustement parfait en usine.<\/li>\n<li><strong>Performance constante :<\/strong> La g\u00e9om\u00e9trie sp\u00e9cialis\u00e9e de la griffe minimise les dysfonctionnements \u00ab\u00a0Fail to Extract\u00a0\u00bb (FTE), m\u00eame lors de tirs rapides.<\/li>\n<\/ul>\n<p>Maintenez l&rsquo;avantage comp\u00e9titif de votre pistolet en vous assurant que votre syst\u00e8me d&rsquo;extraction est en parfait \u00e9tat. Cette pi\u00e8ce d&rsquo;origine KMR est essentielle pour tout tireur qui exige une fiabilit\u00e9 \u00e0 100 % sur le stand de tir ou lors d&rsquo;une comp\u00e9tition.<\/p>\n","protected":false},"excerpt":{"rendered":"<p>1080-00301-0400<\/p>\n","protected":false},"featured_media":25705,"template":"","meta":{"_acf_changed":false},"product_brand":[11499],"product_cat":[12143],"product_tag":[],"class_list":{"0":"post-689313","1":"product","2":"type-product","3":"status-publish","4":"has-post-thumbnail","6":"product_brand-kmr-precision","7":"product_cat-pieces-kmr","9":"first","10":"instock","11":"taxable","12":"shipping-taxable","13":"product-type-simple"},"acf":[],"_links":{"self":[{"href":"https:\/\/nbg.eu\/fr\/wp-json\/wp\/v2\/product\/689313","targetHints":{"allow":["GET"]}}],"collection":[{"href":"https:\/\/nbg.eu\/fr\/wp-json\/wp\/v2\/product"}],"about":[{"href":"https:\/\/nbg.eu\/fr\/wp-json\/wp\/v2\/types\/product"}],"wp:featuredmedia":[{"embeddable":true,"href":"https:\/\/nbg.eu\/fr\/wp-json\/wp\/v2\/media\/25705"}],"wp:attachment":[{"href":"https:\/\/nbg.eu\/fr\/wp-json\/wp\/v2\/media?parent=689313"}],"wp:term":[{"taxonomy":"product_brand","embeddable":true,"href":"https:\/\/nbg.eu\/fr\/wp-json\/wp\/v2\/product_brand?post=689313"},{"taxonomy":"product_cat","embeddable":true,"href":"https:\/\/nbg.eu\/fr\/wp-json\/wp\/v2\/product_cat?post=689313"},{"taxonomy":"product_tag","embeddable":true,"href":"https:\/\/nbg.eu\/fr\/wp-json\/wp\/v2\/product_tag?post=689313"}],"curies":[{"name":"wp","href":"https:\/\/api.w.org\/{rel}","templated":true}]}}