{"id":689336,"date":"2024-08-17T15:16:22","date_gmt":"2024-08-17T12:16:22","guid":{"rendered":"https:\/\/nbg.eu\/product\/extractor-pin-22-lr-2x10-kmr\/"},"modified":"2026-05-13T16:02:12","modified_gmt":"2026-05-13T13:02:12","slug":"extractor-pin-22-lr-2x10-kmr","status":"publish","type":"product","link":"https:\/\/nbg.eu\/fr\/produit\/extractor-pin-22-lr-2x10-kmr\/","title":{"rendered":"KMR Goupille d&rsquo;Extracteur .22 LR 2&#215;10"},"content":{"rendered":"<h2>Goupille d&rsquo;extracteur 22 Lr 2X10 KMR &#8211; Point de pivotement de pr\u00e9cision pour une extraction fiable<\/h2>\n<p>Con\u00e7ue pour la plateforme rimfire .22 LR KMR, la goupille d&rsquo;extracteur 22 Lr 2X10 KMR fournit le point de pivotement critique pour que le m\u00e9canisme d&rsquo;extracteur fonctionne de mani\u00e8re fiable. Fabriqu\u00e9e en acier tremp\u00e9, cette goupille de dimensions pr\u00e9cises (2x10mm) assure une tension constante et emp\u00eache le d\u00e9placement ou le cisaillement de la goupille lors de tirs rapides, garantissant que le pistolet KMR extrait les douilles usag\u00e9es avec une fiabilit\u00e9 sans faille.<\/p>\n<p>La goupille d&rsquo;extracteur 22 Lr 2X10 KMR est un composant essentiel pour maintenir les performances optimales de votre .22 LR KMR. Sa construction robuste et sa conception m\u00e9ticuleuse offrent le support de pivot n\u00e9cessaire pour que votre extracteur fonctionne de mani\u00e8re irr\u00e9prochable, tir apr\u00e8s tir. Que vous pratiquiez le tir de pr\u00e9cision, le plinking ou la comp\u00e9tition, cette goupille d&rsquo;extracteur est une mise \u00e0 niveau inestimable pour garantir que votre pistolet KMR fonctionne \u00e0 son plein potentiel.<\/p>\n<p>Mettez \u00e0 niveau votre .22 LR KMR avec la goupille d&rsquo;extracteur 22 Lr 2X10 KMR et b\u00e9n\u00e9ficiez de la confiance d&rsquo;un point de pivotement de haute qualit\u00e9 et fiable qui maintient votre extracteur en fonctionnement avec pr\u00e9cision et constance. Investissez dans les d\u00e9tails qui font la diff\u00e9rence et profitez de la tranquillit\u00e9 d&rsquo;esprit que procure une arme \u00e0 feu dont l&rsquo;extraction est d&rsquo;une fiabilit\u00e9 ind\u00e9fectible.<\/p>\n","protected":false},"excerpt":{"rendered":"<p>Pivot de l&#8217;extracteur de pr\u00e9cision 2x10mm pour pistolets .22 LR KMR ; construction en acier tremp\u00e9.<\/p>\n","protected":false},"featured_media":24061,"template":"","meta":{"_acf_changed":false},"product_brand":[11499],"product_cat":[12143],"product_tag":[],"class_list":{"0":"post-689336","1":"product","2":"type-product","3":"status-publish","4":"has-post-thumbnail","6":"product_brand-kmr-precision","7":"product_cat-pieces-kmr","9":"first","10":"instock","11":"taxable","12":"shipping-taxable","13":"product-type-simple"},"acf":[],"_links":{"self":[{"href":"https:\/\/nbg.eu\/fr\/wp-json\/wp\/v2\/product\/689336","targetHints":{"allow":["GET"]}}],"collection":[{"href":"https:\/\/nbg.eu\/fr\/wp-json\/wp\/v2\/product"}],"about":[{"href":"https:\/\/nbg.eu\/fr\/wp-json\/wp\/v2\/types\/product"}],"wp:featuredmedia":[{"embeddable":true,"href":"https:\/\/nbg.eu\/fr\/wp-json\/wp\/v2\/media\/24061"}],"wp:attachment":[{"href":"https:\/\/nbg.eu\/fr\/wp-json\/wp\/v2\/media?parent=689336"}],"wp:term":[{"taxonomy":"product_brand","embeddable":true,"href":"https:\/\/nbg.eu\/fr\/wp-json\/wp\/v2\/product_brand?post=689336"},{"taxonomy":"product_cat","embeddable":true,"href":"https:\/\/nbg.eu\/fr\/wp-json\/wp\/v2\/product_cat?post=689336"},{"taxonomy":"product_tag","embeddable":true,"href":"https:\/\/nbg.eu\/fr\/wp-json\/wp\/v2\/product_tag?post=689336"}],"curies":[{"name":"wp","href":"https:\/\/api.w.org\/{rel}","templated":true}]}}