{"id":689383,"date":"2024-08-18T12:25:44","date_gmt":"2024-08-18T09:25:44","guid":{"rendered":"https:\/\/nbg.eu\/product\/extractor-spring-kmr\/"},"modified":"2026-05-13T16:00:57","modified_gmt":"2026-05-13T13:00:57","slug":"extractor-spring-kmr","status":"publish","type":"product","link":"https:\/\/nbg.eu\/fr\/produit\/extractor-spring-kmr\/","title":{"rendered":"KMR Ressort d&rsquo;Extracteur"},"content":{"rendered":"<h2>Extractor Spring KMR &#8211; Performances fiables des armes<\/h2>\n<p>Am\u00e9liorez les performances de votre arme avec le Extractor Spring KMR, un composant essentiel con\u00e7u pour des mod\u00e8les KMR sp\u00e9cifiques. Ce ressort de haute qualit\u00e9 assure un fonctionnement fluide et fiable, am\u00e9liorant les fonctionnalit\u00e9s de votre arme \u00e0 feu.<\/p>\n<p>Fabriqu\u00e9 avec une ing\u00e9nierie de pr\u00e9cision, le Extractor Spring KMR est r\u00e9alis\u00e9 \u00e0 partir de mat\u00e9riaux durables qui peuvent r\u00e9sister aux rigueurs d&rsquo;une utilisation r\u00e9guli\u00e8re. Sa conception et sa construction r\u00e9duisent le risque de dysfonctionnements, vous offrant la paix de l&rsquo;esprit et la confiance dans la fiabilit\u00e9 de votre arme. Mettez \u00e0 niveau votre KMR avec ce ressort et d\u00e9couvrez la diff\u00e9rence dans un fonctionnement fluide, constant et fiable.<\/p>\n<p>Que vous soyez un tireur chevronn\u00e9 ou un professionnel, le ressort d&rsquo;extracteur est un accessoire indispensable pour votre arme \u00e9quip\u00e9e de KMR. Investissez dans ce composant essentiel et \u00e9levez votre exp\u00e9rience de tir \u00e0 de nouveaux sommets.<\/p>\n<\/p>\n<p>Pour les armes KMR :<\/p>\n<\/p>\n<p>KMR L-02 EMIQ<\/p>\n<\/p>\n<p>KMR L-02 ORCA JUSQU&rsquo;EN 2023<\/p>\n<\/p>\n<p>KMR W-02 UMBRA<\/p>\n","protected":false},"excerpt":{"rendered":"<p>Ressort d&rsquo;extracteur pour armes KMR, compatible avec les mod\u00e8les L-02 EMIQ, L-02 ORCA (jusqu&rsquo;en 2023) et W-02 UMBRA.<\/p>\n","protected":false},"featured_media":26073,"template":"","meta":{"_acf_changed":false},"product_brand":[11499],"product_cat":[12143,12161],"product_tag":[],"class_list":{"0":"post-689383","1":"product","2":"type-product","3":"status-publish","4":"has-post-thumbnail","6":"product_brand-kmr-precision","7":"product_cat-pieces-kmr","8":"product_cat-ressorts","10":"first","11":"instock","12":"taxable","13":"shipping-taxable","14":"product-type-simple"},"acf":[],"_links":{"self":[{"href":"https:\/\/nbg.eu\/fr\/wp-json\/wp\/v2\/product\/689383","targetHints":{"allow":["GET"]}}],"collection":[{"href":"https:\/\/nbg.eu\/fr\/wp-json\/wp\/v2\/product"}],"about":[{"href":"https:\/\/nbg.eu\/fr\/wp-json\/wp\/v2\/types\/product"}],"wp:featuredmedia":[{"embeddable":true,"href":"https:\/\/nbg.eu\/fr\/wp-json\/wp\/v2\/media\/26073"}],"wp:attachment":[{"href":"https:\/\/nbg.eu\/fr\/wp-json\/wp\/v2\/media?parent=689383"}],"wp:term":[{"taxonomy":"product_brand","embeddable":true,"href":"https:\/\/nbg.eu\/fr\/wp-json\/wp\/v2\/product_brand?post=689383"},{"taxonomy":"product_cat","embeddable":true,"href":"https:\/\/nbg.eu\/fr\/wp-json\/wp\/v2\/product_cat?post=689383"},{"taxonomy":"product_tag","embeddable":true,"href":"https:\/\/nbg.eu\/fr\/wp-json\/wp\/v2\/product_tag?post=689383"}],"curies":[{"name":"wp","href":"https:\/\/api.w.org\/{rel}","templated":true}]}}