{"id":689412,"date":"2024-09-18T13:09:26","date_gmt":"2024-09-18T10:09:26","guid":{"rendered":"https:\/\/nbg.eu\/product\/extractor-spring-or-kmr\/"},"modified":"2026-05-13T16:02:17","modified_gmt":"2026-05-13T13:02:17","slug":"extractor-spring-or-kmr","status":"publish","type":"product","link":"https:\/\/nbg.eu\/fr\/produit\/extractor-spring-or-kmr\/","title":{"rendered":"KMR Ressort d&rsquo;Extracteur OR"},"content":{"rendered":"<h2>RESSORT D&rsquo;EXTRACTEUR OU KMR<\/h2>\n<p>Fabriqu\u00e9 \u00e0 partir de mat\u00e9riaux de haute qualit\u00e9 et con\u00e7u pour r\u00e9sister aux exigences d&rsquo;une utilisation intensive, ce ressort fournit la tension et la r\u00e9activit\u00e9 n\u00e9cessaires pour que le m\u00e9canisme d&rsquo;extracteur de votre arme fonctionne en douceur. Que vous participiez \u00e0 des \u00e9v\u00e9nements de tir sportif, \u00e0 des entra\u00eenements tactiques ou que vous comptiez sur votre KMR pour votre s\u00e9curit\u00e9 personnelle, ce ressort de rechange assure un fonctionnement fluide et fiable, encore et encore.<\/p>\n<p>La mise \u00e0 niveau ou le remplacement de votre ressort est un processus simple et direct, vous permettant de maintenir les performances maximales de votre KMR et d&rsquo;en prolonger la dur\u00e9e de service. Gr\u00e2ce \u00e0 son ajustement pr\u00e9cis et \u00e0 sa facilit\u00e9 d&rsquo;installation, vous pouvez remettre votre arme en service rapidement, vous assurant d&rsquo;\u00eatre toujours pr\u00eat pour le prochain d\u00e9fi.<\/p>\n<\/p>\n<p>Pour les armes KMR :<\/p>\n<\/p>\n<p>KMR L-02 EMIQ (OU)<\/p>\n<\/p>\n<p>KMR L-02 SPECTRA \u00c0 PARTIR DE 2024<\/p>\n<\/p>\n<p>KMR L-02 SPECTRA JUSQU&rsquo;\u00c0 2023<\/p>\n<\/p>\n<p>KMR L-02 UMBRA (OU) SR<\/p>\n<\/p>\n<p>KMR W-02 CUDA (OU)<\/p>\n<\/p>\n<p>KMR W-02 UMBRA (OU)<\/p>\n","protected":false},"excerpt":{"rendered":"<p>Ressort d&rsquo;extracteur de rechange pour les armes KMR L-02 et KMR W-02.<\/p>\n","protected":false},"featured_media":24776,"template":"","meta":{"_acf_changed":false},"product_brand":[11499],"product_cat":[12143,12161],"product_tag":[],"class_list":{"0":"post-689412","1":"product","2":"type-product","3":"status-publish","4":"has-post-thumbnail","6":"product_brand-kmr-precision","7":"product_cat-pieces-kmr","8":"product_cat-ressorts","10":"first","11":"instock","12":"taxable","13":"shipping-taxable","14":"product-type-simple"},"acf":[],"_links":{"self":[{"href":"https:\/\/nbg.eu\/fr\/wp-json\/wp\/v2\/product\/689412","targetHints":{"allow":["GET"]}}],"collection":[{"href":"https:\/\/nbg.eu\/fr\/wp-json\/wp\/v2\/product"}],"about":[{"href":"https:\/\/nbg.eu\/fr\/wp-json\/wp\/v2\/types\/product"}],"wp:featuredmedia":[{"embeddable":true,"href":"https:\/\/nbg.eu\/fr\/wp-json\/wp\/v2\/media\/24776"}],"wp:attachment":[{"href":"https:\/\/nbg.eu\/fr\/wp-json\/wp\/v2\/media?parent=689412"}],"wp:term":[{"taxonomy":"product_brand","embeddable":true,"href":"https:\/\/nbg.eu\/fr\/wp-json\/wp\/v2\/product_brand?post=689412"},{"taxonomy":"product_cat","embeddable":true,"href":"https:\/\/nbg.eu\/fr\/wp-json\/wp\/v2\/product_cat?post=689412"},{"taxonomy":"product_tag","embeddable":true,"href":"https:\/\/nbg.eu\/fr\/wp-json\/wp\/v2\/product_tag?post=689412"}],"curies":[{"name":"wp","href":"https:\/\/api.w.org\/{rel}","templated":true}]}}