{"id":689452,"date":"2024-08-17T15:26:35","date_gmt":"2024-08-17T12:26:35","guid":{"rendered":"https:\/\/nbg.eu\/product\/fiber-optic-front-sight-kmr-625xd1x3-red\/"},"modified":"2026-05-13T16:03:18","modified_gmt":"2026-05-13T13:03:18","slug":"fiber-optic-front-sight-kmr-625xd1x3-red","status":"publish","type":"product","link":"https:\/\/nbg.eu\/fr\/produit\/fiber-optic-front-sight-kmr-625xd1x3-red\/","title":{"rendered":"KMR Guidon Fibre Optique 6.25xD1x3 Rouge"},"content":{"rendered":"<h2>Am\u00e9liorez votre vis\u00e9e d&rsquo;arme avec la FIBRE OPTIQUE AVANT SIGHT KMR 6,25xD1x3 ROUGE<\/h2>\n<p>Les dimensions de la vue de 6,25 x D1 x 3 en font un ajustement parfait pour votre arme, offrant une int\u00e9gration transparente sans compromettre la conception globale. La construction robuste et les mat\u00e9riaux durables utilis\u00e9s dans sa fabrication garantissent des performances \u00e0 long terme, m\u00eame dans des environnements exigeants.<\/p>\n<p>Que vous soyez engag\u00e9 dans des op\u00e9rations tactiques, des tirs de comp\u00e9tition ou une utilisation r\u00e9cr\u00e9ative, la fibre optique avant SIGHT am\u00e9liorera vos capacit\u00e9s de vis\u00e9e et vous donnera l&rsquo;avantage dont vous avez besoin. Faites confiance \u00e0 cet accessoire fiable et de haute qualit\u00e9 pour am\u00e9liorer la pr\u00e9cision et l&rsquo;exactitude de votre arme.<\/p>\n<p>Pour les armes KMR :<\/p>\n<p>KMR L-02 ORCA JUSQU&rsquo;EN 2023<\/p>\n<p>KMR W-02 UMBRA<\/p>\n<p>R\u00e9f\u00e9rence : 0501-04605-0001<\/p>\n","protected":false},"excerpt":{"rendered":"<p>Viseur avant en fibre optique pour armes KMR, 6,25xD1x3, rouge.<\/p>\n","protected":false},"featured_media":24130,"template":"","meta":{"_acf_changed":false},"product_brand":[11499],"product_cat":[12143],"product_tag":[],"class_list":{"0":"post-689452","1":"product","2":"type-product","3":"status-publish","4":"has-post-thumbnail","6":"product_brand-kmr-precision","7":"product_cat-pieces-kmr","9":"first","10":"instock","11":"taxable","12":"shipping-taxable","13":"product-type-simple"},"acf":[],"_links":{"self":[{"href":"https:\/\/nbg.eu\/fr\/wp-json\/wp\/v2\/product\/689452","targetHints":{"allow":["GET"]}}],"collection":[{"href":"https:\/\/nbg.eu\/fr\/wp-json\/wp\/v2\/product"}],"about":[{"href":"https:\/\/nbg.eu\/fr\/wp-json\/wp\/v2\/types\/product"}],"wp:featuredmedia":[{"embeddable":true,"href":"https:\/\/nbg.eu\/fr\/wp-json\/wp\/v2\/media\/24130"}],"wp:attachment":[{"href":"https:\/\/nbg.eu\/fr\/wp-json\/wp\/v2\/media?parent=689452"}],"wp:term":[{"taxonomy":"product_brand","embeddable":true,"href":"https:\/\/nbg.eu\/fr\/wp-json\/wp\/v2\/product_brand?post=689452"},{"taxonomy":"product_cat","embeddable":true,"href":"https:\/\/nbg.eu\/fr\/wp-json\/wp\/v2\/product_cat?post=689452"},{"taxonomy":"product_tag","embeddable":true,"href":"https:\/\/nbg.eu\/fr\/wp-json\/wp\/v2\/product_tag?post=689452"}],"curies":[{"name":"wp","href":"https:\/\/api.w.org\/{rel}","templated":true}]}}