{"id":689726,"date":"2024-08-17T15:11:05","date_gmt":"2024-08-17T12:11:05","guid":{"rendered":"https:\/\/nbg.eu\/product\/firing-pin-3x16-kmr\/"},"modified":"2026-05-13T16:02:51","modified_gmt":"2026-05-13T13:02:51","slug":"firing-pin-3x16-kmr","status":"publish","type":"product","link":"https:\/\/nbg.eu\/fr\/produit\/firing-pin-3x16-kmr\/","title":{"rendered":"KMR Goupille de Retenue du Percuteur 3&#215;16 S-02"},"content":{"rendered":"<h2>Percuteur 3X16 KMR : Fiabilit\u00e9 d&rsquo;allumage con\u00e7ue pour le tir de comp\u00e9tition<\/h2>\n<p>Con\u00e7u pour les exigences du tir de comp\u00e9tition, le percuteur 3X16 KMR offre une fiabilit\u00e9 d&rsquo;allumage sans compromis et une r\u00e9sistance aux chocs. Usin\u00e9 avec pr\u00e9cision aux dimensions de 3&#215;16 mm \u00e0 partir d&rsquo;acier tremp\u00e9 de haute qualit\u00e9, ce percuteur est con\u00e7u pour r\u00e9sister aux contraintes m\u00e9caniques r\u00e9p\u00e9t\u00e9es des tirs rapides sans d\u00e9formation ni cisaillement de la pointe.<\/p>\n<p>Des coups de percuteur centr\u00e9s et coh\u00e9rents emp\u00eachent les rat\u00e9s ou les d\u00e9flagrations, assurant une inflammation fiable \u00e0 chaque tir. La construction robuste et les tol\u00e9rances pr\u00e9cises du percuteur 3X16 KMR en font une mise \u00e0 niveau essentielle pour les tireurs de comp\u00e9tition s\u00e9rieux qui cherchent \u00e0 maximiser leurs performances et \u00e0 \u00e9liminer les dysfonctionnements.<\/p>\n<p>Que vous vous lanciez dans les d\u00e9fis d&rsquo;une comp\u00e9tition de type 3 gun ou que vous repoussiez les limites des capacit\u00e9s de votre pistolet KMR, le percuteur 3X16 KMR vous offre l&rsquo;allumage fiable et la durabilit\u00e9 durable dont vous avez besoin pour r\u00e9ussir. Mettez \u00e0 niveau votre KMR d\u00e8s aujourd&rsquo;hui et d\u00e9couvrez la diff\u00e9rence que peut apporter l&rsquo;ing\u00e9nierie de pr\u00e9cision.<\/p>\n","protected":false},"excerpt":{"rendered":"<p>Goupille de percussion en acier de pr\u00e9cision de 3&#215;16 mm, con\u00e7ue pour une fiabilit\u00e9 d&#8217;allumage et une r\u00e9sistance aux chocs dans les pistolets KMR.<\/p>\n","protected":false},"featured_media":23992,"template":"","meta":{"_acf_changed":false},"product_brand":[11499],"product_cat":[14766,12143],"product_tag":[],"class_list":{"0":"post-689726","1":"product","2":"type-product","3":"status-publish","4":"has-post-thumbnail","6":"product_brand-kmr-precision","7":"product_cat-percuteurs","8":"product_cat-pieces-kmr","10":"first","11":"instock","12":"taxable","13":"shipping-taxable","14":"product-type-simple"},"acf":[],"_links":{"self":[{"href":"https:\/\/nbg.eu\/fr\/wp-json\/wp\/v2\/product\/689726","targetHints":{"allow":["GET"]}}],"collection":[{"href":"https:\/\/nbg.eu\/fr\/wp-json\/wp\/v2\/product"}],"about":[{"href":"https:\/\/nbg.eu\/fr\/wp-json\/wp\/v2\/types\/product"}],"wp:featuredmedia":[{"embeddable":true,"href":"https:\/\/nbg.eu\/fr\/wp-json\/wp\/v2\/media\/23992"}],"wp:attachment":[{"href":"https:\/\/nbg.eu\/fr\/wp-json\/wp\/v2\/media?parent=689726"}],"wp:term":[{"taxonomy":"product_brand","embeddable":true,"href":"https:\/\/nbg.eu\/fr\/wp-json\/wp\/v2\/product_brand?post=689726"},{"taxonomy":"product_cat","embeddable":true,"href":"https:\/\/nbg.eu\/fr\/wp-json\/wp\/v2\/product_cat?post=689726"},{"taxonomy":"product_tag","embeddable":true,"href":"https:\/\/nbg.eu\/fr\/wp-json\/wp\/v2\/product_tag?post=689726"}],"curies":[{"name":"wp","href":"https:\/\/api.w.org\/{rel}","templated":true}]}}