{"id":689757,"date":"2024-08-17T18:12:25","date_gmt":"2024-08-17T15:12:25","guid":{"rendered":"https:\/\/nbg.eu\/product\/firing-pin-spring-kmr-s\/"},"modified":"2026-02-26T11:38:51","modified_gmt":"2026-02-26T08:38:51","slug":"firing-pin-spring-kmr-s","status":"publish","type":"product","link":"https:\/\/nbg.eu\/fr\/produit\/firing-pin-spring-kmr-s\/","title":{"rendered":"Ressort de percuteur KMR S"},"content":{"rendered":"<h2>Ressort de percuteur KMR S<\/h2>\n<p>Le ressort de percuteur KMR S est un ressort de remplacement de haute qualit\u00e9 con\u00e7u pour une vari\u00e9t\u00e9 de syst\u00e8mes d&rsquo;armes KMR.<\/p>\n<p>Fabriqu\u00e9 avec pr\u00e9cision et attention aux d\u00e9tails, ce ressort de percuteur assure une performance fiable et constante dans votre syst\u00e8me d&rsquo;arme KMR. Sa construction durable et ses mat\u00e9riariaux de haute qualit\u00e9 en font une option de remplacement durable pour maintenir le fonctionnement optimal de votre arme \u00e0 feu.<\/p>\n<p>Que vous soyez un tireur professionnel ou un passionn\u00e9, ce percuteur est un accessoire essentiel pour garder votre arme KMR fonctionnant au mieux. Mettez \u00e0 niveau votre arme \u00e0 feu avec ce composant fiable et durable et d\u00e9couvrez la diff\u00e9rence dans votre performance de tir.<\/p>\n<p>Pour les armes KMR :<\/p>\n<p>KMR S-01 LANCE (OU)<\/p>\n<p>KMR S-02 10 (OU) SR ADA<\/p>\n<p>KMR S-02 75 (OU) SR ADA<\/p>\n<p>KMR S-02 \u00c0 PARTIR DE 2024<\/p>\n<p>KMR S-02 SH1 (OU) SR ADA<\/p>\n<p>KMR S-02 SH2 (OU) SR ADA<\/p>\n<p>KMR S-02 TS (OU) SR ADA<\/p>\n<p>KMR S-02 JUSQU&rsquo;\u00c0 2023<\/p>\n","protected":false},"excerpt":{"rendered":"<p>Ressort de percuteur KMR S &#8211; pour KMR S-01, KMR S-02 et variantes.<\/p>\n","protected":false},"featured_media":24966,"template":"","meta":{"_acf_changed":false},"product_brand":[11499],"product_cat":[12143,12161],"product_tag":[],"class_list":{"0":"post-689757","1":"product","2":"type-product","3":"status-publish","4":"has-post-thumbnail","6":"product_brand-kmr-precision","7":"product_cat-pieces-kmr","8":"product_cat-ressorts","10":"first","11":"instock","12":"taxable","13":"shipping-taxable","14":"product-type-simple"},"acf":[],"_links":{"self":[{"href":"https:\/\/nbg.eu\/fr\/wp-json\/wp\/v2\/product\/689757","targetHints":{"allow":["GET"]}}],"collection":[{"href":"https:\/\/nbg.eu\/fr\/wp-json\/wp\/v2\/product"}],"about":[{"href":"https:\/\/nbg.eu\/fr\/wp-json\/wp\/v2\/types\/product"}],"wp:featuredmedia":[{"embeddable":true,"href":"https:\/\/nbg.eu\/fr\/wp-json\/wp\/v2\/media\/24966"}],"wp:attachment":[{"href":"https:\/\/nbg.eu\/fr\/wp-json\/wp\/v2\/media?parent=689757"}],"wp:term":[{"taxonomy":"product_brand","embeddable":true,"href":"https:\/\/nbg.eu\/fr\/wp-json\/wp\/v2\/product_brand?post=689757"},{"taxonomy":"product_cat","embeddable":true,"href":"https:\/\/nbg.eu\/fr\/wp-json\/wp\/v2\/product_cat?post=689757"},{"taxonomy":"product_tag","embeddable":true,"href":"https:\/\/nbg.eu\/fr\/wp-json\/wp\/v2\/product_tag?post=689757"}],"curies":[{"name":"wp","href":"https:\/\/api.w.org\/{rel}","templated":true}]}}