{"id":689772,"date":"2024-08-18T11:10:20","date_gmt":"2024-08-18T08:10:20","guid":{"rendered":"https:\/\/nbg.eu\/product\/firing-pin-screw-m4x5-din-913-kmr\/"},"modified":"2026-02-27T11:54:56","modified_gmt":"2026-02-27T08:54:56","slug":"firing-pin-screw-m4x5-din-913-kmr","status":"publish","type":"product","link":"https:\/\/nbg.eu\/fr\/produit\/firing-pin-screw-m4x5-din-913-kmr\/","title":{"rendered":"Vis de percuteur M4X5 Din 913 KMR"},"content":{"rendered":"<h2>Vis de goupille de percussion M4X5 Din 913 KMR<\/h2>\n<p>Con\u00e7ue avec pr\u00e9cision selon des sp\u00e9cifications rigoureuses, la vis de goupille de percussion M4X5 Din 913 KMR est fabriqu\u00e9e \u00e0 partir de mat\u00e9riaux de haute qualit\u00e9 pour r\u00e9sister aux contraintes d&rsquo;une utilisation exigeante. Ses dimensions de M4 x 5 mm et sa configuration DIN 913 en font un \u00e9l\u00e9ment parfaitement adapt\u00e9 aux mod\u00e8les d&rsquo;armes KMR d\u00e9sign\u00e9s, offrant un point de connexion s\u00fbr et fiable pour le m\u00e9canisme de percussion.<\/p>\n<p>Que vous proc\u00e9diez \u00e0 l&rsquo;entretien, \u00e0 la r\u00e9paration ou \u00e0 la mise \u00e0 niveau de votre syst\u00e8me d&rsquo;arme KMR, la vis de goupille de percussion M4X5 Din 913 KMR est un composant essentiel \u00e0 avoir sous la main. Sa durabilit\u00e9 et sa conception de pr\u00e9cision assurent des performances constantes et fiables, contribuant \u00e0 la fiabilit\u00e9 et \u00e0 l&rsquo;efficacit\u00e9 globales de votre arme.<\/p>\n<p>Pour les armes KMR :<\/p>\n<p>KMR S-01 LANCE (OR)<\/p>\n<p>KMR S-02 10 (OR) SR ADA<\/p>\n<p>KMR S-02 75 (OR) SR ADA<\/p>\n<p>KMR S-02 \u00c0 PARTIR DE 2024<\/p>\n<p>KMR S-02 SH1 (OR) SR ADA<\/p>\n<p>KMR S-02 SH2 (OR) SR ADA<\/p>\n<p>KMR S-02 TS (OR) SR ADA<\/p>\n<p>KMR S-02 JUSQU&rsquo;EN 2023<\/p>\n","protected":false},"excerpt":{"rendered":"<p>Vis de broche de percussion M4X5 Din 913 pour les mod\u00e8les KMR.<\/p>\n","protected":false},"featured_media":25335,"template":"","meta":{"_acf_changed":false},"product_brand":[11499],"product_cat":[14766,12143],"product_tag":[],"class_list":{"0":"post-689772","1":"product","2":"type-product","3":"status-publish","4":"has-post-thumbnail","6":"product_brand-kmr-precision","7":"product_cat-percuteurs","8":"product_cat-pieces-kmr","10":"first","11":"instock","12":"taxable","13":"shipping-taxable","14":"product-type-simple"},"acf":[],"_links":{"self":[{"href":"https:\/\/nbg.eu\/fr\/wp-json\/wp\/v2\/product\/689772","targetHints":{"allow":["GET"]}}],"collection":[{"href":"https:\/\/nbg.eu\/fr\/wp-json\/wp\/v2\/product"}],"about":[{"href":"https:\/\/nbg.eu\/fr\/wp-json\/wp\/v2\/types\/product"}],"wp:featuredmedia":[{"embeddable":true,"href":"https:\/\/nbg.eu\/fr\/wp-json\/wp\/v2\/media\/25335"}],"wp:attachment":[{"href":"https:\/\/nbg.eu\/fr\/wp-json\/wp\/v2\/media?parent=689772"}],"wp:term":[{"taxonomy":"product_brand","embeddable":true,"href":"https:\/\/nbg.eu\/fr\/wp-json\/wp\/v2\/product_brand?post=689772"},{"taxonomy":"product_cat","embeddable":true,"href":"https:\/\/nbg.eu\/fr\/wp-json\/wp\/v2\/product_cat?post=689772"},{"taxonomy":"product_tag","embeddable":true,"href":"https:\/\/nbg.eu\/fr\/wp-json\/wp\/v2\/product_tag?post=689772"}],"curies":[{"name":"wp","href":"https:\/\/api.w.org\/{rel}","templated":true}]}}