{"id":690612,"date":"2024-08-17T14:52:53","date_gmt":"2024-08-17T11:52:53","guid":{"rendered":"https:\/\/nbg.eu\/product\/fully-adjustable-sight-kmr-black-wide\/"},"modified":"2026-05-13T16:04:35","modified_gmt":"2026-05-13T13:04:35","slug":"fully-adjustable-sight-kmr-black-wide","status":"publish","type":"product","link":"https:\/\/nbg.eu\/fr\/produit\/fully-adjustable-sight-kmr-black-wide\/","title":{"rendered":"KMR Hausse Enti\u00e8rement R\u00e9glable Noir Large"},"content":{"rendered":"<h2>Viseur enti\u00e8rement r\u00e9glable KMR Noir-Large : Ma\u00eetrise de la pr\u00e9cision pour les tireurs comp\u00e9titifs<\/h2>\n<p>Le viseur enti\u00e8rement r\u00e9glable KMR Noir-Large est l&rsquo;accessoire ultime pour les tireurs comp\u00e9titifs \u00e0 la recherche d&rsquo;une pr\u00e9cision et d&rsquo;une polyvalence in\u00e9gal\u00e9es. Con\u00e7u avec un accent mis sur le r\u00e9glage de l&rsquo;\u00e9l\u00e9vation\/d\u00e9rive et l&rsquo;acquisition de cibles \u00e0 fort contraste, ce viseur offre les performances dont vous avez besoin pour dominer le champ de tir.<\/p>\n<p>Avec un r\u00e9glage par cliquet microm\u00e9trique, le KMR Noir-Large vous permet de r\u00e9gler pr\u00e9cis\u00e9ment le point d&rsquo;impact sur votre charge et votre distance sp\u00e9cifiques, garantissant une pr\u00e9cision irr\u00e9prochable. La large encoche arri\u00e8re offre une image de vis\u00e9e sup\u00e9rieure pour des transitions rapides, tandis que le fini mat noir antireflet \u00e9limine l&rsquo;\u00e9blouissement du soleil pour un profil net en noir sur noir.<\/p>\n<p>Que vous participiez \u00e0 des comp\u00e9titions de pr\u00e9cision longue port\u00e9e ou que vous navigiez dans des d\u00e9fis d&rsquo;acier dynamiques, le viseur enti\u00e8rement r\u00e9glable KMR Noir-Large est la cl\u00e9 pour d\u00e9bloquer votre v\u00e9ritable potentiel. Am\u00e9liorez votre \u00e9quipement et portez votre tir \u00e0 de nouveaux sommets avec ce syst\u00e8me de vis\u00e9e exceptionnel.<\/p>\n","protected":false},"excerpt":{"rendered":"<p>Vis\u00e9e enti\u00e8rement r\u00e9glable KMR Noir-Large &#8211; R\u00e9glage de pr\u00e9cision en \u00e9l\u00e9vation\/d\u00e9rive et acquisition de cible \u00e0 fort contraste.<\/p>\n","protected":false},"featured_media":30341,"template":"","meta":{"_acf_changed":false},"product_brand":[11499],"product_cat":[12143],"product_tag":[],"class_list":{"0":"post-690612","1":"product","2":"type-product","3":"status-publish","4":"has-post-thumbnail","6":"product_brand-kmr-precision","7":"product_cat-pieces-kmr","9":"first","10":"instock","11":"taxable","12":"shipping-taxable","13":"product-type-simple"},"acf":[],"_links":{"self":[{"href":"https:\/\/nbg.eu\/fr\/wp-json\/wp\/v2\/product\/690612","targetHints":{"allow":["GET"]}}],"collection":[{"href":"https:\/\/nbg.eu\/fr\/wp-json\/wp\/v2\/product"}],"about":[{"href":"https:\/\/nbg.eu\/fr\/wp-json\/wp\/v2\/types\/product"}],"wp:featuredmedia":[{"embeddable":true,"href":"https:\/\/nbg.eu\/fr\/wp-json\/wp\/v2\/media\/30341"}],"wp:attachment":[{"href":"https:\/\/nbg.eu\/fr\/wp-json\/wp\/v2\/media?parent=690612"}],"wp:term":[{"taxonomy":"product_brand","embeddable":true,"href":"https:\/\/nbg.eu\/fr\/wp-json\/wp\/v2\/product_brand?post=690612"},{"taxonomy":"product_cat","embeddable":true,"href":"https:\/\/nbg.eu\/fr\/wp-json\/wp\/v2\/product_cat?post=690612"},{"taxonomy":"product_tag","embeddable":true,"href":"https:\/\/nbg.eu\/fr\/wp-json\/wp\/v2\/product_tag?post=690612"}],"curies":[{"name":"wp","href":"https:\/\/api.w.org\/{rel}","templated":true}]}}