{"id":690758,"date":"2024-08-16T23:16:01","date_gmt":"2024-08-16T20:16:01","guid":{"rendered":"https:\/\/nbg.eu\/product\/hammer-pin-kmr\/"},"modified":"2026-05-13T16:04:31","modified_gmt":"2026-05-13T13:04:31","slug":"hammer-pin-kmr","status":"publish","type":"product","link":"https:\/\/nbg.eu\/fr\/produit\/hammer-pin-kmr\/","title":{"rendered":"KMR Goupille de Chien"},"content":{"rendered":"<h2>Goupille de marteau pour pistolets KMR : Pr\u00e9cision et fiabilit\u00e9 pour votre syst\u00e8me d&rsquo;allumage<\/h2>\n<p>Assurez le fonctionnement fluide et r\u00e9gulier du syst\u00e8me d&rsquo;allumage de votre pistolet KMR avec notre goupille de marteau haut de gamme. Fabriqu\u00e9e en acier tremp\u00e9 usin\u00e9 avec pr\u00e9cision, cette goupille est con\u00e7ue pour servir d&rsquo;axe principal au mouvement du marteau, garantissant une chute de marteau et une g\u00e9om\u00e9trie de la d\u00e9tente fiables et r\u00e9p\u00e9tables.<\/p>\n<p>Pr\u00e9sentant un diam\u00e8tre d&rsquo;usine exact pour un ajustement parfait dans les ch\u00e2ssis KMR, notre goupille de marteau est con\u00e7ue pour pr\u00e9venir les probl\u00e8mes courants comme le \u00ab\u00a0d\u00e9placement de la goupille\u00a0\u00bb lors de tirs rapides. Son fini de surface r\u00e9sistant \u00e0 l&rsquo;usure renforce davantage la durabilit\u00e9 de la goupille, pr\u00e9servant l&rsquo;int\u00e9grit\u00e9 structurelle des composants essentiels de votre arme \u00e0 feu.<\/p>\n<p>Que vous soyez un tireur de comp\u00e9tition assidu ou un utilisateur r\u00e9cr\u00e9atif d\u00e9vou\u00e9, la goupille de marteau pour pistolets KMR est le composant essentiel dont vous avez besoin pour assurer le fonctionnement fluide et fiable de votre syst\u00e8me d&rsquo;allumage. Faites confiance \u00e0 son ing\u00e9nierie de pr\u00e9cision et \u00e0 ses performances ind\u00e9fectibles pour \u00e9lever votre exp\u00e9rience de tir \u00e0 de nouveaux sommets.<\/p>\n","protected":false},"excerpt":{"rendered":"<p>Goupille en acier tremp\u00e9 de pr\u00e9cision assurant un pivot de marteau stable et une d\u00e9tente souple pour les pistolets KMR.<\/p>\n","protected":false},"featured_media":23684,"template":"","meta":{"_acf_changed":false},"product_brand":[11499],"product_cat":[12143],"product_tag":[],"class_list":{"0":"post-690758","1":"product","2":"type-product","3":"status-publish","4":"has-post-thumbnail","6":"product_brand-kmr-precision","7":"product_cat-pieces-kmr","9":"first","10":"instock","11":"taxable","12":"shipping-taxable","13":"product-type-simple"},"acf":[],"_links":{"self":[{"href":"https:\/\/nbg.eu\/fr\/wp-json\/wp\/v2\/product\/690758","targetHints":{"allow":["GET"]}}],"collection":[{"href":"https:\/\/nbg.eu\/fr\/wp-json\/wp\/v2\/product"}],"about":[{"href":"https:\/\/nbg.eu\/fr\/wp-json\/wp\/v2\/types\/product"}],"wp:featuredmedia":[{"embeddable":true,"href":"https:\/\/nbg.eu\/fr\/wp-json\/wp\/v2\/media\/23684"}],"wp:attachment":[{"href":"https:\/\/nbg.eu\/fr\/wp-json\/wp\/v2\/media?parent=690758"}],"wp:term":[{"taxonomy":"product_brand","embeddable":true,"href":"https:\/\/nbg.eu\/fr\/wp-json\/wp\/v2\/product_brand?post=690758"},{"taxonomy":"product_cat","embeddable":true,"href":"https:\/\/nbg.eu\/fr\/wp-json\/wp\/v2\/product_cat?post=690758"},{"taxonomy":"product_tag","embeddable":true,"href":"https:\/\/nbg.eu\/fr\/wp-json\/wp\/v2\/product_tag?post=690758"}],"curies":[{"name":"wp","href":"https:\/\/api.w.org\/{rel}","templated":true}]}}