{"id":690776,"date":"2024-08-17T15:16:50","date_gmt":"2024-08-17T12:16:50","guid":{"rendered":"https:\/\/nbg.eu\/product\/hammer-pin-safety-pin-kmr\/"},"modified":"2026-05-13T16:03:39","modified_gmt":"2026-05-13T13:03:39","slug":"hammer-pin-safety-pin-kmr","status":"publish","type":"product","link":"https:\/\/nbg.eu\/fr\/produit\/hammer-pin-safety-pin-kmr\/","title":{"rendered":"KMR Goupille de S\u00e9curit\u00e9 du Chien"},"content":{"rendered":"<h2>Goupille de s\u00e9curit\u00e9 du marteau pour les pistolets KMR<\/h2>\n<p>Assurez l&rsquo;alignement pr\u00e9cis et le fonctionnement fluide du marteau et de la s\u00e9curit\u00e9 manuelle de votre pistolet KMR avec la Goupille de s\u00e9curit\u00e9 du marteau. Ce composant usin\u00e9 avec pr\u00e9cision est fabriqu\u00e9 en acier \u00e0 outils durci selon les sp\u00e9cifications d&rsquo;usine KMR, offrant une durabilit\u00e9 et une r\u00e9sistance au cisaillement sup\u00e9rieures face au recul.<\/p>\n<p>La Goupille de s\u00e9curit\u00e9 du marteau sert un double objectif, assurant \u00e0 la fois la r\u00e9tention fiable et la stabilit\u00e9 de pivot pour les m\u00e9canismes du marteau et du levier de s\u00e9curit\u00e9. En maintenant un alignement parfait, elle contribue \u00e0 pr\u00e9server une d\u00e9tente nette et un engagement de s\u00e9curit\u00e9 positif, tout en emp\u00eachant tout mouvement lat\u00e9ral ind\u00e9sirable dans le cadre.<\/p>\n<p>Approuv\u00e9e par les propri\u00e9taires de KMR les plus exigeants, cette mise \u00e0 niveau essentielle garantit que les commandes critiques de votre pistolet restent parfaitement positionn\u00e9es, m\u00eame dans les conditions les plus exigeantes. Faites l&rsquo;exp\u00e9rience de la confiance d&rsquo;un fonctionnement fluide et constant et d&rsquo;une fonctionnalit\u00e9 de s\u00e9curit\u00e9 ind\u00e9fectible avec la Goupille de s\u00e9curit\u00e9 du marteau pour votre pistolet KMR.<\/p>\n","protected":false},"excerpt":{"rendered":"<p>Marteau de pr\u00e9cision et \u00e9pingle de s\u00fbret\u00e9 pour les pistolets KMR, garantit l&#8217;alignement et un fonctionnement en douceur.<\/p>\n","protected":false},"featured_media":24084,"template":"","meta":{"_acf_changed":false},"product_brand":[11499],"product_cat":[12143],"product_tag":[],"class_list":{"0":"post-690776","1":"product","2":"type-product","3":"status-publish","4":"has-post-thumbnail","6":"product_brand-kmr-precision","7":"product_cat-pieces-kmr","9":"first","10":"instock","11":"taxable","12":"shipping-taxable","13":"product-type-simple"},"acf":[],"_links":{"self":[{"href":"https:\/\/nbg.eu\/fr\/wp-json\/wp\/v2\/product\/690776","targetHints":{"allow":["GET"]}}],"collection":[{"href":"https:\/\/nbg.eu\/fr\/wp-json\/wp\/v2\/product"}],"about":[{"href":"https:\/\/nbg.eu\/fr\/wp-json\/wp\/v2\/types\/product"}],"wp:featuredmedia":[{"embeddable":true,"href":"https:\/\/nbg.eu\/fr\/wp-json\/wp\/v2\/media\/24084"}],"wp:attachment":[{"href":"https:\/\/nbg.eu\/fr\/wp-json\/wp\/v2\/media?parent=690776"}],"wp:term":[{"taxonomy":"product_brand","embeddable":true,"href":"https:\/\/nbg.eu\/fr\/wp-json\/wp\/v2\/product_brand?post=690776"},{"taxonomy":"product_cat","embeddable":true,"href":"https:\/\/nbg.eu\/fr\/wp-json\/wp\/v2\/product_cat?post=690776"},{"taxonomy":"product_tag","embeddable":true,"href":"https:\/\/nbg.eu\/fr\/wp-json\/wp\/v2\/product_tag?post=690776"}],"curies":[{"name":"wp","href":"https:\/\/api.w.org\/{rel}","templated":true}]}}