{"id":690878,"date":"2024-09-18T20:49:20","date_gmt":"2024-09-18T17:49:20","guid":{"rendered":"https:\/\/nbg.eu\/product\/holosun-1-63-riser-for-hs510c-red-dot-sight-hs-riser-510c\/"},"modified":"2026-05-13T16:02:31","modified_gmt":"2026-05-13T13:02:31","slug":"holosun-1-63-riser-for-hs510c-red-dot-sight-hs-riser-510c","status":"publish","type":"product","link":"https:\/\/nbg.eu\/fr\/produit\/holosun-1-63-riser-for-hs510c-red-dot-sight-hs-riser-510c\/","title":{"rendered":"Holosun 1.63&Prime; Riser for HS510C Red Dot Sight | HS-RISER-510C"},"content":{"rendered":"<h2><span style=\"font-size: 170%\">Montage sur\u00e9lev\u00e9 Holosun 1,63 pouces HS-RISER-510C pour HS510C<\/span><\/h2>\n<p>\u00c9levez votre exp\u00e9rience de tir avec le support sur\u00e9lev\u00e9 HOLOSUN, sp\u00e9cialement con\u00e7u pour le HS510C. Ce montage offre une ligne de vis\u00e9e parfaite de 1,63 pouces, id\u00e9al pour les armes \u00e0 feu avec des crosses droites o\u00f9 le reposoir d&rsquo;\u00e9paule s&rsquo;aligne avec la bo\u00eete d&rsquo;action de l&rsquo;arme.<\/p>\n<h2>Principales caract\u00e9ristiques :<\/h2>\n<ul>\n<li>Manipulation et installation faciles<\/li>\n<li>Conception compacte pour des performances optimales<\/li>\n<li>Extr\u00eame durabilit\u00e9 avec une construction en duraluminium robuste<\/li>\n<li>Pr\u00e9cision r\u00e9p\u00e9table pour un tir coh\u00e9rent<\/li>\n<li>Construction l\u00e9g\u00e8re mais robuste<\/li>\n<\/ul>\n<h2>Sp\u00e9cifications techniques :<\/h2>\n<ul>\n<li>Temp\u00e9rature de fonctionnement : -30\u00b0C \u00e0 60\u00b0C<\/li>\n<li>Temp\u00e9rature de stockage : -40\u00b0C \u00e0 70\u00b0C<\/li>\n<li>Dimensions : 80,5 x 40 x 5,5 mm<\/li>\n<li>Mat\u00e9riau : Aluminium<\/li>\n<li>Couleur : Noir<\/li>\n<li>Poids : 44 g<\/li>\n<\/ul>\n<p>Am\u00e9liorez votre Holosun HS510C avec ce support sur\u00e9lev\u00e9 de haute qualit\u00e9, con\u00e7u pour la pr\u00e9cision et la fiabilit\u00e9 dans diverses conditions de tir. Que vous soyez un professionnel ou un passionn\u00e9, le HS-RISER-510C est le compl\u00e9ment parfait pour am\u00e9liorer les performances de votre arme \u00e0 feu.<\/p>\n","protected":false},"excerpt":{"rendered":"<p>\u00c9levez votre HS510C avec ce support de montage durable de 4,14 cm de hauteur.<\/p>\n","protected":false},"featured_media":64729,"template":"","meta":{"_acf_changed":false},"product_brand":[11427],"product_cat":[14917],"product_tag":[],"class_list":{"0":"post-690878","1":"product","2":"type-product","3":"status-publish","4":"has-post-thumbnail","6":"product_brand-holosun","7":"product_cat-red-dot-sights-mounts-fr","9":"first","10":"instock","11":"taxable","12":"shipping-taxable","13":"purchasable","14":"product-type-simple"},"acf":[],"_links":{"self":[{"href":"https:\/\/nbg.eu\/fr\/wp-json\/wp\/v2\/product\/690878","targetHints":{"allow":["GET"]}}],"collection":[{"href":"https:\/\/nbg.eu\/fr\/wp-json\/wp\/v2\/product"}],"about":[{"href":"https:\/\/nbg.eu\/fr\/wp-json\/wp\/v2\/types\/product"}],"wp:featuredmedia":[{"embeddable":true,"href":"https:\/\/nbg.eu\/fr\/wp-json\/wp\/v2\/media\/64729"}],"wp:attachment":[{"href":"https:\/\/nbg.eu\/fr\/wp-json\/wp\/v2\/media?parent=690878"}],"wp:term":[{"taxonomy":"product_brand","embeddable":true,"href":"https:\/\/nbg.eu\/fr\/wp-json\/wp\/v2\/product_brand?post=690878"},{"taxonomy":"product_cat","embeddable":true,"href":"https:\/\/nbg.eu\/fr\/wp-json\/wp\/v2\/product_cat?post=690878"},{"taxonomy":"product_tag","embeddable":true,"href":"https:\/\/nbg.eu\/fr\/wp-json\/wp\/v2\/product_tag?post=690878"}],"curies":[{"name":"wp","href":"https:\/\/api.w.org\/{rel}","templated":true}]}}