{"id":690990,"date":"2024-07-25T21:45:22","date_gmt":"2024-07-25T18:45:22","guid":{"rendered":"https:\/\/nbg.eu\/product\/hornady-6mm-arc-108gr-eld-match-ammunition\/"},"modified":"2026-05-13T15:11:56","modified_gmt":"2026-05-13T12:11:56","slug":"hornady-6mm-arc-108gr-eld-match-ammunition","status":"publish","type":"product","link":"https:\/\/nbg.eu\/fr\/produit\/hornady-6mm-arc-108gr-eld-match-ammunition\/","title":{"rendered":"Hornady 6mm ARC 108gr. ELD MATCH Ammunition"},"content":{"rendered":"<div class=\"product-description\">\n<h2>Cartouches Hornady 6mm ARC 108gr. ELD MATCH<\/h2>\n<p>D\u00e9couvrez une performance in\u00e9gal\u00e9e avec les cartouches Hornady 6mm ARC 108gr. ELD MATCH. Cette cartouche polyvalente offre :<\/p>\n<ul>\n<li>Une efficacit\u00e9 exceptionnelle avec des balles \u00e0 haut coefficient balistique<\/li>\n<li>Des performances sans pr\u00e9c\u00e9dent \u00e0 partir des plateformes AR-15<\/li>\n<li>Des r\u00e9sultats optimaux dans les armes de poing \u00e0 courte action ou micro-action<\/li>\n<li>Id\u00e9al pour le tir de comp\u00e9tition, la chasse et la d\u00e9fense personnelle<\/li>\n<li>Une performance terminale sup\u00e9rieure dans diverses applications<\/li>\n<\/ul>\n<p>Le 6mm ARC allie une conception de cartouche de pointe et des balles soigneusement s\u00e9lectionn\u00e9es, offrant l&rsquo;\u00e9quilibre parfait entre le poids du syst\u00e8me, les performances et la maniabilit\u00e9. Que vous soyez un tireur sportif, un chasseur ou un professionnel des forces de l&rsquo;ordre, cette munition vous apporte la pr\u00e9cision et la puissance dont vous avez besoin.<\/p>\n<\/div>\n","protected":false},"excerpt":{"rendered":"<p>Cartouche polyvalente 6mm ARC : Munition de match de pr\u00e9cision pour AR-15 et carabines \u00e0 verrou.<\/p>\n","protected":false},"featured_media":691072,"template":"","meta":{"_acf_changed":false},"product_brand":[11454],"product_cat":[12196,12206],"product_tag":[],"class_list":{"0":"post-690990","1":"product","2":"type-product","3":"status-publish","4":"has-post-thumbnail","6":"product_brand-hornady","7":"product_cat-munitions","8":"product_cat-munitions-de-fusil","10":"first","11":"instock","12":"taxable","13":"shipping-taxable","14":"purchasable","15":"product-type-simple"},"acf":[],"_links":{"self":[{"href":"https:\/\/nbg.eu\/fr\/wp-json\/wp\/v2\/product\/690990","targetHints":{"allow":["GET"]}}],"collection":[{"href":"https:\/\/nbg.eu\/fr\/wp-json\/wp\/v2\/product"}],"about":[{"href":"https:\/\/nbg.eu\/fr\/wp-json\/wp\/v2\/types\/product"}],"wp:featuredmedia":[{"embeddable":true,"href":"https:\/\/nbg.eu\/fr\/wp-json\/wp\/v2\/media\/691072"}],"wp:attachment":[{"href":"https:\/\/nbg.eu\/fr\/wp-json\/wp\/v2\/media?parent=690990"}],"wp:term":[{"taxonomy":"product_brand","embeddable":true,"href":"https:\/\/nbg.eu\/fr\/wp-json\/wp\/v2\/product_brand?post=690990"},{"taxonomy":"product_cat","embeddable":true,"href":"https:\/\/nbg.eu\/fr\/wp-json\/wp\/v2\/product_cat?post=690990"},{"taxonomy":"product_tag","embeddable":true,"href":"https:\/\/nbg.eu\/fr\/wp-json\/wp\/v2\/product_tag?post=690990"}],"curies":[{"name":"wp","href":"https:\/\/api.w.org\/{rel}","templated":true}]}}