{"id":691120,"date":"2025-03-04T21:24:07","date_gmt":"2025-03-04T18:24:07","guid":{"rendered":"https:\/\/nbg.eu\/product\/kmr-hand-stop-set-m-lok-alu-black\/"},"modified":"2026-05-13T15:56:48","modified_gmt":"2026-05-13T12:56:48","slug":"kmr-hand-stop-set-m-lok-alu-black","status":"publish","type":"product","link":"https:\/\/nbg.eu\/fr\/produit\/kmr-hand-stop-set-m-lok-alu-black\/","title":{"rendered":"KMR Kit Hand Stop M-LOK ALU Noir"},"content":{"rendered":"<h2>Ensemble d&rsquo;arr\u00eat de main KMR (M-LOK) \u2013 Aluminium, Noir<\/h2>\n<p>\u00c9levez votre exp\u00e9rience de tir avec l&rsquo;ensemble d&rsquo;arr\u00eat de main KMR, un accessoire polyvalent con\u00e7u pour am\u00e9liorer la gestion du recul, l&rsquo;indexation de la main et le contr\u00f4le global de l&rsquo;arme. Fabriqu\u00e9 en aluminium l\u00e9ger usin\u00e9 CNC et dot\u00e9 d&rsquo;une finition anodis\u00e9e noire mate, cet ensemble d&rsquo;arr\u00eat de main s&rsquo;int\u00e8gre parfaitement \u00e0 votre arme \u00e0 feu compatible M-LOK.<\/p>\n<p>La conception modulaire \u00e0 deux pi\u00e8ces ou textur\u00e9e fournit un point de r\u00e9f\u00e9rence physique constant pour votre main de support, assurant une prise r\u00e9p\u00e9table et emp\u00eachant votre main de glisser vers la bouche. En vous permettant de \u00ab\u00a0tirer\u00a0\u00bb le fusil contre votre \u00e9paule, l&rsquo;ensemble d&rsquo;arr\u00eat de main KMR offre un tir beaucoup plus plat et des tirs de suivi plus rapides, am\u00e9liorant ainsi votre pr\u00e9cision et vos performances de tir globales.<\/p>\n<p>Que vous soyez un tireur d&rsquo;\u00e9lite exp\u00e9riment\u00e9 ou un passionn\u00e9 amateur, l&rsquo;ensemble d&rsquo;arr\u00eat de main KMR est une mise \u00e0 niveau indispensable pour votre arme \u00e0 feu. \u00c9levez votre exp\u00e9rience de tir et portez vos comp\u00e9tences \u00e0 de nouveaux sommets avec cet accessoire innovant et fiable.<\/p>\n","protected":false},"excerpt":{"rendered":"<p>Ensemble de butoirs pour main KMR, M-LOK, aluminium, noir &#8211; Gestion am\u00e9lior\u00e9e du recul et contr\u00f4le de l&rsquo;arme.<\/p>\n","protected":false},"featured_media":236517,"template":"","meta":{"_acf_changed":false},"product_brand":[11499],"product_cat":[12193,12143,12151,12154],"product_tag":[],"class_list":{"0":"post-691120","1":"product","2":"type-product","3":"status-publish","4":"has-post-thumbnail","6":"product_brand-kmr-precision","7":"product_cat-fusil","8":"product_cat-pieces-kmr","9":"product_cat-poignees-de-fusil","10":"product_cat-tuning-fusil","12":"first","13":"instock","14":"taxable","15":"shipping-taxable","16":"purchasable","17":"product-type-simple"},"acf":[],"_links":{"self":[{"href":"https:\/\/nbg.eu\/fr\/wp-json\/wp\/v2\/product\/691120","targetHints":{"allow":["GET"]}}],"collection":[{"href":"https:\/\/nbg.eu\/fr\/wp-json\/wp\/v2\/product"}],"about":[{"href":"https:\/\/nbg.eu\/fr\/wp-json\/wp\/v2\/types\/product"}],"wp:featuredmedia":[{"embeddable":true,"href":"https:\/\/nbg.eu\/fr\/wp-json\/wp\/v2\/media\/236517"}],"wp:attachment":[{"href":"https:\/\/nbg.eu\/fr\/wp-json\/wp\/v2\/media?parent=691120"}],"wp:term":[{"taxonomy":"product_brand","embeddable":true,"href":"https:\/\/nbg.eu\/fr\/wp-json\/wp\/v2\/product_brand?post=691120"},{"taxonomy":"product_cat","embeddable":true,"href":"https:\/\/nbg.eu\/fr\/wp-json\/wp\/v2\/product_cat?post=691120"},{"taxonomy":"product_tag","embeddable":true,"href":"https:\/\/nbg.eu\/fr\/wp-json\/wp\/v2\/product_tag?post=691120"}],"curies":[{"name":"wp","href":"https:\/\/api.w.org\/{rel}","templated":true}]}}