{"id":691129,"date":"2025-03-07T13:06:11","date_gmt":"2025-03-07T10:06:11","guid":{"rendered":"https:\/\/nbg.eu\/product\/kmr-or-aimpoint-acro-mounting-kit-for-l-02-w-02-steel-black\/"},"modified":"2026-05-13T16:48:14","modified_gmt":"2026-05-13T13:48:14","slug":"kmr-or-aimpoint-acro-mounting-kit-for-l-02-w-02-steel-black","status":"publish","type":"product","link":"https:\/\/nbg.eu\/fr\/produit\/kmr-or-aimpoint-acro-mounting-kit-for-l-02-w-02-steel-black\/","title":{"rendered":"KMR OR Aimpoint Acro Kit de Montage pour L-02, W-02 Acier Noir"},"content":{"rendered":"<h2>KMR &#8211; KIT DE MONTAGE AIMPOINT ACRO POUR L-02, W-02, ACIER NOIR<\/h2>\n<p>Le kit de montage Aimpoint ACRO pr\u00eat pour l&rsquo;optique (OR) KMR est la solution ultime pour une int\u00e9gration d&rsquo;optique solide et un alignement de co-vis\u00e9e parfait sur vos pistolets KMR L-02 et W-02. Usin\u00e9e avec pr\u00e9cision dans de l&rsquo;acier haute r\u00e9sistance, cette trousse de montage pr\u00e9sente une empreinte sp\u00e9cifique pour l&rsquo;Aimpoint ACRO, un design \u00e0 profil bas et une finition noire anti-corrosion pour une apparence \u00e9l\u00e9gante et durable.<\/p>\n<p>La construction en acier du kit de montage Aimpoint ACRO KMR OR garantit l&rsquo;absence de d\u00e9placement sous les fortes r\u00e9culades, offrant la solution de montage la plus fiable pour les viseurs \u00e0 \u00e9metteur ferm\u00e9. L&rsquo;ajustement de pr\u00e9cision garantit que votre optique reste z\u00e9ro m\u00eame lors d&rsquo;une utilisation intensive en comp\u00e9tition ou dans le cadre du service, en faisant le choix ultime pour les pistolets de la s\u00e9rie KMR OR.<\/p>\n","protected":false},"excerpt":{"rendered":"<p>KMR &#8211; KIT DE MONTAGE AIMPOINT ACRO POUR L-02, W-02, ACIER NOIR. Int\u00e9gration d&rsquo;optique solide et alignement parfait de la covisibilit\u00e9 pour les mod\u00e8les L-02 et W-02. Usin\u00e9 avec pr\u00e9cision dans de l&rsquo;acier haute r\u00e9sistance, empreinte sp\u00e9cifique Aimpoint ACRO, conception \u00e0 profil bas, finition anti-corrosive noire mate. Fournit la solution de montage la plus durable pour les vis\u00e9es \u00e0 \u00e9metteur ferm\u00e9 ; la construction en acier garantit l&rsquo;absence de d\u00e9calage sous les fortes r\u00e9ceptions, tandis que l&rsquo;ajustement de pr\u00e9cision garantit que l&rsquo;optique reste calibr\u00e9e, m\u00eame lors d&rsquo;une utilisation intensive en comp\u00e9tition ou de service sur les pistolets de la s\u00e9rie KMR OR.<\/p>\n","protected":false},"featured_media":246144,"template":"","meta":{"_acf_changed":false},"product_brand":[11499],"product_cat":[12139,12143,12175,14917],"product_tag":[],"class_list":{"0":"post-691129","1":"product","2":"type-product","3":"status-publish","4":"has-post-thumbnail","6":"product_brand-kmr-precision","7":"product_cat-pieces-de-pistolet","8":"product_cat-pieces-kmr","9":"product_cat-points-de-visee-pistolet","10":"product_cat-red-dot-sights-mounts-fr","12":"first","13":"instock","14":"taxable","15":"shipping-taxable","16":"purchasable","17":"product-type-simple"},"acf":[],"_links":{"self":[{"href":"https:\/\/nbg.eu\/fr\/wp-json\/wp\/v2\/product\/691129","targetHints":{"allow":["GET"]}}],"collection":[{"href":"https:\/\/nbg.eu\/fr\/wp-json\/wp\/v2\/product"}],"about":[{"href":"https:\/\/nbg.eu\/fr\/wp-json\/wp\/v2\/types\/product"}],"wp:featuredmedia":[{"embeddable":true,"href":"https:\/\/nbg.eu\/fr\/wp-json\/wp\/v2\/media\/246144"}],"wp:attachment":[{"href":"https:\/\/nbg.eu\/fr\/wp-json\/wp\/v2\/media?parent=691129"}],"wp:term":[{"taxonomy":"product_brand","embeddable":true,"href":"https:\/\/nbg.eu\/fr\/wp-json\/wp\/v2\/product_brand?post=691129"},{"taxonomy":"product_cat","embeddable":true,"href":"https:\/\/nbg.eu\/fr\/wp-json\/wp\/v2\/product_cat?post=691129"},{"taxonomy":"product_tag","embeddable":true,"href":"https:\/\/nbg.eu\/fr\/wp-json\/wp\/v2\/product_tag?post=691129"}],"curies":[{"name":"wp","href":"https:\/\/api.w.org\/{rel}","templated":true}]}}