{"id":691183,"date":"2025-03-04T21:26:30","date_gmt":"2025-03-04T18:26:30","guid":{"rendered":"https:\/\/nbg.eu\/product\/kmr-rail-set-m-lok-alu\/"},"modified":"2026-05-13T16:01:26","modified_gmt":"2026-05-13T13:01:26","slug":"kmr-rail-set-m-lok-alu","status":"publish","type":"product","link":"https:\/\/nbg.eu\/fr\/produit\/kmr-rail-set-m-lok-alu\/","title":{"rendered":"KMR Kit de Rails Picatinny M-LOK ALU"},"content":{"rendered":"<h2>ENSEMBLE DE RAIL KMR, M-LOK, ALU<\/h2>\n<p>Am\u00e9liorez la polyvalence de votre garde-main M-LOK avec l&rsquo;ENSEMBLE DE RAIL KMR, une solution de montage d&rsquo;accessoires robuste et l\u00e9g\u00e8re. Fabriqu\u00e9 \u00e0 partir d&rsquo;aluminium 6061-T6 de haute qualit\u00e9 \u00e0 l&rsquo;aide d&rsquo;un usinage de pr\u00e9cision CNC, cet ensemble de rail offre une interface Picatinny\/Mil-Std 1913 standard, vous permettant de fixer en toute s\u00e9curit\u00e9 une large gamme d&rsquo;accessoires tactiques tels que des lampes, des lasers, des poign\u00e9es et des bipodes.<\/p>\n<p>La finition noire anodis\u00e9e \u00e0 profil bas assure une durabilit\u00e9 maximale sans ajouter de poids ou de volume inutile \u00e0 l&rsquo;avant de votre arme \u00e0 feu. Avec le mat\u00e9riel de montage M-LOK inclus, vous pouvez facilement int\u00e9grer cet ensemble de rail dans votre garde-main M-LOK existant, cr\u00e9ant ainsi une plateforme modulaire et personnalisable pour r\u00e9pondre \u00e0 vos besoins sp\u00e9cifiques.<\/p>\n<p>Que vous cherchiez \u00e0 am\u00e9liorer les fonctionnalit\u00e9s de votre arme ou que vous souhaitiez simplement disposer d&rsquo;un moyen fiable de monter vos accessoires pr\u00e9f\u00e9r\u00e9s, l&rsquo;ENSEMBLE DE RAIL KMR, M-LOK, ALU est la solution id\u00e9ale. Con\u00e7u pour des performances et une durabilit\u00e9 optimales, cet accessoire vous aidera \u00e0 porter votre exp\u00e9rience de tir \u00e0 un niveau sup\u00e9rieur.<\/p>\n","protected":false},"excerpt":{"rendered":"<p>Ensemble de rails modulaires M-LOK en aluminium l\u00e9ger et durable avec interface Picatinny.<\/p>\n","protected":false},"featured_media":236680,"template":"","meta":{"_acf_changed":false},"product_brand":[11499],"product_cat":[12129,12193,14950,12207,12154],"product_tag":[],"class_list":{"0":"post-691183","1":"product","2":"type-product","3":"status-publish","4":"has-post-thumbnail","6":"product_brand-kmr-precision","7":"product_cat-bretelles","8":"product_cat-fusil","9":"product_cat-m-lok-rail-systems-fr","10":"product_cat-rails","11":"product_cat-tuning-fusil","13":"first","14":"instock","15":"taxable","16":"shipping-taxable","17":"purchasable","18":"product-type-variable","19":"wvs-archive-product-wrapper"},"acf":[],"_links":{"self":[{"href":"https:\/\/nbg.eu\/fr\/wp-json\/wp\/v2\/product\/691183","targetHints":{"allow":["GET"]}}],"collection":[{"href":"https:\/\/nbg.eu\/fr\/wp-json\/wp\/v2\/product"}],"about":[{"href":"https:\/\/nbg.eu\/fr\/wp-json\/wp\/v2\/types\/product"}],"wp:featuredmedia":[{"embeddable":true,"href":"https:\/\/nbg.eu\/fr\/wp-json\/wp\/v2\/media\/236680"}],"wp:attachment":[{"href":"https:\/\/nbg.eu\/fr\/wp-json\/wp\/v2\/media?parent=691183"}],"wp:term":[{"taxonomy":"product_brand","embeddable":true,"href":"https:\/\/nbg.eu\/fr\/wp-json\/wp\/v2\/product_brand?post=691183"},{"taxonomy":"product_cat","embeddable":true,"href":"https:\/\/nbg.eu\/fr\/wp-json\/wp\/v2\/product_cat?post=691183"},{"taxonomy":"product_tag","embeddable":true,"href":"https:\/\/nbg.eu\/fr\/wp-json\/wp\/v2\/product_tag?post=691183"}],"curies":[{"name":"wp","href":"https:\/\/api.w.org\/{rel}","templated":true}]}}