{"id":692246,"date":"2024-08-18T11:19:07","date_gmt":"2024-08-18T08:19:07","guid":{"rendered":"https:\/\/nbg.eu\/product\/magazine-catch-spring-screw-kmr\/"},"modified":"2026-05-13T16:47:49","modified_gmt":"2026-05-13T13:47:49","slug":"magazine-catch-spring-screw-kmr","status":"publish","type":"product","link":"https:\/\/nbg.eu\/fr\/produit\/magazine-catch-spring-screw-kmr\/","title":{"rendered":"KMR Vis du Ressort d&rsquo;Arr\u00eatoir"},"content":{"rendered":"<h2>Vis de retenue de magazine fiable<\/h2>\n<p>La vis de retenue de magazine KMR est un composant essentiel pour les syst\u00e8mes d&rsquo;armes de divers fabricants.<\/p>\n<p>Fabriqu\u00e9 selon les plus hautes normes, cette vis est le choix parfait pour les passionn\u00e9s d&rsquo;armes et les professionnels. Sa construction durable et son attention aux d\u00e9tails en font un accessoire indispensable pour toute armurerie bien \u00e9quip\u00e9e.<\/p>\n<p>Pour les armes KMR :<\/p>\n<p>KMR L-02 EMIQ<\/p>\n<p>KMR L-02 EMIQ (OU)<\/p>\n<p>KMR L-02 ORCA \u00c0 PARTIR DE 2024<\/p>\n<p>KMR L-02 ORCA JUSQU&rsquo;EN 2023<\/p>\n<p>KMR L-02 SPECTRA \u00c0 PARTIR DE 2024<\/p>\n<p>KMR L-02 SPECTRA JUSQU&rsquo;EN 2023<\/p>\n<p>KMR L-02 UMBRA (OU) SR<\/p>\n<p>KMR S-01 LANCE (OU)<\/p>\n<p>KMR S-02 \u00c0 PARTIR DE 2024<\/p>\n<p>KMR S-02 JUSQU&rsquo;EN 2023<\/p>\n<p>KMR W-02 CUDA (OU)<\/p>\n<p>KMR W-02 UMBRA<\/p>\n<p>KMR W-02 UMBRA (OU).<\/p>\n","protected":false},"excerpt":{"rendered":"<p>Vis de rappel de chargeur pour armes KMR.<\/p>\n","protected":false},"featured_media":25497,"template":"","meta":{"_acf_changed":false},"product_brand":[11499],"product_cat":[12143,12161],"product_tag":[],"class_list":{"0":"post-692246","1":"product","2":"type-product","3":"status-publish","4":"has-post-thumbnail","6":"product_brand-kmr-precision","7":"product_cat-pieces-kmr","8":"product_cat-ressorts","10":"first","11":"instock","12":"taxable","13":"shipping-taxable","14":"product-type-simple"},"acf":[],"_links":{"self":[{"href":"https:\/\/nbg.eu\/fr\/wp-json\/wp\/v2\/product\/692246","targetHints":{"allow":["GET"]}}],"collection":[{"href":"https:\/\/nbg.eu\/fr\/wp-json\/wp\/v2\/product"}],"about":[{"href":"https:\/\/nbg.eu\/fr\/wp-json\/wp\/v2\/types\/product"}],"wp:featuredmedia":[{"embeddable":true,"href":"https:\/\/nbg.eu\/fr\/wp-json\/wp\/v2\/media\/25497"}],"wp:attachment":[{"href":"https:\/\/nbg.eu\/fr\/wp-json\/wp\/v2\/media?parent=692246"}],"wp:term":[{"taxonomy":"product_brand","embeddable":true,"href":"https:\/\/nbg.eu\/fr\/wp-json\/wp\/v2\/product_brand?post=692246"},{"taxonomy":"product_cat","embeddable":true,"href":"https:\/\/nbg.eu\/fr\/wp-json\/wp\/v2\/product_cat?post=692246"},{"taxonomy":"product_tag","embeddable":true,"href":"https:\/\/nbg.eu\/fr\/wp-json\/wp\/v2\/product_tag?post=692246"}],"curies":[{"name":"wp","href":"https:\/\/api.w.org\/{rel}","templated":true}]}}