{"id":692304,"date":"2025-05-21T16:01:25","date_gmt":"2025-05-21T13:01:25","guid":{"rendered":"https:\/\/nbg.eu\/product\/magazine-kmr-l-02-orca-cal-9x19-19-rnds\/"},"modified":"2026-05-13T15:09:56","modified_gmt":"2026-05-13T12:09:56","slug":"magazine-kmr-l-02-orca-cal-9x19-19-rnds","status":"publish","type":"product","link":"https:\/\/nbg.eu\/fr\/produit\/magazine-kmr-l-02-orca-cal-9x19-19-rnds\/","title":{"rendered":"KMR Chargeur L-02 ORCA 9&#215;19 19 Cps"},"content":{"rendered":"<h2>MAGAZINE KMR L-02 ORCA cal. 9&#215;19 19 cartouches<\/h2>\n<p>Am\u00e9liorez les performances de votre pistolet KMR L-02 ORCA avec ce chargeur \u00e0 grande capacit\u00e9. Pouvant contenir 19 cartouches de 9x19mm, il assure une alimentation fiable et un fonctionnement en douceur, en faisant le compagnon id\u00e9al pour votre arme \u00e0 feu. Compatible avec les mod\u00e8les KMR L-02 EMIQ et EMIQ (OR), ce chargeur est indispensable pour ceux qui recherchent une capacit\u00e9 accrue et des fonctionnalit\u00e9s am\u00e9lior\u00e9es.<\/p>\n<p>R\u00e9f\u00e9rence : 1152-02402-0001<\/p>\n<p>Compatible avec :<\/p>\n<ul>\n<li>KMR L-02 EMIQ<\/li>\n<li>KMR L-02 EMIQ (OR)<\/li>\n<li>KMR L-02 ORCA JUSQU&rsquo;EN 2023<\/li>\n<\/ul>\n","protected":false},"excerpt":{"rendered":"<p>Chargeur grande capacit\u00e9 de 19 cartouches pour les pistolets KMR L-02 ORCA 9&#215;19. Alimentation fiable et fonctionnement fluide.<\/p>\n","protected":false},"featured_media":365241,"template":"","meta":{"_acf_changed":false},"product_brand":[11499],"product_cat":[12139,12143],"product_tag":[],"class_list":{"0":"post-692304","1":"product","2":"type-product","3":"status-publish","4":"has-post-thumbnail","6":"product_brand-kmr-precision","7":"product_cat-pieces-de-pistolet","8":"product_cat-pieces-kmr","10":"first","11":"instock","12":"taxable","13":"shipping-taxable","14":"product-type-simple"},"acf":[],"_links":{"self":[{"href":"https:\/\/nbg.eu\/fr\/wp-json\/wp\/v2\/product\/692304","targetHints":{"allow":["GET"]}}],"collection":[{"href":"https:\/\/nbg.eu\/fr\/wp-json\/wp\/v2\/product"}],"about":[{"href":"https:\/\/nbg.eu\/fr\/wp-json\/wp\/v2\/types\/product"}],"wp:featuredmedia":[{"embeddable":true,"href":"https:\/\/nbg.eu\/fr\/wp-json\/wp\/v2\/media\/365241"}],"wp:attachment":[{"href":"https:\/\/nbg.eu\/fr\/wp-json\/wp\/v2\/media?parent=692304"}],"wp:term":[{"taxonomy":"product_brand","embeddable":true,"href":"https:\/\/nbg.eu\/fr\/wp-json\/wp\/v2\/product_brand?post=692304"},{"taxonomy":"product_cat","embeddable":true,"href":"https:\/\/nbg.eu\/fr\/wp-json\/wp\/v2\/product_cat?post=692304"},{"taxonomy":"product_tag","embeddable":true,"href":"https:\/\/nbg.eu\/fr\/wp-json\/wp\/v2\/product_tag?post=692304"}],"curies":[{"name":"wp","href":"https:\/\/api.w.org\/{rel}","templated":true}]}}