{"id":692311,"date":"2025-05-20T23:13:22","date_gmt":"2025-05-20T20:13:22","guid":{"rendered":"https:\/\/nbg.eu\/product\/magazine-mec-gar-cal-9x19-17-rnds\/"},"modified":"2026-05-13T16:02:54","modified_gmt":"2026-05-13T13:02:54","slug":"magazine-mec-gar-cal-9x19-17-rnds","status":"publish","type":"product","link":"https:\/\/nbg.eu\/fr\/produit\/magazine-mec-gar-cal-9x19-17-rnds\/","title":{"rendered":"KMR Chargeur MEC-GAR 9&#215;19 17 Cps"},"content":{"rendered":"<h2>CHARGEUR MEC-GAR cal. 9&#215;19 17 cartouches<\/h2>\n<p>R\u00e9f\u00e9rence : 1152-01901-0000<\/p>\n<p>Chargeur grande capacit\u00e9 de 17 cartouches pour les pistolets 9x19mm. Compatible avec divers mod\u00e8les KMR, notamment SPECTRA, UMBRA et CUDA (versions 2023 et 2024). S&rsquo;adapte \u00e9galement aux pistolets CZ SHADOW 1, SHADOW 2 et SP-01. Une alimentation fiable et une construction durable assurent des performances optimales pour votre arme \u00e0 feu.<\/p>\n","protected":false},"excerpt":{"rendered":"<p>Chargeur haute capacit\u00e9 de 9 mm pour les pistolets KMR et CZ. 17 cartouches.<\/p>\n","protected":false},"featured_media":365189,"template":"","meta":{"_acf_changed":false},"product_brand":[11499],"product_cat":[12139,12143],"product_tag":[],"class_list":{"0":"post-692311","1":"product","2":"type-product","3":"status-publish","4":"has-post-thumbnail","6":"product_brand-kmr-precision","7":"product_cat-pieces-de-pistolet","8":"product_cat-pieces-kmr","10":"first","11":"instock","12":"taxable","13":"shipping-taxable","14":"product-type-simple"},"acf":[],"_links":{"self":[{"href":"https:\/\/nbg.eu\/fr\/wp-json\/wp\/v2\/product\/692311","targetHints":{"allow":["GET"]}}],"collection":[{"href":"https:\/\/nbg.eu\/fr\/wp-json\/wp\/v2\/product"}],"about":[{"href":"https:\/\/nbg.eu\/fr\/wp-json\/wp\/v2\/types\/product"}],"wp:featuredmedia":[{"embeddable":true,"href":"https:\/\/nbg.eu\/fr\/wp-json\/wp\/v2\/media\/365189"}],"wp:attachment":[{"href":"https:\/\/nbg.eu\/fr\/wp-json\/wp\/v2\/media?parent=692311"}],"wp:term":[{"taxonomy":"product_brand","embeddable":true,"href":"https:\/\/nbg.eu\/fr\/wp-json\/wp\/v2\/product_brand?post=692311"},{"taxonomy":"product_cat","embeddable":true,"href":"https:\/\/nbg.eu\/fr\/wp-json\/wp\/v2\/product_cat?post=692311"},{"taxonomy":"product_tag","embeddable":true,"href":"https:\/\/nbg.eu\/fr\/wp-json\/wp\/v2\/product_tag?post=692311"}],"curies":[{"name":"wp","href":"https:\/\/api.w.org\/{rel}","templated":true}]}}