{"id":692389,"date":"2024-08-18T11:19:05","date_gmt":"2024-08-18T08:19:05","guid":{"rendered":"https:\/\/nbg.eu\/product\/mag-release-button-screw-m3x6-iso-14581-kmr\/"},"modified":"2026-05-13T16:03:49","modified_gmt":"2026-05-13T13:03:49","slug":"mag-release-button-screw-m3x6-iso-14581-kmr","status":"publish","type":"product","link":"https:\/\/nbg.eu\/fr\/produit\/mag-release-button-screw-m3x6-iso-14581-kmr\/","title":{"rendered":"KMR Vis du Bouton de Lib\u00e9ration M3x6 ISO 14581"},"content":{"rendered":"<h2>Vis de bouton de lib\u00e9ration du chargeur M3X6 Iso 14581 KMR<\/h2>\n<p>Cette vis de bouton de lib\u00e9ration du chargeur M3X6 Iso 14581 est un composant essentiel pour une grande vari\u00e9t\u00e9 d&rsquo;armes KMR. Fabriqu\u00e9e selon les normes ISO 14581, cette vis assure une connexion s\u00fbre et fiable pour le bouton de lib\u00e9ration du chargeur, permettant un fonctionnement et un entretien fluides de l&rsquo;arme. D&rsquo;une taille de M3x6, cet accessoire est indispensable pour toute personne entretenant ou mettant \u00e0 niveau des armes \u00e0 feu compatibles KMR.<\/p>\n<p>Pour les armes KMR<\/p>\n<p>KMR L-02 EMIQ<\/p>\n<p>KMR L-02 EMIQ (OR)<\/p>\n<p>KMR L-02 ORCA \u00c0 PARTIR DE 2024<\/p>\n<p>KMR L-02 ORCA JUSQU&rsquo;EN 2023<\/p>\n<p>KMR L-02 SPECTRA \u00c0 PARTIR DE 2024<\/p>\n<p>KMR L-02 SPECTRA JUSQU&rsquo;EN 2023<\/p>\n<p>KMR L-02 UMBRA (OR) SR<\/p>\n<p>KMR S-01 LANCE (OR)<\/p>\n<p>KMR S-02 \u00c0 PARTIR DE 2024<\/p>\n<p>KMR S-02 JUSQU&rsquo;EN 2023<\/p>\n<p>KMR W-02 CUDA (OR)<\/p>\n<p>KMR W-02 UMBRA<\/p>\n<p>KMR W-02 UMBRA (OR<\/p>\n","protected":false},"excerpt":{"rendered":"<p>Vis de bouton de lib\u00e9ration de chargeur M3X6 Iso 14581 KMR pour diverses armes KMR.<\/p>\n","protected":false},"featured_media":25474,"template":"","meta":{"_acf_changed":false},"product_brand":[11499],"product_cat":[12143],"product_tag":[],"class_list":{"0":"post-692389","1":"product","2":"type-product","3":"status-publish","4":"has-post-thumbnail","6":"product_brand-kmr-precision","7":"product_cat-pieces-kmr","9":"first","10":"instock","11":"taxable","12":"shipping-taxable","13":"product-type-simple"},"acf":[],"_links":{"self":[{"href":"https:\/\/nbg.eu\/fr\/wp-json\/wp\/v2\/product\/692389","targetHints":{"allow":["GET"]}}],"collection":[{"href":"https:\/\/nbg.eu\/fr\/wp-json\/wp\/v2\/product"}],"about":[{"href":"https:\/\/nbg.eu\/fr\/wp-json\/wp\/v2\/types\/product"}],"wp:featuredmedia":[{"embeddable":true,"href":"https:\/\/nbg.eu\/fr\/wp-json\/wp\/v2\/media\/25474"}],"wp:attachment":[{"href":"https:\/\/nbg.eu\/fr\/wp-json\/wp\/v2\/media?parent=692389"}],"wp:term":[{"taxonomy":"product_brand","embeddable":true,"href":"https:\/\/nbg.eu\/fr\/wp-json\/wp\/v2\/product_brand?post=692389"},{"taxonomy":"product_cat","embeddable":true,"href":"https:\/\/nbg.eu\/fr\/wp-json\/wp\/v2\/product_cat?post=692389"},{"taxonomy":"product_tag","embeddable":true,"href":"https:\/\/nbg.eu\/fr\/wp-json\/wp\/v2\/product_tag?post=692389"}],"curies":[{"name":"wp","href":"https:\/\/api.w.org\/{rel}","templated":true}]}}