{"id":692537,"date":"2024-08-18T12:21:09","date_gmt":"2024-08-18T09:21:09","guid":{"rendered":"https:\/\/nbg.eu\/product\/main-spring-plug-kmr\/"},"modified":"2026-05-13T16:01:03","modified_gmt":"2026-05-13T13:01:03","slug":"main-spring-plug-kmr","status":"publish","type":"product","link":"https:\/\/nbg.eu\/fr\/produit\/main-spring-plug-kmr\/","title":{"rendered":"KMR Bouchon du Ressort Principal"},"content":{"rendered":"<h2>Bouchon principal de ressort KMR<\/h2>\n<p>Fabriqu\u00e9 avec pr\u00e9cision et attention aux d\u00e9tails, le bouchon principal de ressort KMR assure un fonctionnement en douceur et une fonctionnalit\u00e9 pr\u00e9cise dans les m\u00e9canismes de l&rsquo;arme. Sa compatibilit\u00e9 avec une large gamme de mod\u00e8les KMR, tant de la g\u00e9n\u00e9ration actuelle que des g\u00e9n\u00e9rations pr\u00e9c\u00e9dentes, en fait un composant polyvalent et essentiel pour les propri\u00e9taires d&rsquo;armes et les professionnels de la maintenance.<\/p>\n<p>Que vous proc\u00e9diez \u00e0 une mise \u00e0 niveau, \u00e0 un entretien ou au remplacement d&rsquo;un composant de votre arme \u00e9quip\u00e9e de KMR, le bouchon principal de ressort KMR est une pi\u00e8ce critique \u00e0 prendre en compte. Gr\u00e2ce \u00e0 sa construction fiable et \u00e0 son int\u00e9gration harmonieuse, ce bouchon contribue \u00e0 maintenir les performances optimales et la fiabilit\u00e9 de votre syst\u00e8me d&rsquo;arme, garantissant une exp\u00e9rience utilisateur constante et fiable.<\/p>\n<\/p>\n<p>Pour les armes KMR :<\/p>\n<\/p>\n<p>KMR L-02 EMIQ<\/p>\n<\/p>\n<p>KMR L-02 EMIQ (OR)<\/p>\n<\/p>\n<p>KMR L-02 ORCA \u00c0 PARTIR DE 2024<\/p>\n<\/p>\n<p>KMR L-02 ORCA JUSQU&rsquo;EN 2023<\/p>\n<\/p>\n<p>KMR L-02 SPECTRA \u00c0 PARTIR DE 2024<\/p>\n<\/p>\n<p>KMR L-02 SPECTRA JUSQU&rsquo;EN 2023<\/p>\n<\/p>\n<p>KMR S-01 LANCE (OR)<\/p>\n<\/p>\n<p>KMR S-02 \u00c0 PARTIR DE 2024<\/p>\n<\/p>\n<p>KMR S-02 JUSQU&rsquo;EN 2023<\/p>\n<\/p>\n<p>KMR W-02 CUDA (OR)<\/p>\n<\/p>\n<p>KMR W-02 UMBRA<\/p>\n<\/p>\n<p>KMR W-02 UMBRA (OR)<\/p>\n<\/p>\n<p>Num\u00e9ro de r\u00e9f\u00e9rence : 1160-00108-0401<\/p>\n","protected":false},"excerpt":{"rendered":"<p>Bouchon de ressort principal KMR pour armes KMR.<\/p>\n","protected":false},"featured_media":25958,"template":"","meta":{"_acf_changed":false},"product_brand":[11499],"product_cat":[12143,12161],"product_tag":[],"class_list":{"0":"post-692537","1":"product","2":"type-product","3":"status-publish","4":"has-post-thumbnail","6":"product_brand-kmr-precision","7":"product_cat-pieces-kmr","8":"product_cat-ressorts","10":"first","11":"instock","12":"taxable","13":"shipping-taxable","14":"product-type-simple"},"acf":[],"_links":{"self":[{"href":"https:\/\/nbg.eu\/fr\/wp-json\/wp\/v2\/product\/692537","targetHints":{"allow":["GET"]}}],"collection":[{"href":"https:\/\/nbg.eu\/fr\/wp-json\/wp\/v2\/product"}],"about":[{"href":"https:\/\/nbg.eu\/fr\/wp-json\/wp\/v2\/types\/product"}],"wp:featuredmedia":[{"embeddable":true,"href":"https:\/\/nbg.eu\/fr\/wp-json\/wp\/v2\/media\/25958"}],"wp:attachment":[{"href":"https:\/\/nbg.eu\/fr\/wp-json\/wp\/v2\/media?parent=692537"}],"wp:term":[{"taxonomy":"product_brand","embeddable":true,"href":"https:\/\/nbg.eu\/fr\/wp-json\/wp\/v2\/product_brand?post=692537"},{"taxonomy":"product_cat","embeddable":true,"href":"https:\/\/nbg.eu\/fr\/wp-json\/wp\/v2\/product_cat?post=692537"},{"taxonomy":"product_tag","embeddable":true,"href":"https:\/\/nbg.eu\/fr\/wp-json\/wp\/v2\/product_tag?post=692537"}],"curies":[{"name":"wp","href":"https:\/\/api.w.org\/{rel}","templated":true}]}}