{"id":692563,"date":"2024-08-17T14:54:00","date_gmt":"2024-08-17T11:54:00","guid":{"rendered":"https:\/\/nbg.eu\/product\/mag-release-button-wide-kmr-alu-black\/"},"modified":"2026-05-13T15:58:16","modified_gmt":"2026-05-13T12:58:16","slug":"mag-release-button-wide-kmr-alu-black","status":"publish","type":"product","link":"https:\/\/nbg.eu\/fr\/produit\/mag-release-button-wide-kmr-alu-black\/","title":{"rendered":"KMR Bouton de Lib\u00e9ration du Chargeur Large ALU Noir"},"content":{"rendered":"<h2>Bouton de d\u00e9verrouillage de chargeur large \u2013 KMR Aluminum, Noir<\/h2>\n<p>D\u00e9verrouillez des changements de chargeur ultra-rapides avec le bouton de d\u00e9verrouillage de chargeur large de KMR Aluminum. Fabriqu\u00e9 en aluminium l\u00e9ger de qualit\u00e9 a\u00e9ronautique et dot\u00e9 d&rsquo;une grande surface de contact, ce bouton de d\u00e9verrouillage de chargeur maximise le contact avec votre pouce, assurant une activation positive dans les conditions les plus exigeantes.<\/p>\n<p>La texture antid\u00e9rapante agressive offre une prise en main s\u00fbre, tandis que la finition anodis\u00e9e noire mate conf\u00e8re un aspect \u00e9l\u00e9gant et tactique. Con\u00e7u pour minimiser les temps de transition lors des comp\u00e9titions de tir IPSC\/USPSA, le profil large permet aux tireurs de l\u00e2cher les chargeurs sans modifier leur prise en main principale, am\u00e9liorant consid\u00e9rablement les vitesses de rechargement.<\/p>\n<p>Que vous vous entra\u00eeniez pour la comp\u00e9tition ou que vous perfectionniez vos comp\u00e9tences de d\u00e9fense, le bouton de d\u00e9verrouillage de chargeur large de KMR Aluminum est la mise \u00e0 niveau ultime pour votre arme \u00e0 feu, offrant une port\u00e9e ergonomique am\u00e9lior\u00e9e et des performances in\u00e9gal\u00e9es quand cela compte le plus.<\/p>\n","protected":false},"excerpt":{"rendered":"<p>Bouton de rel\u00e2che du chargeur surdimensionn\u00e9 pour des changements de chargeur ultra-rapides.<\/p>\n","protected":false},"featured_media":23847,"template":"","meta":{"_acf_changed":false},"product_brand":[11499],"product_cat":[12143],"product_tag":[],"class_list":{"0":"post-692563","1":"product","2":"type-product","3":"status-publish","4":"has-post-thumbnail","6":"product_brand-kmr-precision","7":"product_cat-pieces-kmr","9":"first","10":"instock","11":"taxable","12":"shipping-taxable","13":"product-type-simple"},"acf":[],"_links":{"self":[{"href":"https:\/\/nbg.eu\/fr\/wp-json\/wp\/v2\/product\/692563","targetHints":{"allow":["GET"]}}],"collection":[{"href":"https:\/\/nbg.eu\/fr\/wp-json\/wp\/v2\/product"}],"about":[{"href":"https:\/\/nbg.eu\/fr\/wp-json\/wp\/v2\/types\/product"}],"wp:featuredmedia":[{"embeddable":true,"href":"https:\/\/nbg.eu\/fr\/wp-json\/wp\/v2\/media\/23847"}],"wp:attachment":[{"href":"https:\/\/nbg.eu\/fr\/wp-json\/wp\/v2\/media?parent=692563"}],"wp:term":[{"taxonomy":"product_brand","embeddable":true,"href":"https:\/\/nbg.eu\/fr\/wp-json\/wp\/v2\/product_brand?post=692563"},{"taxonomy":"product_cat","embeddable":true,"href":"https:\/\/nbg.eu\/fr\/wp-json\/wp\/v2\/product_cat?post=692563"},{"taxonomy":"product_tag","embeddable":true,"href":"https:\/\/nbg.eu\/fr\/wp-json\/wp\/v2\/product_tag?post=692563"}],"curies":[{"name":"wp","href":"https:\/\/api.w.org\/{rel}","templated":true}]}}