{"id":692601,"date":"2024-11-03T10:02:34","date_gmt":"2024-11-03T07:02:34","guid":{"rendered":"https:\/\/nbg.eu\/product\/norma-cal-6-5-creedmoore-target-match-8-4g-130gr\/"},"modified":"2026-05-13T16:04:50","modified_gmt":"2026-05-13T13:04:50","slug":"norma-cal-6-5-creedmoore-target-match-8-4g-130gr","status":"publish","type":"product","link":"https:\/\/nbg.eu\/fr\/produit\/norma-cal-6-5-creedmoore-target-match-8-4g-130gr\/","title":{"rendered":"NORMA cal. 6.5 Creedmoore Target Match 8.4g\/130gr."},"content":{"rendered":"<h2>NORMA cal. 6.5 Creedmoore Target Match 8.4g\/130gr<\/h2>\n<p>D\u00e9couvrez la pr\u00e9cision avec les munitions NORMA 6.5 Creedmoor Target Match. D\u00e9velopp\u00e9e en 2007, cette cartouche excelle dans le tir de pr\u00e9cision \u00e0 longue distance et la chasse. La balle de 6,5 mm pr\u00e9sente d&rsquo;excellentes densit\u00e9s sectionnelles et coefficients balistiques, assurant des performances sup\u00e9rieures \u00e0 des distances \u00e9tendues.<\/p>\n<h3>Caract\u00e9ristiques :<\/h3>\n<ul>\n<li>Calibre : 6.5 Creedmoor<\/li>\n<li>Poids : 8.4g\/130gr<\/li>\n<li>Coefficient balistique : G1 0.548 \/ G7 0.294<\/li>\n<li>Type : Golden Target<\/li>\n<li>Allumage : Percussion centrale<\/li>\n<\/ul>\n<h3>Vitesse :<\/h3>\n<ul>\n<li>V0 : 869 m\/s<\/li>\n<li>V100 : 813 m\/s<\/li>\n<li>V200 : 759 m\/s<\/li>\n<li>V300 : 708 m\/s<\/li>\n<\/ul>\n","protected":false},"excerpt":{"rendered":"<p>Munitions Precision 6.5 Creedmoor pour le tir de pr\u00e9cision longue distance.<\/p>\n","protected":false},"featured_media":76695,"template":"","meta":{"_acf_changed":false},"product_brand":[14487],"product_cat":[12206],"product_tag":[],"class_list":{"0":"post-692601","1":"product","2":"type-product","3":"status-publish","4":"has-post-thumbnail","6":"product_brand-norma-precision","7":"product_cat-munitions-de-fusil","9":"first","10":"instock","11":"taxable","12":"shipping-taxable","13":"purchasable","14":"product-type-simple"},"acf":[],"_links":{"self":[{"href":"https:\/\/nbg.eu\/fr\/wp-json\/wp\/v2\/product\/692601","targetHints":{"allow":["GET"]}}],"collection":[{"href":"https:\/\/nbg.eu\/fr\/wp-json\/wp\/v2\/product"}],"about":[{"href":"https:\/\/nbg.eu\/fr\/wp-json\/wp\/v2\/types\/product"}],"wp:featuredmedia":[{"embeddable":true,"href":"https:\/\/nbg.eu\/fr\/wp-json\/wp\/v2\/media\/76695"}],"wp:attachment":[{"href":"https:\/\/nbg.eu\/fr\/wp-json\/wp\/v2\/media?parent=692601"}],"wp:term":[{"taxonomy":"product_brand","embeddable":true,"href":"https:\/\/nbg.eu\/fr\/wp-json\/wp\/v2\/product_brand?post=692601"},{"taxonomy":"product_cat","embeddable":true,"href":"https:\/\/nbg.eu\/fr\/wp-json\/wp\/v2\/product_cat?post=692601"},{"taxonomy":"product_tag","embeddable":true,"href":"https:\/\/nbg.eu\/fr\/wp-json\/wp\/v2\/product_tag?post=692601"}],"curies":[{"name":"wp","href":"https:\/\/api.w.org\/{rel}","templated":true}]}}