{"id":692948,"date":"2024-11-02T11:43:26","date_gmt":"2024-11-02T08:43:26","guid":{"rendered":"https:\/\/nbg.eu\/product\/norma-308-win-whitetail-150gr-soft-point-hunting-ammo\/"},"modified":"2026-05-13T16:03:40","modified_gmt":"2026-05-13T13:03:40","slug":"norma-308-win-whitetail-150gr-soft-point-hunting-ammo","status":"publish","type":"product","link":"https:\/\/nbg.eu\/fr\/produit\/norma-308-win-whitetail-150gr-soft-point-hunting-ammo\/","title":{"rendered":"NORMA .308 Win Whitetail 150gr Soft Point Hunting Ammo"},"content":{"rendered":"<div class=\"product-description\">\n<h2>NORMA cal. .308 Win SP Whitetail 9.7g\/150gr<\/h2>\n<p>D\u00e9couvrez une pr\u00e9cision et une performance incomparables avec les munitions .308 Win SP Whitetail de NORMA. Cette balle Soft Point de 150gr (9.7g) offre :<\/p>\n<ul>\n<li>Une pr\u00e9cision exceptionnelle pour la chasse au cerf et au gros gibier<\/li>\n<li>Une conception \u00e0 base plate pour une performance constante<\/li>\n<li>Une pointe de plomb expos\u00e9e pour une expansion rapide<\/li>\n<li>Une p\u00e9n\u00e9tration en profondeur et un transfert d&rsquo;\u00e9nergie efficace<\/li>\n<\/ul>\n<h3>Principales sp\u00e9cifications :<\/h3>\n<ul>\n<li>Num\u00e9ro de produit : 20177382<\/li>\n<li>Calibre : .308 Win<\/li>\n<li>Poids : 9.7g\/150gr<\/li>\n<li>Coefficient balistique (G1) : 0.274<\/li>\n<li>Vitesse initiale (V0) : 850 m\/s<\/li>\n<\/ul>\n<p>Fabriqu\u00e9es \u00e0 \u00c5motfors, en Su\u00e8de, avec la pr\u00e9cision renomm\u00e9e de NORMA et des douilles en laiton de haute qualit\u00e9, ces munitions assurent une grande coh\u00e9rence et une excellente rechargabilit\u00e9.<\/p>\n<\/div>\n<div class=\"panel panel--no-padding\">\n<div class=\"panel__inner\">\n<table class=\"ballistic-table\">\n<thead>\n<tr>\n<th scope=\"col\"><\/th>\n<th scope=\"col\">50yds<\/th>\n<th scope=\"col\">75yds<\/th>\n<th scope=\"col\">100yds<\/th>\n<th scope=\"col\">150yds<\/th>\n<th scope=\"col\">200yds<\/th>\n<th scope=\"col\">300yds<\/th>\n<\/tr>\n<\/thead>\n<tbody>\n<tr>\n<th scope=\"row\">50<\/th>\n<td><\/td>\n<td>0<\/td>\n<td>0.4<\/td>\n<td>-0.7<\/td>\n<td>-3.3<\/td>\n<td>-14.4<\/td>\n<\/tr>\n<tr>\n<th scope=\"row\">100<\/th>\n<td>-0.2<\/td>\n<td>&#8211;<\/td>\n<td><\/td>\n<td>-1.2<\/td>\n<td>-4<\/td>\n<td>-15.5<\/td>\n<\/tr>\n<tr>\n<th scope=\"row\">150<\/th>\n<td>0.2<\/td>\n<td>&#8211;<\/td>\n<td>0.8<\/td>\n<td><\/td>\n<td>-2.4<\/td>\n<td>-13<\/td>\n<\/tr>\n<tr>\n<th scope=\"row\">200<\/th>\n<td>0.8<\/td>\n<td>&#8211;<\/td>\n<td>2<\/td>\n<td>1.8<\/td>\n<td><\/td>\n<td>-9.4<\/td>\n<\/tr>\n<\/tbody>\n<\/table>\n<\/div>\n<\/div>\n","protected":false},"excerpt":{"rendered":"<p>NORMA .308 Win SP Whitetail: Munition de chasse au cerf pr\u00e9cise et puissante.<\/p>\n","protected":false},"featured_media":76625,"template":"","meta":{"_acf_changed":false},"product_brand":[14487],"product_cat":[12196],"product_tag":[],"class_list":{"0":"post-692948","1":"product","2":"type-product","3":"status-publish","4":"has-post-thumbnail","6":"product_brand-norma-precision","7":"product_cat-munitions","9":"first","10":"instock","11":"taxable","12":"shipping-taxable","13":"purchasable","14":"product-type-simple"},"acf":[],"_links":{"self":[{"href":"https:\/\/nbg.eu\/fr\/wp-json\/wp\/v2\/product\/692948","targetHints":{"allow":["GET"]}}],"collection":[{"href":"https:\/\/nbg.eu\/fr\/wp-json\/wp\/v2\/product"}],"about":[{"href":"https:\/\/nbg.eu\/fr\/wp-json\/wp\/v2\/types\/product"}],"wp:featuredmedia":[{"embeddable":true,"href":"https:\/\/nbg.eu\/fr\/wp-json\/wp\/v2\/media\/76625"}],"wp:attachment":[{"href":"https:\/\/nbg.eu\/fr\/wp-json\/wp\/v2\/media?parent=692948"}],"wp:term":[{"taxonomy":"product_brand","embeddable":true,"href":"https:\/\/nbg.eu\/fr\/wp-json\/wp\/v2\/product_brand?post=692948"},{"taxonomy":"product_cat","embeddable":true,"href":"https:\/\/nbg.eu\/fr\/wp-json\/wp\/v2\/product_cat?post=692948"},{"taxonomy":"product_tag","embeddable":true,"href":"https:\/\/nbg.eu\/fr\/wp-json\/wp\/v2\/product_tag?post=692948"}],"curies":[{"name":"wp","href":"https:\/\/api.w.org\/{rel}","templated":true}]}}