{"id":693518,"date":"2024-08-16T21:03:31","date_gmt":"2024-08-16T18:03:31","guid":{"rendered":"https:\/\/nbg.eu\/product\/rhh-leg-strap\/"},"modified":"2026-01-21T12:05:01","modified_gmt":"2026-01-21T09:05:01","slug":"rhh-leg-strap","status":"publish","type":"product","link":"https:\/\/nbg.eu\/fr\/produit\/rhh-leg-strap\/","title":{"rendered":"RHH Leg Strap"},"content":{"rendered":"<h2>Sangle de jambe RHH : Stabilit\u00e9 am\u00e9lior\u00e9e du \u00e9tui pour les activit\u00e9s dynamiques<\/h2>\n<p>La sangle de jambe RHH est un accessoire polyvalent con\u00e7u pour offrir une stabilit\u00e9 exceptionnelle et une r\u00e9duction des mouvements pour les \u00e9tuis de cuisse ou de taille moyenne lors d&rsquo;activit\u00e9s dynamiques. Fabriqu\u00e9e \u00e0 partir de sangles en nylon \u00e9lastique robustes et dot\u00e9e d&rsquo;une boucle en polym\u00e8re \u00e0 haute r\u00e9sistance, cette sangle r\u00e9glable assure un ajustement s\u00e9curis\u00e9 et confortable autour de votre cuisse.<\/p>\n<p>La couture caoutchout\u00e9e antid\u00e9rapante int\u00e9gr\u00e9e ajoute une texture adh\u00e9rente, \u00e9liminant efficacement le \u00ab\u00a0ballottement de l&rsquo;\u00e9tui\u00a0\u00bb qui peut se produire lors de la course, de l&rsquo;accroupissement ou d&rsquo;autres mouvements intenses. La construction \u00e9lastique permet \u00e0 la sangle de s&rsquo;\u00e9tendre et de se contracter avec les muscles de votre jambe, maintenant l&rsquo;\u00e9tui dans une position constante pour un d\u00e9gagement fiable et sans entrave.<\/p>\n<p>Que vous soyez un agent en service actif, un tireur comp\u00e9titif ou un passionn\u00e9 d&rsquo;activit\u00e9s de plein air, la sangle de jambe RHH est la solution id\u00e9ale pour maintenir votre \u00e9tui fermement en place sans restreindre votre amplitude de mouvement ou votre circulation sanguine. B\u00e9n\u00e9ficiez d&rsquo;une stabilit\u00e9 am\u00e9lior\u00e9e de votre \u00e9tui et de la confiance dans votre \u00e9quipement, m\u00eame dans les situations les plus exigeantes.<\/p>\n","protected":false},"excerpt":{"rendered":"<p>S\u00e9curisez votre \u00e9tui avec la sangle de jambe RHH au design \u00e9lastique en nylon durable et antid\u00e9rapant.<\/p>\n","protected":false},"featured_media":0,"template":"","meta":{"_acf_changed":false},"product_brand":[11635],"product_cat":[12174],"product_tag":[],"class_list":{"0":"post-693518","1":"product","2":"type-product","3":"status-publish","5":"product_brand-rh-holsters","6":"product_cat-accessoires-detui","8":"first","9":"instock","10":"taxable","11":"shipping-taxable","12":"purchasable","13":"product-type-simple"},"acf":[],"_links":{"self":[{"href":"https:\/\/nbg.eu\/fr\/wp-json\/wp\/v2\/product\/693518","targetHints":{"allow":["GET"]}}],"collection":[{"href":"https:\/\/nbg.eu\/fr\/wp-json\/wp\/v2\/product"}],"about":[{"href":"https:\/\/nbg.eu\/fr\/wp-json\/wp\/v2\/types\/product"}],"wp:attachment":[{"href":"https:\/\/nbg.eu\/fr\/wp-json\/wp\/v2\/media?parent=693518"}],"wp:term":[{"taxonomy":"product_brand","embeddable":true,"href":"https:\/\/nbg.eu\/fr\/wp-json\/wp\/v2\/product_brand?post=693518"},{"taxonomy":"product_cat","embeddable":true,"href":"https:\/\/nbg.eu\/fr\/wp-json\/wp\/v2\/product_cat?post=693518"},{"taxonomy":"product_tag","embeddable":true,"href":"https:\/\/nbg.eu\/fr\/wp-json\/wp\/v2\/product_tag?post=693518"}],"curies":[{"name":"wp","href":"https:\/\/api.w.org\/{rel}","templated":true}]}}