{"id":694149,"date":"2024-09-16T12:35:24","date_gmt":"2024-09-16T09:35:24","guid":{"rendered":"https:\/\/nbg.eu\/product\/safety-detent-plunger-right-kmr\/"},"modified":"2026-05-13T16:03:36","modified_gmt":"2026-05-13T13:03:36","slug":"safety-detent-plunger-right-kmr","status":"publish","type":"product","link":"https:\/\/nbg.eu\/fr\/produit\/safety-detent-plunger-right-kmr\/","title":{"rendered":"KMR Plongeur de S\u00fbret\u00e9 Droit"},"content":{"rendered":"<h2>S\u00e9curit\u00e9 D\u00e9tente Plongeur &#8211; Droite KMR<\/h2>\n<p>Am\u00e9liorez la s\u00e9curit\u00e9 et les fonctionnalit\u00e9s de votre syst\u00e8me d&rsquo;arme KMR avec le S\u00e9curit\u00e9 D\u00e9tente Plongeur &#8211; Droite. Con\u00e7u pour une int\u00e9gration transparente, ce plongeur offre un m\u00e9canisme de verrouillage s\u00e9curis\u00e9 pour emp\u00eacher tout d\u00e9chargement accidentel. Fabriqu\u00e9 avec pr\u00e9cision, le plongeur est compatible avec une large gamme de mod\u00e8les KMR.<\/p>\n<p>Pour les armes KMR<\/p>\n<p>KMR L-02 EMIQ<\/p>\n<p>KMR L-02 EMIQ (OU)<\/p>\n<p>KMR L-02 ORCA JUSQU&rsquo;\u00c0 2023<\/p>\n<p>KMR L-02 SPECTRA JUSQU&rsquo;\u00c0 2023<\/p>\n<p>KMR L-02 UMBRA (OU) SR<\/p>\n<p>KMR S-01 LANCE (OU)<\/p>\n<p>KMR S-02 JUSQU&rsquo;\u00c0 2023<\/p>\n<p>KMR W-02 CUDA (OU)<\/p>\n<p>KMR W-02 UMBRA<\/p>\n<p>KMR W-02 UMBRA (OU)<\/p>\n<p>R\u00e9f\u00e9rence 1130-00302-0401<\/p>\n","protected":false},"excerpt":{"rendered":"<p>D\u00e9tente de s\u00fbret\u00e9 Plongeur &#8211; Droite KMR pour Armes KMR<\/p>\n","protected":false},"featured_media":25912,"template":"","meta":{"_acf_changed":false},"product_brand":[11499],"product_cat":[12143],"product_tag":[],"class_list":{"0":"post-694149","1":"product","2":"type-product","3":"status-publish","4":"has-post-thumbnail","6":"product_brand-kmr-precision","7":"product_cat-pieces-kmr","9":"first","10":"instock","11":"taxable","12":"shipping-taxable","13":"product-type-simple"},"acf":[],"_links":{"self":[{"href":"https:\/\/nbg.eu\/fr\/wp-json\/wp\/v2\/product\/694149","targetHints":{"allow":["GET"]}}],"collection":[{"href":"https:\/\/nbg.eu\/fr\/wp-json\/wp\/v2\/product"}],"about":[{"href":"https:\/\/nbg.eu\/fr\/wp-json\/wp\/v2\/types\/product"}],"wp:featuredmedia":[{"embeddable":true,"href":"https:\/\/nbg.eu\/fr\/wp-json\/wp\/v2\/media\/25912"}],"wp:attachment":[{"href":"https:\/\/nbg.eu\/fr\/wp-json\/wp\/v2\/media?parent=694149"}],"wp:term":[{"taxonomy":"product_brand","embeddable":true,"href":"https:\/\/nbg.eu\/fr\/wp-json\/wp\/v2\/product_brand?post=694149"},{"taxonomy":"product_cat","embeddable":true,"href":"https:\/\/nbg.eu\/fr\/wp-json\/wp\/v2\/product_cat?post=694149"},{"taxonomy":"product_tag","embeddable":true,"href":"https:\/\/nbg.eu\/fr\/wp-json\/wp\/v2\/product_tag?post=694149"}],"curies":[{"name":"wp","href":"https:\/\/api.w.org\/{rel}","templated":true}]}}