{"id":694224,"date":"2024-09-17T08:46:01","date_gmt":"2024-09-17T05:46:01","guid":{"rendered":"https:\/\/nbg.eu\/product\/screw-m3x6-din-913-kmr\/"},"modified":"2026-05-13T16:01:51","modified_gmt":"2026-05-13T13:01:51","slug":"screw-m3x6-din-913-kmr","status":"publish","type":"product","link":"https:\/\/nbg.eu\/fr\/produit\/screw-m3x6-din-913-kmr\/","title":{"rendered":"KMR Vis M3x6 DIN 913"},"content":{"rendered":"<h2>VIS M3x6 DIN 913 KMR : Essentielle pour les armes KMR<\/h2>\n<p>Fabriqu\u00e9e conform\u00e9ment \u00e0 la norme DIN 913, cette vis M3x6 offre un ajustement s\u00fbr et pr\u00e9cis, contribuant \u00e0 la stabilit\u00e9 et \u00e0 l&rsquo;int\u00e9grit\u00e9 globales des composants de votre arme. Sa construction durable, avec une composition de mat\u00e9riau robuste, garantit des performances durables et une r\u00e9sistance \u00e0 l&rsquo;usure, m\u00eame dans les environnements les plus exigeants.<\/p>\n<p>Que vous soyez en train d&rsquo;entretenir, de r\u00e9parer ou de mettre \u00e0 niveau vos armes compatibles KMR, cette vis est une pi\u00e8ce essentielle sur laquelle vous pouvez compter. Sa compatibilit\u00e9 avec les mod\u00e8les sp\u00e9cifi\u00e9s en fait une pi\u00e8ce de rechange ou de rechange cruciale \u00e0 avoir \u00e0 port\u00e9e de main, assurant le bon fonctionnement de votre \u00e9quipement pr\u00e9cieux.<\/p>\n<p>Pour les armes KMR<\/p>\n<p>KMR L-02 ORCA \u00c0 PARTIR DE 2024<\/p>\n<p>KMR L-02 ORCA JUSQU&rsquo;EN 2023<\/p>\n<p>KMR W-02 CUDA (OR)<\/p>\n","protected":false},"excerpt":{"rendered":"<p>La vis M3x6 DIN 913 KMR est un composant essentiel pour l&rsquo;entretien et l&rsquo;assemblage de divers syst\u00e8mes d&rsquo;armes.<\/p>\n","protected":false},"featured_media":63678,"template":"","meta":{"_acf_changed":false},"product_brand":[11499],"product_cat":[12143],"product_tag":[],"class_list":{"0":"post-694224","1":"product","2":"type-product","3":"status-publish","4":"has-post-thumbnail","6":"product_brand-kmr-precision","7":"product_cat-pieces-kmr","9":"first","10":"instock","11":"taxable","12":"shipping-taxable","13":"product-type-simple"},"acf":[],"_links":{"self":[{"href":"https:\/\/nbg.eu\/fr\/wp-json\/wp\/v2\/product\/694224","targetHints":{"allow":["GET"]}}],"collection":[{"href":"https:\/\/nbg.eu\/fr\/wp-json\/wp\/v2\/product"}],"about":[{"href":"https:\/\/nbg.eu\/fr\/wp-json\/wp\/v2\/types\/product"}],"wp:featuredmedia":[{"embeddable":true,"href":"https:\/\/nbg.eu\/fr\/wp-json\/wp\/v2\/media\/63678"}],"wp:attachment":[{"href":"https:\/\/nbg.eu\/fr\/wp-json\/wp\/v2\/media?parent=694224"}],"wp:term":[{"taxonomy":"product_brand","embeddable":true,"href":"https:\/\/nbg.eu\/fr\/wp-json\/wp\/v2\/product_brand?post=694224"},{"taxonomy":"product_cat","embeddable":true,"href":"https:\/\/nbg.eu\/fr\/wp-json\/wp\/v2\/product_cat?post=694224"},{"taxonomy":"product_tag","embeddable":true,"href":"https:\/\/nbg.eu\/fr\/wp-json\/wp\/v2\/product_tag?post=694224"}],"curies":[{"name":"wp","href":"https:\/\/api.w.org\/{rel}","templated":true}]}}