{"id":694415,"date":"2024-09-16T14:42:04","date_gmt":"2024-09-16T11:42:04","guid":{"rendered":"https:\/\/nbg.eu\/product\/slide-stop-kmr-s\/"},"modified":"2026-05-13T16:02:57","modified_gmt":"2026-05-13T13:02:57","slug":"slide-stop-kmr-s","status":"publish","type":"product","link":"https:\/\/nbg.eu\/fr\/produit\/slide-stop-kmr-s\/","title":{"rendered":"KMR Arr\u00eatoir de Culasse S"},"content":{"rendered":"<h2>SLIDE STOP S &#8211; La fonction de s\u00e9curit\u00e9 essentielle pour votre arme<\/h2>\n<p>Le SLIDE STOP S est un composant crucial pour votre arme, con\u00e7u pour am\u00e9liorer la s\u00e9curit\u00e9 et la fonctionnalit\u00e9. Lorsque le chargeur est vide, le cran d&rsquo;arr\u00eat de culasse se verrouille automatiquement en position arri\u00e8re, indiquant clairement au tireur qu&rsquo;un nouveau chargeur doit \u00eatre charg\u00e9.<\/p>\n<p>Cette fonctionnalit\u00e9 permet un rechargement fluide, car le tireur peut simplement appuyer sur le cran d&rsquo;arr\u00eat de culasse pour lib\u00e9rer la culasse et charger la premi\u00e8re cartouche dans la chambre. Le SLIDE STOP S sert de m\u00e9canisme de s\u00e9curit\u00e9, emp\u00eachant tout tir accidentel jusqu&rsquo;\u00e0 ce que le chargeur soit correctement ins\u00e9r\u00e9 et que l&rsquo;arme soit pr\u00eate \u00e0 l&#8217;emploi.<\/p>\n<p>Compatible avec les mod\u00e8les d&rsquo;arme suivants :<\/p>\n<p>KMR S-01 LANCE (OR)<\/p>\n<p>KMR S-02 75 (OR) SR ADA,<\/p>\n<p>KMR S-02 FROM 2024,<\/p>\n<p>KMR S-02 SH1 (OR) SR ADA,<\/p>\n<p>KMR S-02 UNTIL 2023.<\/p>\n<p>R\u00e9f\u00e9rence de pi\u00e8ce : 1110-01503-0400.<\/p>\n","protected":false},"excerpt":{"rendered":"<p>Verrouillez le coulisseau en position arri\u00e8re, indiquant un chargeur vide. Permet le chargement d&rsquo;une nouvelle munition. Caract\u00e9ristique de s\u00e9curit\u00e9 emp\u00eachant la d\u00e9charge accidentelle.<\/p>\n","protected":false},"featured_media":25889,"template":"","meta":{"_acf_changed":false},"product_brand":[11499],"product_cat":[12143],"product_tag":[],"class_list":{"0":"post-694415","1":"product","2":"type-product","3":"status-publish","4":"has-post-thumbnail","6":"product_brand-kmr-precision","7":"product_cat-pieces-kmr","9":"first","10":"instock","11":"taxable","12":"shipping-taxable","13":"product-type-simple"},"acf":[],"_links":{"self":[{"href":"https:\/\/nbg.eu\/fr\/wp-json\/wp\/v2\/product\/694415","targetHints":{"allow":["GET"]}}],"collection":[{"href":"https:\/\/nbg.eu\/fr\/wp-json\/wp\/v2\/product"}],"about":[{"href":"https:\/\/nbg.eu\/fr\/wp-json\/wp\/v2\/types\/product"}],"wp:featuredmedia":[{"embeddable":true,"href":"https:\/\/nbg.eu\/fr\/wp-json\/wp\/v2\/media\/25889"}],"wp:attachment":[{"href":"https:\/\/nbg.eu\/fr\/wp-json\/wp\/v2\/media?parent=694415"}],"wp:term":[{"taxonomy":"product_brand","embeddable":true,"href":"https:\/\/nbg.eu\/fr\/wp-json\/wp\/v2\/product_brand?post=694415"},{"taxonomy":"product_cat","embeddable":true,"href":"https:\/\/nbg.eu\/fr\/wp-json\/wp\/v2\/product_cat?post=694415"},{"taxonomy":"product_tag","embeddable":true,"href":"https:\/\/nbg.eu\/fr\/wp-json\/wp\/v2\/product_tag?post=694415"}],"curies":[{"name":"wp","href":"https:\/\/api.w.org\/{rel}","templated":true}]}}