{"id":694442,"date":"2024-09-16T12:21:06","date_gmt":"2024-09-16T09:21:06","guid":{"rendered":"https:\/\/nbg.eu\/product\/slide-stop-spring-pin-kmr\/"},"modified":"2026-05-13T16:40:28","modified_gmt":"2026-05-13T13:40:28","slug":"slide-stop-spring-pin-kmr","status":"publish","type":"product","link":"https:\/\/nbg.eu\/fr\/produit\/slide-stop-spring-pin-kmr\/","title":{"rendered":"KMR Goupille du Ressort de l&rsquo;Arr\u00eatoir Centerfire"},"content":{"rendered":"<h2>Goupille de ressort d&rsquo;arr\u00eat de coulissement KMR Centerfire<\/h2>\n<p>Am\u00e9liorez les performances de votre arme avec la goupille de ressort d&rsquo;arr\u00eat de coulissement KMR Centerfire, con\u00e7ue pour une compatibilit\u00e9 transparente avec une large gamme de mod\u00e8les d&rsquo;armes. Ce composant de pr\u00e9cision garantit un fonctionnement fluide et fiable, am\u00e9liorant votre exp\u00e9rience de tir. Fabriqu\u00e9 avec un soin m\u00e9ticuleux, la goupille de ressort d&rsquo;arr\u00eat de coulissement KMR Centerfire est un accessoire indispensable pour les passionn\u00e9s d&rsquo;armes \u00e0 feu qui cherchent \u00e0 optimiser les fonctionnalit\u00e9s de leur arme \u00e0 feu.<\/p>\n<p>Conception de pr\u00e9cision : Fabriqu\u00e9 avec le plus grand soin, la goupille de ressort d&rsquo;arr\u00eat de coulissement KMR Centerfire est con\u00e7ue pour offrir des performances transparentes et fiables, garantissant que votre arme fonctionne \u00e0 son apog\u00e9e. Sa construction m\u00e9ticuleuse et ses mat\u00e9riaux de haute qualit\u00e9 en font un choix de confiance parmi les passionn\u00e9s d&rsquo;armes \u00e0 feu.<\/p>\n<p>Am\u00e9liorez votre exp\u00e9rience de tir : Mettez \u00e0 niveau votre arme Centerfire avec la goupille de ressort d&rsquo;arr\u00eat de coulissement KMR Centerfire et ressentez la diff\u00e9rence dans vos performances de tir. Cet accessoire est un ajout essentiel \u00e0 l&rsquo;arsenal de tout passionn\u00e9 d&rsquo;armes \u00e0 feu, offrant des fonctionnalit\u00e9s et une fiabilit\u00e9 am\u00e9lior\u00e9es.<\/p>\n","protected":false},"excerpt":{"rendered":"<p>Goupille ressort d&rsquo;arr\u00eat de glissi\u00e8re pour armes KMR.<\/p>\n","protected":false},"featured_media":22338,"template":"","meta":{"_acf_changed":false},"product_brand":[11499],"product_cat":[12143,12161],"product_tag":[],"class_list":{"0":"post-694442","1":"product","2":"type-product","3":"status-publish","4":"has-post-thumbnail","6":"product_brand-kmr-precision","7":"product_cat-pieces-kmr","8":"product_cat-ressorts","10":"first","11":"instock","12":"taxable","13":"shipping-taxable","14":"product-type-simple"},"acf":[],"_links":{"self":[{"href":"https:\/\/nbg.eu\/fr\/wp-json\/wp\/v2\/product\/694442","targetHints":{"allow":["GET"]}}],"collection":[{"href":"https:\/\/nbg.eu\/fr\/wp-json\/wp\/v2\/product"}],"about":[{"href":"https:\/\/nbg.eu\/fr\/wp-json\/wp\/v2\/types\/product"}],"wp:featuredmedia":[{"embeddable":true,"href":"https:\/\/nbg.eu\/fr\/wp-json\/wp\/v2\/media\/22338"}],"wp:attachment":[{"href":"https:\/\/nbg.eu\/fr\/wp-json\/wp\/v2\/media?parent=694442"}],"wp:term":[{"taxonomy":"product_brand","embeddable":true,"href":"https:\/\/nbg.eu\/fr\/wp-json\/wp\/v2\/product_brand?post=694442"},{"taxonomy":"product_cat","embeddable":true,"href":"https:\/\/nbg.eu\/fr\/wp-json\/wp\/v2\/product_cat?post=694442"},{"taxonomy":"product_tag","embeddable":true,"href":"https:\/\/nbg.eu\/fr\/wp-json\/wp\/v2\/product_tag?post=694442"}],"curies":[{"name":"wp","href":"https:\/\/api.w.org\/{rel}","templated":true}]}}