{"id":694452,"date":"2024-09-16T14:36:57","date_gmt":"2024-09-16T11:36:57","guid":{"rendered":"https:\/\/nbg.eu\/product\/slide-stop-27-kmr\/"},"modified":"2026-02-02T18:40:59","modified_gmt":"2026-02-02T15:40:59","slug":"slide-stop-27-kmr","status":"publish","type":"product","link":"https:\/\/nbg.eu\/fr\/produit\/slide-stop-27-kmr\/","title":{"rendered":"ARR\u00caT DE GLISSI\u00c8RE 27 KMR"},"content":{"rendered":"<h2>SLIDE STOP 27 KMR &#8211; S\u00e9curit\u00e9 fiable des armes \u00e0 feu et indicateur de rechargement<\/h2>\n<p>Le SLIDE STOP 27 KMR est une fonctionnalit\u00e9 essentielle qui am\u00e9liore la s\u00e9curit\u00e9 et la fonctionnalit\u00e9 de votre arme \u00e0 feu. Lorsque le chargeur est vide, le cran d&rsquo;arr\u00eat de la culasse se verrouille automatiquement en position arri\u00e8re, fournissant un indicateur visuel clair que le chargeur doit \u00eatre remplac\u00e9.<\/p>\n<p>Cette fonctionnalit\u00e9 permet un rechargement fluide, car le tireur peut simplement appuyer sur le verrou du canon pour lib\u00e9rer la culasse et charger le premier coup dans la chambre une fois qu&rsquo;un nouveau chargeur est ins\u00e9r\u00e9. Le SLIDE STOP 27 KMR agit comme un m\u00e9canisme de s\u00e9curit\u00e9 fiable, emp\u00eachant tout d\u00e9chargement accidentel jusqu&rsquo;\u00e0 ce que le chargeur soit correctement s\u00e9curis\u00e9 et que l&rsquo;arme soit pr\u00eate \u00e0 l&#8217;emploi.<\/p>\n<p>Fabriqu\u00e9 avec pr\u00e9cision et attention aux d\u00e9tails, le SLIDE STOP 27 KMR est un ajout pr\u00e9cieux \u00e0 toute arme \u00e0 feu, assurant une exp\u00e9rience de tir plus s\u00fbre et plus efficace. Que vous soyez un tireur d&rsquo;\u00e9lite chevronn\u00e9 ou un tireur d\u00e9butant, cette fonctionnalit\u00e9 vous apportera la tranquillit\u00e9 d&rsquo;esprit et la confiance dont vous avez besoin sur le champ de tir ou sur le terrain.<\/p>\n<p>Pour les armes KMR<br \/>\nKMR L-02 SPECTRA JUSQU&rsquo;EN 2023<br \/>\nKMR W-02 CUDA (OU)<br \/>\nKMR W-02 UMBRA<br \/>\nKMR W-02 UMBRA (OU)<\/p>\n","protected":false},"excerpt":{"rendered":"<p>Fonctionnalit\u00e9 de verrouillage par glissement qui verrouille automatiquement le m\u00e9canisme de culasse lorsque le chargeur est vide, permettant le rechargement de nouvelles munitions et emp\u00eachant tout d\u00e9clenchement accidentel.<\/p>\n","protected":false},"featured_media":25866,"template":"","meta":{"_acf_changed":false},"product_brand":[11499],"product_cat":[12143],"product_tag":[],"class_list":{"0":"post-694452","1":"product","2":"type-product","3":"status-publish","4":"has-post-thumbnail","6":"product_brand-kmr-precision","7":"product_cat-pieces-kmr","9":"first","10":"instock","11":"taxable","12":"shipping-taxable","13":"product-type-simple"},"acf":[],"_links":{"self":[{"href":"https:\/\/nbg.eu\/fr\/wp-json\/wp\/v2\/product\/694452","targetHints":{"allow":["GET"]}}],"collection":[{"href":"https:\/\/nbg.eu\/fr\/wp-json\/wp\/v2\/product"}],"about":[{"href":"https:\/\/nbg.eu\/fr\/wp-json\/wp\/v2\/types\/product"}],"wp:featuredmedia":[{"embeddable":true,"href":"https:\/\/nbg.eu\/fr\/wp-json\/wp\/v2\/media\/25866"}],"wp:attachment":[{"href":"https:\/\/nbg.eu\/fr\/wp-json\/wp\/v2\/media?parent=694452"}],"wp:term":[{"taxonomy":"product_brand","embeddable":true,"href":"https:\/\/nbg.eu\/fr\/wp-json\/wp\/v2\/product_brand?post=694452"},{"taxonomy":"product_cat","embeddable":true,"href":"https:\/\/nbg.eu\/fr\/wp-json\/wp\/v2\/product_cat?post=694452"},{"taxonomy":"product_tag","embeddable":true,"href":"https:\/\/nbg.eu\/fr\/wp-json\/wp\/v2\/product_tag?post=694452"}],"curies":[{"name":"wp","href":"https:\/\/api.w.org\/{rel}","templated":true}]}}