{"id":694484,"date":"2024-09-17T22:47:08","date_gmt":"2024-09-17T19:47:08","guid":{"rendered":"https:\/\/nbg.eu\/product\/slide-stop-spring-22-lr-kmr\/"},"modified":"2026-02-13T18:49:52","modified_gmt":"2026-02-13T15:49:52","slug":"slide-stop-spring-22-lr-kmr","status":"publish","type":"product","link":"https:\/\/nbg.eu\/fr\/produit\/slide-stop-spring-22-lr-kmr\/","title":{"rendered":"Ressort d&rsquo;arr\u00eat de la glissi\u00e8re 22 LR KMR"},"content":{"rendered":"<h2>RESSORT D&rsquo;ARR\u00caT DE GLISSI\u00c8RE 22 LR KMR pour Armes KMR<\/h2>\n<p>Con\u00e7u pour une utilisation avec la s\u00e9rie d&rsquo;armes KMR, le RESSORT D&rsquo;ARR\u00caT DE GLISSI\u00c8RE 22 LR KMR est un accessoire durable et fiable qui assure un fonctionnement fluide et des fonctionnalit\u00e9s am\u00e9lior\u00e9es.<\/p>\n<p>Fabriqu\u00e9 avec pr\u00e9cision et attention aux d\u00e9tails, le RESSORT D&rsquo;ARR\u00caT DE GLISSI\u00c8RE 22 LR KMR garantit des performances fiables et une dur\u00e9e de vie prolong\u00e9e, en faisant un \u00e9l\u00e9ment essentiel pour les passionn\u00e9s et les professionnels des armes KMR. Ce ressort est compatible avec tous les mod\u00e8les KMR jusqu&rsquo;en 2023, offrant une solution durable pour l&rsquo;entretien et la mise \u00e0 niveau de votre arme \u00e0 feu.<\/p>\n<p>Pour Armes KMR<\/p>\n<p>KMR S-01 LANCE (OR)<\/p>\n<p>KMR S-02 10 (OR) SR ADA<\/p>\n<p>KMR S-02 75 (OR) SR ADA<\/p>\n<p>KMR S-02 SH1 (OR) SR ADA<\/p>\n<p>KMR S-02 SH2 (OR) SR ADA<\/p>\n<p>KMR S-02 TS (OR) SR ADA<\/p>\n<p>KMR S-02 JUSQU&rsquo;EN 2023<\/p>\n","protected":false},"excerpt":{"rendered":"<p>Ressort de coulisse de remplacement pour armes KMR.<\/p>\n","protected":false},"featured_media":24897,"template":"","meta":{"_acf_changed":false},"product_brand":[11499],"product_cat":[12143,12161],"product_tag":[],"class_list":{"0":"post-694484","1":"product","2":"type-product","3":"status-publish","4":"has-post-thumbnail","6":"product_brand-kmr-precision","7":"product_cat-pieces-kmr","8":"product_cat-ressorts","10":"first","11":"instock","12":"taxable","13":"shipping-taxable","14":"product-type-simple"},"acf":[],"_links":{"self":[{"href":"https:\/\/nbg.eu\/fr\/wp-json\/wp\/v2\/product\/694484","targetHints":{"allow":["GET"]}}],"collection":[{"href":"https:\/\/nbg.eu\/fr\/wp-json\/wp\/v2\/product"}],"about":[{"href":"https:\/\/nbg.eu\/fr\/wp-json\/wp\/v2\/types\/product"}],"wp:featuredmedia":[{"embeddable":true,"href":"https:\/\/nbg.eu\/fr\/wp-json\/wp\/v2\/media\/24897"}],"wp:attachment":[{"href":"https:\/\/nbg.eu\/fr\/wp-json\/wp\/v2\/media?parent=694484"}],"wp:term":[{"taxonomy":"product_brand","embeddable":true,"href":"https:\/\/nbg.eu\/fr\/wp-json\/wp\/v2\/product_brand?post=694484"},{"taxonomy":"product_cat","embeddable":true,"href":"https:\/\/nbg.eu\/fr\/wp-json\/wp\/v2\/product_cat?post=694484"},{"taxonomy":"product_tag","embeddable":true,"href":"https:\/\/nbg.eu\/fr\/wp-json\/wp\/v2\/product_tag?post=694484"}],"curies":[{"name":"wp","href":"https:\/\/api.w.org\/{rel}","templated":true}]}}