{"id":694593,"date":"2024-08-18T12:23:43","date_gmt":"2024-08-18T09:23:43","guid":{"rendered":"https:\/\/nbg.eu\/product\/support-sheetmetal-9x19-kmr\/"},"modified":"2026-05-13T15:09:48","modified_gmt":"2026-05-13T12:09:48","slug":"support-sheetmetal-9x19-kmr","status":"publish","type":"product","link":"https:\/\/nbg.eu\/fr\/produit\/support-sheetmetal-9x19-kmr\/","title":{"rendered":"KMR Plaque de Support 9&#215;19"},"content":{"rendered":"<h2>KMR Support Sheetmetal \u2013 9x19mm<\/h2>\n<p>Le support en t\u00f4le KMR est un composant interne con\u00e7u avec pr\u00e9cision pour optimiser le positionnement et la fiabilit\u00e9 de l&rsquo;alimentation des chargeurs de pistolets 9x19mm KMR. Cet insert sp\u00e9cialis\u00e9 garantit que le chargeur reste solidement en place dans le cadre, offrant une g\u00e9om\u00e9trie parfaite pour que la culasse extrait et chambr\u00e9 les cartouches sans probl\u00e8me.<\/p>\n<h3>Alimentation fiable sous la pression de la comp\u00e9tition<\/h3>\n<p>Dans le monde du tir dynamique, les mouvements du chargeur peuvent entra\u00eener une alimentation irr\u00e9guli\u00e8re ou des incidents de \u00ab\u00a0plong\u00e9e du nez\u00a0\u00bb. Le support en t\u00f4le KMR agit comme un guide structurel qui \u00e9limine les jeux inutiles entre le chargeur et le cadre. En stabilisant le chargeur au point de contact critique, il garantit que chaque cartouche est pr\u00e9sent\u00e9e \u00e0 la rampe d&rsquo;alimentation selon un angle constant, quel que soit le rythme de cycle du pistolet.<\/p>\n<h3>Sp\u00e9cifications techniques :<\/h3>\n<ul>\n<li><strong>Acier lamin\u00e9 de pr\u00e9cision :<\/strong> Fabriqu\u00e9 \u00e0 partir d&rsquo;un m\u00e9tal en feuille de haute qualit\u00e9 et r\u00e9sistant, qui conserve sa forme m\u00eame sous les vibrations du tir rapide.<\/li>\n<li><strong>Calibre 9x19mm sp\u00e9cifique :<\/strong> Profil\u00e9 sp\u00e9cifiquement pour les dimensions des chargeurs de 9mm Luger afin d&rsquo;offrir un ajustement serr\u00e9 et sans jeu.<\/li>\n<li><strong>Finition de surface durcie :<\/strong> Trait\u00e9 pour r\u00e9sister \u00e0 l&rsquo;usure caus\u00e9e par l&rsquo;insertion et l&rsquo;extraction r\u00e9p\u00e9t\u00e9es des chargeurs lors d&rsquo;un entra\u00eenement intensif.<\/li>\n<li><strong>Ajustement d&rsquo;origine :<\/strong> Con\u00e7u comme un composant interne compatible avec les plateformes KMR L-series et W-series.<\/li>\n<\/ul>\n<h3>Principaux avantages :<\/h3>\n<ul>\n<li><strong>\u00c9limine le balancement du chargeur :<\/strong> Offre une interface plus \u00e9troite pour le chargeur, garantissant qu&rsquo;il reste stationnaire pendant les mouvements et le recul.<\/li>\n<li><strong>Pr\u00e9vient les incidents d&rsquo;alimentation :<\/strong> Maintient l&rsquo;alignement vertical et horizontal correct de la cartouche pour un chargement plus fluide dans la chambre.<\/li>\n<li><strong>Construction durable :<\/strong> Con\u00e7u pour durer toute la dur\u00e9e de vie de l&rsquo;arme \u00e0 feu, r\u00e9sistant \u00e0 la friction et \u00e0 la pression d&rsquo;une utilisation intensive en comp\u00e9tition.<\/li>\n<li><strong>Meilleur \u00e9jection du chargeur :<\/strong> En maintenant le chargeur correctement align\u00e9, il facilite \u00e9galement une \u00e9jection nette et sans frottement lorsque le bouton de largage est actionn\u00e9.<\/li>\n<\/ul>\n","protected":false},"excerpt":{"rendered":"<p>1470-00301-0401<\/p>\n","protected":false},"featured_media":25981,"template":"","meta":{"_acf_changed":false},"product_brand":[11499],"product_cat":[12143],"product_tag":[],"class_list":{"0":"post-694593","1":"product","2":"type-product","3":"status-publish","4":"has-post-thumbnail","6":"product_brand-kmr-precision","7":"product_cat-pieces-kmr","9":"first","10":"instock","11":"taxable","12":"shipping-taxable","13":"product-type-simple"},"acf":[],"_links":{"self":[{"href":"https:\/\/nbg.eu\/fr\/wp-json\/wp\/v2\/product\/694593","targetHints":{"allow":["GET"]}}],"collection":[{"href":"https:\/\/nbg.eu\/fr\/wp-json\/wp\/v2\/product"}],"about":[{"href":"https:\/\/nbg.eu\/fr\/wp-json\/wp\/v2\/types\/product"}],"wp:featuredmedia":[{"embeddable":true,"href":"https:\/\/nbg.eu\/fr\/wp-json\/wp\/v2\/media\/25981"}],"wp:attachment":[{"href":"https:\/\/nbg.eu\/fr\/wp-json\/wp\/v2\/media?parent=694593"}],"wp:term":[{"taxonomy":"product_brand","embeddable":true,"href":"https:\/\/nbg.eu\/fr\/wp-json\/wp\/v2\/product_brand?post=694593"},{"taxonomy":"product_cat","embeddable":true,"href":"https:\/\/nbg.eu\/fr\/wp-json\/wp\/v2\/product_cat?post=694593"},{"taxonomy":"product_tag","embeddable":true,"href":"https:\/\/nbg.eu\/fr\/wp-json\/wp\/v2\/product_tag?post=694593"}],"curies":[{"name":"wp","href":"https:\/\/api.w.org\/{rel}","templated":true}]}}