{"id":694631,"date":"2024-08-18T12:24:10","date_gmt":"2024-08-18T09:24:10","guid":{"rendered":"https:\/\/nbg.eu\/product\/thread-cover-kmr-m13x1l-black\/"},"modified":"2026-05-13T16:02:26","modified_gmt":"2026-05-13T13:02:26","slug":"thread-cover-kmr-m13x1l-black","status":"publish","type":"product","link":"https:\/\/nbg.eu\/fr\/produit\/thread-cover-kmr-m13x1l-black\/","title":{"rendered":"KMR Prot\u00e8ge-Filetage M13x1L Noir"},"content":{"rendered":"<h2>Couvercle de filetage KMR M13X1L Noir<\/h2>\n<p>Am\u00e9liorez les performances tactiques de vos armes avec le couvercle de filetage. Con\u00e7u pour une int\u00e9gration transparente avec le KMR L-02 UMBRA (OU) SR, ce couvercle de filetage offre une solution \u00e9l\u00e9gante et durable pour prot\u00e9ger les filetages de votre arme lorsqu&rsquo;elle n&rsquo;est pas utilis\u00e9e.<\/p>\n<p>Fabriqu\u00e9 \u00e0 partir de mat\u00e9riaux de haute qualit\u00e9, le couvercle de filetage offre une construction robuste capable de r\u00e9sister aux exigences des environnements tactiques. Sa finition noire s&rsquo;int\u00e8gre parfaitement \u00e0 votre arme, garantissant une apparence propre et professionnelle.<\/p>\n","protected":false},"excerpt":{"rendered":"<p>Capot de filetage KMR M13X1L Noir pour KMR L-02 UMBRA (OU) SR.<\/p>\n","protected":false},"featured_media":26004,"template":"","meta":{"_acf_changed":false},"product_brand":[11499],"product_cat":[12143],"product_tag":[],"class_list":{"0":"post-694631","1":"product","2":"type-product","3":"status-publish","4":"has-post-thumbnail","6":"product_brand-kmr-precision","7":"product_cat-pieces-kmr","9":"first","10":"instock","11":"taxable","12":"shipping-taxable","13":"product-type-simple"},"acf":[],"_links":{"self":[{"href":"https:\/\/nbg.eu\/fr\/wp-json\/wp\/v2\/product\/694631","targetHints":{"allow":["GET"]}}],"collection":[{"href":"https:\/\/nbg.eu\/fr\/wp-json\/wp\/v2\/product"}],"about":[{"href":"https:\/\/nbg.eu\/fr\/wp-json\/wp\/v2\/types\/product"}],"wp:featuredmedia":[{"embeddable":true,"href":"https:\/\/nbg.eu\/fr\/wp-json\/wp\/v2\/media\/26004"}],"wp:attachment":[{"href":"https:\/\/nbg.eu\/fr\/wp-json\/wp\/v2\/media?parent=694631"}],"wp:term":[{"taxonomy":"product_brand","embeddable":true,"href":"https:\/\/nbg.eu\/fr\/wp-json\/wp\/v2\/product_brand?post=694631"},{"taxonomy":"product_cat","embeddable":true,"href":"https:\/\/nbg.eu\/fr\/wp-json\/wp\/v2\/product_cat?post=694631"},{"taxonomy":"product_tag","embeddable":true,"href":"https:\/\/nbg.eu\/fr\/wp-json\/wp\/v2\/product_tag?post=694631"}],"curies":[{"name":"wp","href":"https:\/\/api.w.org\/{rel}","templated":true}]}}