{"id":694900,"date":"2024-08-18T11:20:42","date_gmt":"2024-08-18T08:20:42","guid":{"rendered":"https:\/\/nbg.eu\/product\/trigger-bar-sa-da-kmr-l\/"},"modified":"2026-05-13T16:02:50","modified_gmt":"2026-05-13T13:02:50","slug":"trigger-bar-sa-da-kmr-l","status":"publish","type":"product","link":"https:\/\/nbg.eu\/fr\/produit\/trigger-bar-sa-da-kmr-l\/","title":{"rendered":"KMR Bielle de D\u00e9tente SA\/DA L"},"content":{"rendered":"<h2>G\u00e2chette SA\/DA KMR L<\/h2>\n<p>La g\u00e2chette SA\/DA KMR L est un composant interne essentiel pour le mod\u00e8le KMR L, permettant un fonctionnement en simple action (SA) et en double action (DA). Ce composant transf\u00e8re le mouvement de la g\u00e2chette au m\u00e9canisme de tir, assurant un tir fiable et pr\u00e9cis dans les deux modes.<\/p>\n<p>Pour les armes KMR :<\/p>\n<p>KMR L-02 SPECTRA \u00c0 PARTIR DE 2024<\/p>\n<p>KMR L-02 SPECTRA JUSQU&rsquo;EN 2023<\/p>\n<p>KMR L-02 UMBRA \u00c0 PARTIR DE 2024<\/p>\n<p>KMR L-02 UMBRA JUSQU&rsquo;EN 2023<\/p>\n","protected":false},"excerpt":{"rendered":"<p>Transferts d\u00e9clenchent le mouvement dans SA\/DA pour les mod\u00e8les KMR L<\/p>\n","protected":false},"featured_media":25543,"template":"","meta":{"_acf_changed":false},"product_brand":[11499],"product_cat":[12143],"product_tag":[],"class_list":{"0":"post-694900","1":"product","2":"type-product","3":"status-publish","4":"has-post-thumbnail","6":"product_brand-kmr-precision","7":"product_cat-pieces-kmr","9":"first","10":"instock","11":"taxable","12":"shipping-taxable","13":"product-type-simple"},"acf":[],"_links":{"self":[{"href":"https:\/\/nbg.eu\/fr\/wp-json\/wp\/v2\/product\/694900","targetHints":{"allow":["GET"]}}],"collection":[{"href":"https:\/\/nbg.eu\/fr\/wp-json\/wp\/v2\/product"}],"about":[{"href":"https:\/\/nbg.eu\/fr\/wp-json\/wp\/v2\/types\/product"}],"wp:featuredmedia":[{"embeddable":true,"href":"https:\/\/nbg.eu\/fr\/wp-json\/wp\/v2\/media\/25543"}],"wp:attachment":[{"href":"https:\/\/nbg.eu\/fr\/wp-json\/wp\/v2\/media?parent=694900"}],"wp:term":[{"taxonomy":"product_brand","embeddable":true,"href":"https:\/\/nbg.eu\/fr\/wp-json\/wp\/v2\/product_brand?post=694900"},{"taxonomy":"product_cat","embeddable":true,"href":"https:\/\/nbg.eu\/fr\/wp-json\/wp\/v2\/product_cat?post=694900"},{"taxonomy":"product_tag","embeddable":true,"href":"https:\/\/nbg.eu\/fr\/wp-json\/wp\/v2\/product_tag?post=694900"}],"curies":[{"name":"wp","href":"https:\/\/api.w.org\/{rel}","templated":true}]}}