{"id":695160,"date":"2025-05-09T13:01:08","date_gmt":"2025-05-09T10:01:08","guid":{"rendered":"https:\/\/nbg.eu\/product\/trigger-kmr-sa-da-straight-black-until-2023\/"},"modified":"2026-05-13T15:09:42","modified_gmt":"2026-05-13T12:09:42","slug":"trigger-kmr-sa-da-straight-black-until-2023","status":"publish","type":"product","link":"https:\/\/nbg.eu\/fr\/produit\/trigger-kmr-sa-da-straight-black-until-2023\/","title":{"rendered":"KMR D\u00e9tente SA\/DA Droit Noir (jusqu&rsquo;\u00e0 2023)"},"content":{"rendered":"<div class=\"product-description\">\n<h2>TRIGGER KMR SA\/DA STRAIGHT BLACK (jusqu&rsquo;en 2023)<\/h2>\n<p>Am\u00e9liorez votre arme \u00e0 feu KMR avec ce d\u00e9clencheur de pr\u00e9cision. Compatible avec les mod\u00e8les KMR L-02 SPECTRA et KMR W-02 UMBRA (jusqu&rsquo;en 2023). Pr\u00e9sente un design droit \u00e9l\u00e9gant en noir, offrant un meilleur contr\u00f4le et une meilleure pr\u00e9cision. Fonctionnalit\u00e9 simple action\/double action pour des exp\u00e9riences de tir polyvalentes.<\/p>\n<p><strong>R\u00e9f\u00e9rence :<\/strong> 0861-01505-0401<\/p>\n<\/div>\n","protected":false},"excerpt":{"rendered":"<p>G\u00e2chette de pr\u00e9cision SA\/DA pour les mod\u00e8les KMR. Finition noire. Avant 2023.<\/p>\n","protected":false},"featured_media":355412,"template":"","meta":{"_acf_changed":false},"product_brand":[11499],"product_cat":[12143],"product_tag":[],"class_list":{"0":"post-695160","1":"product","2":"type-product","3":"status-publish","4":"has-post-thumbnail","6":"product_brand-kmr-precision","7":"product_cat-pieces-kmr","9":"first","10":"instock","11":"taxable","12":"shipping-taxable","13":"purchasable","14":"product-type-simple"},"acf":[],"_links":{"self":[{"href":"https:\/\/nbg.eu\/fr\/wp-json\/wp\/v2\/product\/695160","targetHints":{"allow":["GET"]}}],"collection":[{"href":"https:\/\/nbg.eu\/fr\/wp-json\/wp\/v2\/product"}],"about":[{"href":"https:\/\/nbg.eu\/fr\/wp-json\/wp\/v2\/types\/product"}],"wp:featuredmedia":[{"embeddable":true,"href":"https:\/\/nbg.eu\/fr\/wp-json\/wp\/v2\/media\/355412"}],"wp:attachment":[{"href":"https:\/\/nbg.eu\/fr\/wp-json\/wp\/v2\/media?parent=695160"}],"wp:term":[{"taxonomy":"product_brand","embeddable":true,"href":"https:\/\/nbg.eu\/fr\/wp-json\/wp\/v2\/product_brand?post=695160"},{"taxonomy":"product_cat","embeddable":true,"href":"https:\/\/nbg.eu\/fr\/wp-json\/wp\/v2\/product_cat?post=695160"},{"taxonomy":"product_tag","embeddable":true,"href":"https:\/\/nbg.eu\/fr\/wp-json\/wp\/v2\/product_tag?post=695160"}],"curies":[{"name":"wp","href":"https:\/\/api.w.org\/{rel}","templated":true}]}}