{"id":695184,"date":"2024-08-16T23:16:32","date_gmt":"2024-08-16T20:16:32","guid":{"rendered":"https:\/\/nbg.eu\/product\/trigger-pin-kmr\/"},"modified":"2026-05-13T16:03:22","modified_gmt":"2026-05-13T13:03:22","slug":"trigger-pin-kmr","status":"publish","type":"product","link":"https:\/\/nbg.eu\/fr\/produit\/trigger-pin-kmr\/","title":{"rendered":"KMR Goupille de D\u00e9tente"},"content":{"rendered":"<h2>Goupillon de D\u00e9clenchement de Pr\u00e9cision pour Pistolets KMR<\/h2>\n<p>D\u00e9verrouillez le plein potentiel de votre pistolet KMR avec notre broche de d\u00e9clenchement haut de gamme. Fabriqu\u00e9e en acier d&rsquo;outil tremp\u00e9 et dot\u00e9e d&rsquo;une finition de surface extr\u00eamement lisse, ce composant fournit l&rsquo;axe de pivot stable et \u00e0 faible frottement n\u00e9cessaire pour que votre d\u00e9clencheur tourne sans \u00e0-coups. Contrairement aux pi\u00e8ces d&rsquo;origine, notre broche de d\u00e9clenchement \u00e9limine le \u00ab\u00a0jeu\u00a0\u00bb lat\u00e9ral, assurant un mouvement de d\u00e9tente constant et r\u00e9p\u00e9table et emp\u00eachant l&rsquo;usure du ch\u00e2ssis apr\u00e8s des milliers de cycles.<\/p>\n<p>Con\u00e7ue selon les tol\u00e9rances KMR les plus strictes, notre broche de d\u00e9clenchement s&rsquo;adapte parfaitement, s&rsquo;int\u00e9grant sans probl\u00e8me \u00e0 l&rsquo;assemblage du d\u00e9clencheur d&rsquo;origine de votre pistolet. Cette conception robuste et durable optimise l&rsquo;interface critique entre votre doigt et le m\u00e9canisme de tir, se traduisant par une pr\u00e9cision, une justesse et un contr\u00f4le accrus \u00e0 chaque coup.<\/p>\n<p>Que vous soyez un tireur sportif cherchant \u00e0 peaufiner votre configuration ou un utilisateur r\u00e9cr\u00e9atif souhaitant mettre \u00e0 niveau votre KMR, notre broche de d\u00e9clenchement est le lien manquant pour lib\u00e9rer le plein potentiel de votre arme \u00e0 feu. D\u00e9couvrez la diff\u00e9rence qu&rsquo;un pivot de d\u00e9tente vraiment pr\u00e9cis et sans frottement peut apporter \u00e0 vos performances et \u00e0 la fiabilit\u00e9.<\/p>\n","protected":false},"excerpt":{"rendered":"<p>Axe de pivot de pr\u00e9cision pour l&#8217;assemblage de la d\u00e9tente. Acier \u00e0 outil tremp\u00e9 rectifi\u00e9 avec une finition de surface ultra-lisse et un diam\u00e8tre ajust\u00e9 exactement aux tol\u00e9rances d&#8217;usine de KMR. Fournit l&#8217;axe stable et \u00e0 faible frottement n\u00e9cessaire pour que la d\u00e9tente pivote en douceur; la construction haute r\u00e9sistance \u00e9limine le &#8220;ballottement&#8221; lat\u00e9ral, assurant un fonctionnement de la d\u00e9tente constant et r\u00e9p\u00e9table et emp\u00eachant l&#8217;usure du cadre apr\u00e8s des milliers de cycles.<\/p>\n","protected":false},"featured_media":23731,"template":"","meta":{"_acf_changed":false},"product_brand":[11499],"product_cat":[12143],"product_tag":[],"class_list":{"0":"post-695184","1":"product","2":"type-product","3":"status-publish","4":"has-post-thumbnail","6":"product_brand-kmr-precision","7":"product_cat-pieces-kmr","9":"first","10":"instock","11":"taxable","12":"shipping-taxable","13":"product-type-simple"},"acf":[],"_links":{"self":[{"href":"https:\/\/nbg.eu\/fr\/wp-json\/wp\/v2\/product\/695184","targetHints":{"allow":["GET"]}}],"collection":[{"href":"https:\/\/nbg.eu\/fr\/wp-json\/wp\/v2\/product"}],"about":[{"href":"https:\/\/nbg.eu\/fr\/wp-json\/wp\/v2\/types\/product"}],"wp:featuredmedia":[{"embeddable":true,"href":"https:\/\/nbg.eu\/fr\/wp-json\/wp\/v2\/media\/23731"}],"wp:attachment":[{"href":"https:\/\/nbg.eu\/fr\/wp-json\/wp\/v2\/media?parent=695184"}],"wp:term":[{"taxonomy":"product_brand","embeddable":true,"href":"https:\/\/nbg.eu\/fr\/wp-json\/wp\/v2\/product_brand?post=695184"},{"taxonomy":"product_cat","embeddable":true,"href":"https:\/\/nbg.eu\/fr\/wp-json\/wp\/v2\/product_cat?post=695184"},{"taxonomy":"product_tag","embeddable":true,"href":"https:\/\/nbg.eu\/fr\/wp-json\/wp\/v2\/product_tag?post=695184"}],"curies":[{"name":"wp","href":"https:\/\/api.w.org\/{rel}","templated":true}]}}