{"id":695236,"date":"2024-09-18T13:32:40","date_gmt":"2024-09-18T10:32:40","guid":{"rendered":"https:\/\/nbg.eu\/product\/trigger-spring-sa-kmr\/"},"modified":"2026-05-13T16:03:09","modified_gmt":"2026-05-13T13:03:09","slug":"trigger-spring-sa-kmr","status":"publish","type":"product","link":"https:\/\/nbg.eu\/fr\/produit\/trigger-spring-sa-kmr\/","title":{"rendered":"KMR Ressort de D\u00e9tente SA"},"content":{"rendered":"<h2>Mise \u00e0 niveau haute performance pour les armes KMR<\/h2>\n<p>Am\u00e9liorez les performances de vos armes KMR avec le ressort de d\u00e9tente, une pi\u00e8ce de rechange con\u00e7ue avec pr\u00e9cision pour une compatibilit\u00e9 transparente. Fabriqu\u00e9 \u00e0 partir de mat\u00e9riaux haut de gamme, ce ressort de d\u00e9tente offre une d\u00e9tente lisse et constante pour une pr\u00e9cision et un contr\u00f4le de tir am\u00e9lior\u00e9s.<\/p>\n<p>Con\u00e7u avec une attention m\u00e9ticuleuse aux d\u00e9tails, le ressort de d\u00e9tente pr\u00e9sente une tension de ressort soigneusement calibr\u00e9e qui garantit une r\u00e9ponse de d\u00e9tente nette et pr\u00e9visible. Cette mise \u00e0 niveau favorise un meilleur contr\u00f4le de la d\u00e9tente, permettant un placement de tir plus pr\u00e9cis et une acquisition de cible plus rapide.<\/p>\n<p>Construit \u00e0 partir de mat\u00e9riaux durables et de haute qualit\u00e9, le ressort de d\u00e9tente est con\u00e7u pour r\u00e9sister aux rigueurs d&rsquo;une utilisation fr\u00e9quente. Sa conception robuste et ses performances fiables en font une mise \u00e0 niveau essentielle pour quiconque cherche \u00e0 am\u00e9liorer les capacit\u00e9s de ses armes KMR.<\/p>\n<p>Que vous soyez tireur sportif, op\u00e9rateur tactique ou amateur de loisirs, le ressort de d\u00e9tente est le choix id\u00e9al pour am\u00e9liorer les performances de vos armes \u00e0 feu KMR. D\u00e9couvrez la diff\u00e9rence qu&rsquo;un ressort de d\u00e9tente de haute qualit\u00e9 peut faire et faites passer votre tir \u00e0 un niveau sup\u00e9rieur.<\/p>\n","protected":false},"excerpt":{"rendered":"<p>Ressort de d\u00e9clenchement de remplacement pour les mod\u00e8les d&rsquo;armes KMR L-02 EMIQ et ORCA (jusqu&rsquo;en 2023).<\/p>\n","protected":false},"featured_media":24591,"template":"","meta":{"_acf_changed":false},"product_brand":[11499],"product_cat":[12143,12161,15017],"product_tag":[],"class_list":{"0":"post-695236","1":"product","2":"type-product","3":"status-publish","4":"has-post-thumbnail","6":"product_brand-kmr-precision","7":"product_cat-pieces-kmr","8":"product_cat-ressorts","9":"product_cat-trigger-springs-fr","11":"first","12":"instock","13":"taxable","14":"shipping-taxable","15":"product-type-simple"},"acf":[],"_links":{"self":[{"href":"https:\/\/nbg.eu\/fr\/wp-json\/wp\/v2\/product\/695236","targetHints":{"allow":["GET"]}}],"collection":[{"href":"https:\/\/nbg.eu\/fr\/wp-json\/wp\/v2\/product"}],"about":[{"href":"https:\/\/nbg.eu\/fr\/wp-json\/wp\/v2\/types\/product"}],"wp:featuredmedia":[{"embeddable":true,"href":"https:\/\/nbg.eu\/fr\/wp-json\/wp\/v2\/media\/24591"}],"wp:attachment":[{"href":"https:\/\/nbg.eu\/fr\/wp-json\/wp\/v2\/media?parent=695236"}],"wp:term":[{"taxonomy":"product_brand","embeddable":true,"href":"https:\/\/nbg.eu\/fr\/wp-json\/wp\/v2\/product_brand?post=695236"},{"taxonomy":"product_cat","embeddable":true,"href":"https:\/\/nbg.eu\/fr\/wp-json\/wp\/v2\/product_cat?post=695236"},{"taxonomy":"product_tag","embeddable":true,"href":"https:\/\/nbg.eu\/fr\/wp-json\/wp\/v2\/product_tag?post=695236"}],"curies":[{"name":"wp","href":"https:\/\/api.w.org\/{rel}","templated":true}]}}