{"id":695262,"date":"2024-08-16T23:17:42","date_gmt":"2024-08-16T20:17:42","guid":{"rendered":"https:\/\/nbg.eu\/product\/trigger-pin-kmr-s-02\/"},"modified":"2026-04-16T17:06:50","modified_gmt":"2026-04-16T14:06:50","slug":"trigger-pin-kmr-s-02","status":"publish","type":"product","link":"https:\/\/nbg.eu\/fr\/produit\/trigger-pin-kmr-s-02\/","title":{"rendered":"KMR Goupille de D\u00e9tente S-02"},"content":{"rendered":"<h2>Goupillon de d\u00e9tente pour KMR S-02 : pivot de pr\u00e9cision pour des performances optimales de la d\u00e9tente<\/h2>\n<p>Le goupillon de d\u00e9tente pour le KMR S-02 est un composant con\u00e7u avec pr\u00e9cision pour fournir l&rsquo;axe m\u00e9canique essentiel \u00e0 l&rsquo;assemblage de la d\u00e9tente. Fabriqu\u00e9 en acier \u00e0 outils tremp\u00e9, ce pivot sp\u00e9cialis\u00e9 assure un ajustement sans jeu dans les dimensions du cadre S-02, ce qui se traduit par un mouvement de d\u00e9tente plus stable et une rupture plus nette et pr\u00e9visible.<\/p>\n<p>Dot\u00e9 d&rsquo;une surface \u00e0 tr\u00e8s faible frottement et d&rsquo;une haute r\u00e9sistance au cisaillement, le goupillon de d\u00e9tente prot\u00e8ge le cadre S-02 contre l&rsquo;usure interne lors d&rsquo;une utilisation intensive, maintenant ainsi l&rsquo;int\u00e9grit\u00e9 du m\u00e9canisme de d\u00e9tente pour des performances fiables dans le temps. Ce niveau de pr\u00e9cision et d&rsquo;attention aux d\u00e9tails est essentiel pour les tireurs qui exigent le meilleur en termes de r\u00e9activit\u00e9 et de coh\u00e9rence de la d\u00e9tente.<\/p>\n<p>Que vous soyez un tireur sportif, un op\u00e9rateur tactique ou un passionn\u00e9, le goupillon de d\u00e9tente pour le KMR S-02 offre une solution sur mesure pour am\u00e9liorer l&rsquo;exp\u00e9rience de tir globale de votre arme \u00e0 feu. Am\u00e9liorez votre pr\u00e9cision de tir et votre confiance avec ce composant m\u00e9ticuleusement con\u00e7u, destin\u00e9 \u00e0 s&rsquo;int\u00e9grer parfaitement au ch\u00e2ssis S-02 et \u00e0 vous offrir les performances que vous m\u00e9ritez.<\/p>\n","protected":false},"excerpt":{"rendered":"<p>Axe de pivot de pr\u00e9cision pour ch\u00e2ssis KMR S-02, acier tremp\u00e9, frottement ultra-faible.<\/p>\n","protected":false},"featured_media":23754,"template":"","meta":{"_acf_changed":false},"product_brand":[11499],"product_cat":[12143],"product_tag":[],"class_list":{"0":"post-695262","1":"product","2":"type-product","3":"status-publish","4":"has-post-thumbnail","6":"product_brand-kmr-precision","7":"product_cat-pieces-kmr","9":"first","10":"instock","11":"taxable","12":"shipping-taxable","13":"product-type-simple"},"acf":[],"_links":{"self":[{"href":"https:\/\/nbg.eu\/fr\/wp-json\/wp\/v2\/product\/695262","targetHints":{"allow":["GET"]}}],"collection":[{"href":"https:\/\/nbg.eu\/fr\/wp-json\/wp\/v2\/product"}],"about":[{"href":"https:\/\/nbg.eu\/fr\/wp-json\/wp\/v2\/types\/product"}],"wp:featuredmedia":[{"embeddable":true,"href":"https:\/\/nbg.eu\/fr\/wp-json\/wp\/v2\/media\/23754"}],"wp:attachment":[{"href":"https:\/\/nbg.eu\/fr\/wp-json\/wp\/v2\/media?parent=695262"}],"wp:term":[{"taxonomy":"product_brand","embeddable":true,"href":"https:\/\/nbg.eu\/fr\/wp-json\/wp\/v2\/product_brand?post=695262"},{"taxonomy":"product_cat","embeddable":true,"href":"https:\/\/nbg.eu\/fr\/wp-json\/wp\/v2\/product_cat?post=695262"},{"taxonomy":"product_tag","embeddable":true,"href":"https:\/\/nbg.eu\/fr\/wp-json\/wp\/v2\/product_tag?post=695262"}],"curies":[{"name":"wp","href":"https:\/\/api.w.org\/{rel}","templated":true}]}}