{"id":695297,"date":"2024-09-18T20:47:10","date_gmt":"2024-09-18T17:47:10","guid":{"rendered":"https:\/\/nbg.eu\/product\/weaver-r-n-for-benelli-argo\/"},"modified":"2026-05-13T16:03:02","modified_gmt":"2026-05-13T13:03:02","slug":"weaver-r-n-for-benelli-argo","status":"publish","type":"product","link":"https:\/\/nbg.eu\/fr\/produit\/weaver-r-n-for-benelli-argo\/","title":{"rendered":"Weaver R\/N for Benelli ARGO"},"content":{"rendered":"<h2>Weaver Rail pour Benelli ARGO (R\/N) : Montage d&rsquo;optique robuste pour votre Benelli ARGO<\/h2>\n<p>Am\u00e9liorez les performances de votre Benelli ARGO avec le Weaver Rail pour Benelli ARGO (R\/N). Usin\u00e9 en acier haute r\u00e9sistance et dot\u00e9 d&rsquo;un standard Weaver\/Picatinny, ce rail est con\u00e7u pour fournir une base solide et \u00e0 l&rsquo;\u00e9preuve des reculs pour monter des lunettes de vis\u00e9e, des points rouges et d&rsquo;autres optiques.<\/p>\n<p>Le rayon \u00ab\u00a0R\/N\u00a0\u00bb (arrondi\/n\u00e9gatif) du rail correspond parfaitement \u00e0 la courbure du r\u00e9cepteur de la Benelli ARGO, assurant un ajustement parfait sur toute la surface. Cette conception minutieuse emp\u00eache le rail de se d\u00e9placer ou de se desserrer, m\u00eame lors du cycle de tir rapide de calibres magnums.<\/p>\n<p>Avec une finition noire mate, le Weaver Rail pour Benelli ARGO (R\/N) s&rsquo;int\u00e8gre parfaitement \u00e0 l&rsquo;esth\u00e9tique de votre fusil, tout en offrant la stabilit\u00e9 et la fiabilit\u00e9 dont vous avez besoin pour un tir de pr\u00e9cision \u00e0 longue port\u00e9e. Am\u00e9liorez les performances de votre Benelli ARGO et portez votre exp\u00e9rience de tir \u00e0 de nouveaux sommets avec ce rail Weaver de haute qualit\u00e9.<\/p>\n","protected":false},"excerpt":{"rendered":"<p>Rampe de type Weaver pour le Benelli ARGO (R\/N) offrant un montage d&rsquo;optique \u00e0 haute stabilit\u00e9 pour votre carabine semi-automatique.<\/p>\n","protected":false},"featured_media":64705,"template":"","meta":{"_acf_changed":false},"product_brand":[],"product_cat":[14901,12144],"product_tag":[],"class_list":{"0":"post-695297","1":"product","2":"type-product","3":"status-publish","4":"has-post-thumbnail","6":"product_cat-mounts-fr","7":"product_cat-visee","9":"first","10":"outofstock","11":"taxable","12":"shipping-taxable","13":"purchasable","14":"product-type-simple"},"acf":[],"_links":{"self":[{"href":"https:\/\/nbg.eu\/fr\/wp-json\/wp\/v2\/product\/695297","targetHints":{"allow":["GET"]}}],"collection":[{"href":"https:\/\/nbg.eu\/fr\/wp-json\/wp\/v2\/product"}],"about":[{"href":"https:\/\/nbg.eu\/fr\/wp-json\/wp\/v2\/types\/product"}],"wp:featuredmedia":[{"embeddable":true,"href":"https:\/\/nbg.eu\/fr\/wp-json\/wp\/v2\/media\/64705"}],"wp:attachment":[{"href":"https:\/\/nbg.eu\/fr\/wp-json\/wp\/v2\/media?parent=695297"}],"wp:term":[{"taxonomy":"product_brand","embeddable":true,"href":"https:\/\/nbg.eu\/fr\/wp-json\/wp\/v2\/product_brand?post=695297"},{"taxonomy":"product_cat","embeddable":true,"href":"https:\/\/nbg.eu\/fr\/wp-json\/wp\/v2\/product_cat?post=695297"},{"taxonomy":"product_tag","embeddable":true,"href":"https:\/\/nbg.eu\/fr\/wp-json\/wp\/v2\/product_tag?post=695297"}],"curies":[{"name":"wp","href":"https:\/\/api.w.org\/{rel}","templated":true}]}}